{"id":382,"date":"2024-07-01T17:57:28","date_gmt":"2024-07-01T14:57:28","guid":{"rendered":"https:\/\/spotesya.com\/ikinciel\/?page_id=382"},"modified":"2024-07-24T10:25:22","modified_gmt":"2024-07-24T07:25:22","slug":"iletisim","status":"publish","type":"page","link":"https:\/\/spotesya.com\/ikinciel\/iletisim\/","title":{"rendered":"ileti\u015fim"},"content":{"rendered":"<p><img loading=\"lazy\" decoding=\"async\" class=\"aligncenter size-full wp-image-383\" src=\"https:\/\/spotesya.com\/ikinciel\/wp-content\/uploads\/2024\/07\/iletisim1.jpg\" alt=\"\" width=\"800\" height=\"500\" title=\"\" srcset=\"https:\/\/spotesya.com\/ikinciel\/wp-content\/uploads\/2024\/07\/iletisim1.jpg 800w, https:\/\/spotesya.com\/ikinciel\/wp-content\/uploads\/2024\/07\/iletisim1-300x188.jpg 300w, https:\/\/spotesya.com\/ikinciel\/wp-content\/uploads\/2024\/07\/iletisim1-768x480.jpg 768w, https:\/\/spotesya.com\/ikinciel\/wp-content\/uploads\/2024\/07\/iletisim1-600x375.jpg 600w\" sizes=\"auto, (max-width: 800px) 100vw, 800px\" \/><\/p>\n<div class=\"woocommerce columns-4 \"><ul class=\"products columns-4\">\n<li class=\"product type-product post-437 status-publish first instock product_cat-ikinci-el-beyaz-esya product_tag-ikinci-el-buzdolabi has-post-thumbnail sale shipping-taxable purchasable product-type-simple\">\n\t<a href=\"https:\/\/spotesya.com\/ikinciel\/urun\/12-voltla-calisan-buzdolabi-ikinci-el-kompresorlu-arac-buzdolabi\/\" class=\"woocommerce-LoopProduct-link woocommerce-loop-product__link\">\n\t<span class=\"onsale\">\u0130ndirim!<\/span>\n\t<img loading=\"lazy\" decoding=\"async\" width=\"300\" height=\"300\" src=\"https:\/\/spotesya.com\/ikinciel\/wp-content\/uploads\/2024\/07\/ikinci-el-kompresorlu-arac-buzdolabi-1-300x300.png\" class=\"attachment-woocommerce_thumbnail size-woocommerce_thumbnail\" alt=\"12 voltla \u00e7al\u0131\u015fan buzdolab\u0131 ikinci el kompres\u00f6rl\u00fc ara\u00e7 buzdolab\u0131\" srcset=\"https:\/\/spotesya.com\/ikinciel\/wp-content\/uploads\/2024\/07\/ikinci-el-kompresorlu-arac-buzdolabi-1-300x300.png 300w, https:\/\/spotesya.com\/ikinciel\/wp-content\/uploads\/2024\/07\/ikinci-el-kompresorlu-arac-buzdolabi-1-150x150.png 150w, https:\/\/spotesya.com\/ikinciel\/wp-content\/uploads\/2024\/07\/ikinci-el-kompresorlu-arac-buzdolabi-1-100x100.png 100w\" sizes=\"auto, (max-width: 300px) 100vw, 300px\" title=\"\"><h2 class=\"woocommerce-loop-product__title\">12 voltla \u00e7al\u0131\u015fan buzdolab\u0131 ikinci el kompres\u00f6rl\u00fc ara\u00e7 buzdolab\u0131<\/h2>\n\t<span class=\"price\"><del aria-hidden=\"true\"><span class=\"woocommerce-Price-amount amount\"><bdi><span class=\"woocommerce-Price-currencySymbol\">&#8378;<\/span>2,500.00<\/bdi><\/span><\/del> <span class=\"screen-reader-text\">Orijinal fiyat: &#8378;2,500.00.<\/span><ins aria-hidden=\"true\"><span class=\"woocommerce-Price-amount amount\"><bdi><span class=\"woocommerce-Price-currencySymbol\">&#8378;<\/span>2,400.00<\/bdi><\/span><\/ins><span class=\"screen-reader-text\">\u015eu andaki fiyat: &#8378;2,400.00.<\/span><\/span>\n<div class=\"archive-product-categories text-center\"><a href=\"https:\/\/spotesya.com\/ikinciel\/urun-kategori\/ikinci-el-beyaz-esya\/\" rel=\"tag\">ikinci el beyaz e\u015fya<\/a><\/div><\/a><a href=\"\/ikinciel\/wp-json\/wp\/v2\/pages\/382?add-to-cart=437\" aria-describedby=\"woocommerce_loop_add_to_cart_link_describedby_437\" data-quantity=\"1\" class=\"button product_type_simple add_to_cart_button ajax_add_to_cart\" data-product_id=\"437\" data-product_sku=\"\" aria-label=\"Sepete ekle: \u201c12 voltla \u00e7al\u0131\u015fan buzdolab\u0131 ikinci el kompres\u00f6rl\u00fc ara\u00e7 buzdolab\u0131\u201d\" rel=\"nofollow\" data-success_message=\"&quot;12 voltla \u00e7al\u0131\u015fan buzdolab\u0131 ikinci el kompres\u00f6rl\u00fc ara\u00e7 buzdolab\u0131&quot; sepetinize eklendi\" role=\"button\">Sepete Ekle<\/a>\t<span id=\"woocommerce_loop_add_to_cart_link_describedby_437\" class=\"screen-reader-text\">\n\t\t\t<\/span>\n<\/li>\n<li class=\"product type-product post-616 status-publish instock product_cat-ikinci-el-is-makineleri has-post-thumbnail sale shipping-taxable purchasable product-type-simple\">\n\t<a href=\"https:\/\/spotesya.com\/ikinciel\/urun\/2-el-makita-18-volt-akulu-sarjli-somun-sikma-taslama-seti\/\" class=\"woocommerce-LoopProduct-link woocommerce-loop-product__link\">\n\t<span class=\"onsale\">\u0130ndirim!<\/span>\n\t<img loading=\"lazy\" decoding=\"async\" width=\"300\" height=\"300\" src=\"https:\/\/spotesya.com\/ikinciel\/wp-content\/uploads\/2025\/12\/2.-EL-MAKITA-18-VOLT-AKULU-SARJLI-SOMUN-SIKMA-TASLAMA-SETI-2-300x300.png\" class=\"attachment-woocommerce_thumbnail size-woocommerce_thumbnail\" alt=\"2. EL MAK\u0130TA 18 VOLT AK\u00dcL\u00dc \u015eARJLI SOMUN SIKMA TA\u015eLAMA SET\u0130\" srcset=\"https:\/\/spotesya.com\/ikinciel\/wp-content\/uploads\/2025\/12\/2.-EL-MAKITA-18-VOLT-AKULU-SARJLI-SOMUN-SIKMA-TASLAMA-SETI-2-300x300.png 300w, https:\/\/spotesya.com\/ikinciel\/wp-content\/uploads\/2025\/12\/2.-EL-MAKITA-18-VOLT-AKULU-SARJLI-SOMUN-SIKMA-TASLAMA-SETI-2-150x150.png 150w, https:\/\/spotesya.com\/ikinciel\/wp-content\/uploads\/2025\/12\/2.-EL-MAKITA-18-VOLT-AKULU-SARJLI-SOMUN-SIKMA-TASLAMA-SETI-2-100x100.png 100w\" sizes=\"auto, (max-width: 300px) 100vw, 300px\" title=\"\"><h2 class=\"woocommerce-loop-product__title\">2. EL MAK\u0130TA 18 VOLT AK\u00dcL\u00dc \u015eARJLI SOMUN SIKMA TA\u015eLAMA SET\u0130<\/h2>\n\t<span class=\"price\"><del aria-hidden=\"true\"><span class=\"woocommerce-Price-amount amount\"><bdi><span class=\"woocommerce-Price-currencySymbol\">&#8378;<\/span>25,000.00<\/bdi><\/span><\/del> <span class=\"screen-reader-text\">Orijinal fiyat: &#8378;25,000.00.<\/span><ins aria-hidden=\"true\"><span class=\"woocommerce-Price-amount amount\"><bdi><span class=\"woocommerce-Price-currencySymbol\">&#8378;<\/span>24,000.00<\/bdi><\/span><\/ins><span class=\"screen-reader-text\">\u015eu andaki fiyat: &#8378;24,000.00.<\/span><\/span>\n<div class=\"archive-product-categories text-center\"><a href=\"https:\/\/spotesya.com\/ikinciel\/urun-kategori\/ikinci-el-is-makineleri\/\" rel=\"tag\">ikinci el i\u015f makineleri<\/a><\/div><\/a><a href=\"\/ikinciel\/wp-json\/wp\/v2\/pages\/382?add-to-cart=616\" aria-describedby=\"woocommerce_loop_add_to_cart_link_describedby_616\" data-quantity=\"1\" class=\"button product_type_simple add_to_cart_button ajax_add_to_cart\" data-product_id=\"616\" data-product_sku=\"\" aria-label=\"Sepete ekle: \u201c2. EL MAK\u0130TA 18 VOLT AK\u00dcL\u00dc \u015eARJLI SOMUN SIKMA TA\u015eLAMA SET\u0130\u201d\" rel=\"nofollow\" data-success_message=\"&quot;2. EL MAK\u0130TA 18 VOLT AK\u00dcL\u00dc \u015eARJLI SOMUN SIKMA TA\u015eLAMA SET\u0130&quot; sepetinize eklendi\" role=\"button\">Sepete Ekle<\/a>\t<span id=\"woocommerce_loop_add_to_cart_link_describedby_616\" class=\"screen-reader-text\">\n\t\t\t<\/span>\n<\/li>\n<li class=\"product type-product post-530 status-publish instock product_cat-ikinci-el-esya product_cat-ikinci-el-is-makineleri has-post-thumbnail sale shipping-taxable purchasable product-type-simple\">\n\t<a href=\"https:\/\/spotesya.com\/ikinciel\/urun\/2-kalite-kosebent-temiz-demir-kosebent-lama-silme\/\" class=\"woocommerce-LoopProduct-link woocommerce-loop-product__link\">\n\t<span class=\"onsale\">\u0130ndirim!<\/span>\n\t<img loading=\"lazy\" decoding=\"async\" width=\"300\" height=\"300\" src=\"https:\/\/spotesya.com\/ikinciel\/wp-content\/uploads\/2024\/08\/2.-kalite-kosebent-1-300x300.png\" class=\"attachment-woocommerce_thumbnail size-woocommerce_thumbnail\" alt=\"2. kalite k\u00f6\u015febent temiz demir k\u00f6\u015febent lama silme\" srcset=\"https:\/\/spotesya.com\/ikinciel\/wp-content\/uploads\/2024\/08\/2.-kalite-kosebent-1-300x300.png 300w, https:\/\/spotesya.com\/ikinciel\/wp-content\/uploads\/2024\/08\/2.-kalite-kosebent-1-150x150.png 150w, https:\/\/spotesya.com\/ikinciel\/wp-content\/uploads\/2024\/08\/2.-kalite-kosebent-1-100x100.png 100w\" sizes=\"auto, (max-width: 300px) 100vw, 300px\" title=\"\"><h2 class=\"woocommerce-loop-product__title\">2. kalite k\u00f6\u015febent temiz demir k\u00f6\u015febent lama silme<\/h2>\n\t<span class=\"price\"><del aria-hidden=\"true\"><span class=\"woocommerce-Price-amount amount\"><bdi><span class=\"woocommerce-Price-currencySymbol\">&#8378;<\/span>750.00<\/bdi><\/span><\/del> <span class=\"screen-reader-text\">Orijinal fiyat: &#8378;750.00.<\/span><ins aria-hidden=\"true\"><span class=\"woocommerce-Price-amount amount\"><bdi><span class=\"woocommerce-Price-currencySymbol\">&#8378;<\/span>500.00<\/bdi><\/span><\/ins><span class=\"screen-reader-text\">\u015eu andaki fiyat: &#8378;500.00.<\/span><\/span>\n<div class=\"archive-product-categories text-center\"><a href=\"https:\/\/spotesya.com\/ikinciel\/urun-kategori\/ikinci-el-esya\/\" rel=\"tag\">ikinci el e\u015fya<\/a>,<a href=\"https:\/\/spotesya.com\/ikinciel\/urun-kategori\/ikinci-el-is-makineleri\/\" rel=\"tag\">ikinci el i\u015f makineleri<\/a><\/div><\/a><a href=\"\/ikinciel\/wp-json\/wp\/v2\/pages\/382?add-to-cart=530\" aria-describedby=\"woocommerce_loop_add_to_cart_link_describedby_530\" data-quantity=\"1\" class=\"button product_type_simple add_to_cart_button ajax_add_to_cart\" data-product_id=\"530\" data-product_sku=\"\" aria-label=\"Sepete ekle: \u201c2. kalite k\u00f6\u015febent temiz demir k\u00f6\u015febent lama silme\u201d\" rel=\"nofollow\" data-success_message=\"&quot;2. kalite k\u00f6\u015febent temiz demir k\u00f6\u015febent lama silme&quot; sepetinize eklendi\" role=\"button\">Sepete Ekle<\/a>\t<span id=\"woocommerce_loop_add_to_cart_link_describedby_530\" class=\"screen-reader-text\">\n\t\t\t<\/span>\n<\/li>\n<li class=\"product type-product post-480 status-publish last instock product_cat-ikinci-el-is-makineleri has-post-thumbnail sale shipping-taxable purchasable product-type-simple\">\n\t<a href=\"https:\/\/spotesya.com\/ikinciel\/urun\/2-el-insaat-yuk-asansoru-halatli-yuk-asansoru-hidrolik-yuk-asansoru\/\" class=\"woocommerce-LoopProduct-link woocommerce-loop-product__link\">\n\t<span class=\"onsale\">\u0130ndirim!<\/span>\n\t<img loading=\"lazy\" decoding=\"async\" width=\"300\" height=\"300\" src=\"https:\/\/spotesya.com\/ikinciel\/wp-content\/uploads\/2024\/07\/2.el-insaat-yuk-asansoru-2-300x300.png\" class=\"attachment-woocommerce_thumbnail size-woocommerce_thumbnail\" alt=\"2.el in\u015faat y\u00fck asans\u00f6r\u00fc Halatl\u0131 Y\u00fck Asans\u00f6r\u00fc, Hidrolik Y\u00fck Asans\u00f6r\u00fc\" srcset=\"https:\/\/spotesya.com\/ikinciel\/wp-content\/uploads\/2024\/07\/2.el-insaat-yuk-asansoru-2-300x300.png 300w, https:\/\/spotesya.com\/ikinciel\/wp-content\/uploads\/2024\/07\/2.el-insaat-yuk-asansoru-2-150x150.png 150w, https:\/\/spotesya.com\/ikinciel\/wp-content\/uploads\/2024\/07\/2.el-insaat-yuk-asansoru-2-100x100.png 100w\" sizes=\"auto, (max-width: 300px) 100vw, 300px\" title=\"\"><h2 class=\"woocommerce-loop-product__title\">2.el in\u015faat y\u00fck asans\u00f6r\u00fc Halatl\u0131 Y\u00fck Asans\u00f6r\u00fc, Hidrolik Y\u00fck Asans\u00f6r\u00fc<\/h2>\n\t<span class=\"price\"><del aria-hidden=\"true\"><span class=\"woocommerce-Price-amount amount\"><bdi><span class=\"woocommerce-Price-currencySymbol\">&#8378;<\/span>25,000.00<\/bdi><\/span><\/del> <span class=\"screen-reader-text\">Orijinal fiyat: &#8378;25,000.00.<\/span><ins aria-hidden=\"true\"><span class=\"woocommerce-Price-amount amount\"><bdi><span class=\"woocommerce-Price-currencySymbol\">&#8378;<\/span>22,000.00<\/bdi><\/span><\/ins><span class=\"screen-reader-text\">\u015eu andaki fiyat: &#8378;22,000.00.<\/span><\/span>\n<div class=\"archive-product-categories text-center\"><a href=\"https:\/\/spotesya.com\/ikinciel\/urun-kategori\/ikinci-el-is-makineleri\/\" rel=\"tag\">ikinci el i\u015f makineleri<\/a><\/div><\/a><a href=\"\/ikinciel\/wp-json\/wp\/v2\/pages\/382?add-to-cart=480\" aria-describedby=\"woocommerce_loop_add_to_cart_link_describedby_480\" data-quantity=\"1\" class=\"button product_type_simple add_to_cart_button ajax_add_to_cart\" data-product_id=\"480\" data-product_sku=\"\" aria-label=\"Sepete ekle: \u201c2.el in\u015faat y\u00fck asans\u00f6r\u00fc Halatl\u0131 Y\u00fck Asans\u00f6r\u00fc, Hidrolik Y\u00fck Asans\u00f6r\u00fc\u201d\" rel=\"nofollow\" data-success_message=\"&quot;2.el in\u015faat y\u00fck asans\u00f6r\u00fc Halatl\u0131 Y\u00fck Asans\u00f6r\u00fc, Hidrolik Y\u00fck Asans\u00f6r\u00fc&quot; sepetinize eklendi\" role=\"button\">Sepete Ekle<\/a>\t<span id=\"woocommerce_loop_add_to_cart_link_describedby_480\" class=\"screen-reader-text\">\n\t\t\t<\/span>\n<\/li>\n<li class=\"product type-product post-475 status-publish first instock product_cat-ikinci-el-mobilya product_tag-ikinci-el-ranza has-post-thumbnail sale shipping-taxable purchasable product-type-simple\">\n\t<a href=\"https:\/\/spotesya.com\/ikinciel\/urun\/2-el-vitval-ranza-beyaz-acik-gri-90x200-cm-2-yatakli\/\" class=\"woocommerce-LoopProduct-link woocommerce-loop-product__link\">\n\t<span class=\"onsale\">\u0130ndirim!<\/span>\n\t<img loading=\"lazy\" decoding=\"async\" width=\"300\" height=\"300\" src=\"https:\/\/spotesya.com\/ikinciel\/wp-content\/uploads\/2024\/07\/2.el-VITVAL-ranza-beyaz-acik-gri-90x200-cm-2-yatakli-3-300x300.png\" class=\"attachment-woocommerce_thumbnail size-woocommerce_thumbnail\" alt=\"2.el VITVAL ranza, beyaz-a\u00e7\u0131k gri, 90x200 cm, 2 yatakl\u0131 (kenarlar\u0131 bez korumal\u0131 ranza)\" srcset=\"https:\/\/spotesya.com\/ikinciel\/wp-content\/uploads\/2024\/07\/2.el-VITVAL-ranza-beyaz-acik-gri-90x200-cm-2-yatakli-3-300x300.png 300w, https:\/\/spotesya.com\/ikinciel\/wp-content\/uploads\/2024\/07\/2.el-VITVAL-ranza-beyaz-acik-gri-90x200-cm-2-yatakli-3-150x150.png 150w, https:\/\/spotesya.com\/ikinciel\/wp-content\/uploads\/2024\/07\/2.el-VITVAL-ranza-beyaz-acik-gri-90x200-cm-2-yatakli-3-100x100.png 100w\" sizes=\"auto, (max-width: 300px) 100vw, 300px\" title=\"\"><h2 class=\"woocommerce-loop-product__title\">2.el VITVAL ranza, beyaz-a\u00e7\u0131k gri, 90&#215;200 cm, 2 yatakl\u0131 (kenarlar\u0131 bez korumal\u0131 ranza)<\/h2>\n\t<span class=\"price\"><del aria-hidden=\"true\"><span class=\"woocommerce-Price-amount amount\"><bdi><span class=\"woocommerce-Price-currencySymbol\">&#8378;<\/span>5,500.00<\/bdi><\/span><\/del> <span class=\"screen-reader-text\">Orijinal fiyat: &#8378;5,500.00.<\/span><ins aria-hidden=\"true\"><span class=\"woocommerce-Price-amount amount\"><bdi><span class=\"woocommerce-Price-currencySymbol\">&#8378;<\/span>5,000.00<\/bdi><\/span><\/ins><span class=\"screen-reader-text\">\u015eu andaki fiyat: &#8378;5,000.00.<\/span><\/span>\n<div class=\"archive-product-categories text-center\"><a href=\"https:\/\/spotesya.com\/ikinciel\/urun-kategori\/ikinci-el-mobilya\/\" rel=\"tag\">ikinci el mobilya<\/a><\/div><\/a><a href=\"\/ikinciel\/wp-json\/wp\/v2\/pages\/382?add-to-cart=475\" aria-describedby=\"woocommerce_loop_add_to_cart_link_describedby_475\" data-quantity=\"1\" class=\"button product_type_simple add_to_cart_button ajax_add_to_cart\" data-product_id=\"475\" data-product_sku=\"\" aria-label=\"Sepete ekle: \u201c2.el VITVAL ranza, beyaz-a\u00e7\u0131k gri, 90x200 cm, 2 yatakl\u0131 (kenarlar\u0131 bez korumal\u0131 ranza)\u201d\" rel=\"nofollow\" data-success_message=\"&quot;2.el VITVAL ranza, beyaz-a\u00e7\u0131k gri, 90x200 cm, 2 yatakl\u0131 (kenarlar\u0131 bez korumal\u0131 ranza)&quot; sepetinize eklendi\" role=\"button\">Sepete Ekle<\/a>\t<span id=\"woocommerce_loop_add_to_cart_link_describedby_475\" class=\"screen-reader-text\">\n\t\t\t<\/span>\n<\/li>\n<li class=\"product type-product post-494 status-publish instock product_cat-spot-defolu-esya has-post-thumbnail sale shipping-taxable purchasable product-type-simple\">\n\t<a href=\"https:\/\/spotesya.com\/ikinciel\/urun\/2024-spot-seri-sonu-defolu-fayans-cesitleri\/\" class=\"woocommerce-LoopProduct-link woocommerce-loop-product__link\">\n\t<span class=\"onsale\">\u0130ndirim!<\/span>\n\t<img loading=\"lazy\" decoding=\"async\" width=\"300\" height=\"300\" src=\"https:\/\/spotesya.com\/ikinciel\/wp-content\/uploads\/2024\/07\/spot-seri-sonu-defolu-fayans-2-300x300.png\" class=\"attachment-woocommerce_thumbnail size-woocommerce_thumbnail\" alt=\"2024 spot seri sonu defolu fayans \u00e7e\u015fitleri\" srcset=\"https:\/\/spotesya.com\/ikinciel\/wp-content\/uploads\/2024\/07\/spot-seri-sonu-defolu-fayans-2-300x300.png 300w, https:\/\/spotesya.com\/ikinciel\/wp-content\/uploads\/2024\/07\/spot-seri-sonu-defolu-fayans-2-150x150.png 150w, https:\/\/spotesya.com\/ikinciel\/wp-content\/uploads\/2024\/07\/spot-seri-sonu-defolu-fayans-2-100x100.png 100w\" sizes=\"auto, (max-width: 300px) 100vw, 300px\" title=\"\"><h2 class=\"woocommerce-loop-product__title\">2024 spot seri sonu defolu fayans \u00e7e\u015fitleri<\/h2>\n\t<span class=\"price\"><del aria-hidden=\"true\"><span class=\"woocommerce-Price-amount amount\"><bdi><span class=\"woocommerce-Price-currencySymbol\">&#8378;<\/span>80.00<\/bdi><\/span><\/del> <span class=\"screen-reader-text\">Orijinal fiyat: &#8378;80.00.<\/span><ins aria-hidden=\"true\"><span class=\"woocommerce-Price-amount amount\"><bdi><span class=\"woocommerce-Price-currencySymbol\">&#8378;<\/span>75.00<\/bdi><\/span><\/ins><span class=\"screen-reader-text\">\u015eu andaki fiyat: &#8378;75.00.<\/span><\/span>\n<div class=\"archive-product-categories text-center\"><a href=\"https:\/\/spotesya.com\/ikinciel\/urun-kategori\/spot-defolu-esya\/\" rel=\"tag\">spot defolu e\u015fya<\/a><\/div><\/a><a href=\"\/ikinciel\/wp-json\/wp\/v2\/pages\/382?add-to-cart=494\" aria-describedby=\"woocommerce_loop_add_to_cart_link_describedby_494\" data-quantity=\"1\" class=\"button product_type_simple add_to_cart_button ajax_add_to_cart\" data-product_id=\"494\" data-product_sku=\"\" aria-label=\"Sepete ekle: \u201c2024 spot seri sonu defolu fayans \u00e7e\u015fitleri\u201d\" rel=\"nofollow\" data-success_message=\"&quot;2024 spot seri sonu defolu fayans \u00e7e\u015fitleri&quot; sepetinize eklendi\" role=\"button\">Sepete Ekle<\/a>\t<span id=\"woocommerce_loop_add_to_cart_link_describedby_494\" class=\"screen-reader-text\">\n\t\t\t<\/span>\n<\/li>\n<li class=\"product type-product post-459 status-publish instock product_cat-ikinci-el-beyaz-esya product_tag-ikinci-el-buzdolabi has-post-thumbnail sale shipping-taxable purchasable product-type-simple\">\n\t<a href=\"https:\/\/spotesya.com\/ikinciel\/urun\/altus-statik-buzdolabi-2-senelik-tas-gibi-ucuz-buzdolabi\/\" class=\"woocommerce-LoopProduct-link woocommerce-loop-product__link\">\n\t<span class=\"onsale\">\u0130ndirim!<\/span>\n\t<img loading=\"lazy\" decoding=\"async\" width=\"300\" height=\"300\" src=\"https:\/\/spotesya.com\/ikinciel\/wp-content\/uploads\/2024\/07\/Altus-statik-buzdolabi-3-300x300.png\" class=\"attachment-woocommerce_thumbnail size-woocommerce_thumbnail\" alt=\"Altus statik buzdolab\u0131 2 senelik ta\u015f gibi ucuz buzdolab\u0131\" srcset=\"https:\/\/spotesya.com\/ikinciel\/wp-content\/uploads\/2024\/07\/Altus-statik-buzdolabi-3-300x300.png 300w, https:\/\/spotesya.com\/ikinciel\/wp-content\/uploads\/2024\/07\/Altus-statik-buzdolabi-3-150x150.png 150w, https:\/\/spotesya.com\/ikinciel\/wp-content\/uploads\/2024\/07\/Altus-statik-buzdolabi-3-100x100.png 100w\" sizes=\"auto, (max-width: 300px) 100vw, 300px\" title=\"\"><h2 class=\"woocommerce-loop-product__title\">Altus statik buzdolab\u0131 2 senelik ta\u015f gibi ucuz buzdolab\u0131<\/h2>\n\t<span class=\"price\"><del aria-hidden=\"true\"><span class=\"woocommerce-Price-amount amount\"><bdi><span class=\"woocommerce-Price-currencySymbol\">&#8378;<\/span>4,500.00<\/bdi><\/span><\/del> <span class=\"screen-reader-text\">Orijinal fiyat: &#8378;4,500.00.<\/span><ins aria-hidden=\"true\"><span class=\"woocommerce-Price-amount amount\"><bdi><span class=\"woocommerce-Price-currencySymbol\">&#8378;<\/span>4,000.00<\/bdi><\/span><\/ins><span class=\"screen-reader-text\">\u015eu andaki fiyat: &#8378;4,000.00.<\/span><\/span>\n<div class=\"archive-product-categories text-center\"><a href=\"https:\/\/spotesya.com\/ikinciel\/urun-kategori\/ikinci-el-beyaz-esya\/\" rel=\"tag\">ikinci el beyaz e\u015fya<\/a><\/div><\/a><a href=\"\/ikinciel\/wp-json\/wp\/v2\/pages\/382?add-to-cart=459\" aria-describedby=\"woocommerce_loop_add_to_cart_link_describedby_459\" data-quantity=\"1\" class=\"button product_type_simple add_to_cart_button ajax_add_to_cart\" data-product_id=\"459\" data-product_sku=\"\" aria-label=\"Sepete ekle: \u201cAltus statik buzdolab\u0131 2 senelik ta\u015f gibi ucuz buzdolab\u0131\u201d\" rel=\"nofollow\" data-success_message=\"&quot;Altus statik buzdolab\u0131 2 senelik ta\u015f gibi ucuz buzdolab\u0131&quot; sepetinize eklendi\" role=\"button\">Sepete Ekle<\/a>\t<span id=\"woocommerce_loop_add_to_cart_link_describedby_459\" class=\"screen-reader-text\">\n\t\t\t<\/span>\n<\/li>\n<li class=\"product type-product post-537 status-publish last instock product_cat-ikinci-el-beyaz-esya product_tag-ikinci-el-camasir-makinesi has-post-thumbnail shipping-taxable product-type-simple\">\n\t<a href=\"https:\/\/spotesya.com\/ikinciel\/urun\/arcelik-2772-kt-camasir-kurutma-makinesi-7-kg-saglam-garantili\/\" class=\"woocommerce-LoopProduct-link woocommerce-loop-product__link\"><img loading=\"lazy\" decoding=\"async\" width=\"300\" height=\"300\" src=\"https:\/\/spotesya.com\/ikinciel\/wp-content\/uploads\/2024\/08\/ARCELIK-2772-KT-CAMASIR-KURUTMA-MAKINESI-7-KG-1-300x300.png\" class=\"attachment-woocommerce_thumbnail size-woocommerce_thumbnail\" alt=\"AR\u00c7ELIK 2772 KT \u00c7AMA\u015eIR KURUTMA MAKINESI 7 KG SA\u011eLAM GARANT\u0130L\u0130\" srcset=\"https:\/\/spotesya.com\/ikinciel\/wp-content\/uploads\/2024\/08\/ARCELIK-2772-KT-CAMASIR-KURUTMA-MAKINESI-7-KG-1-300x300.png 300w, https:\/\/spotesya.com\/ikinciel\/wp-content\/uploads\/2024\/08\/ARCELIK-2772-KT-CAMASIR-KURUTMA-MAKINESI-7-KG-1-150x150.png 150w, https:\/\/spotesya.com\/ikinciel\/wp-content\/uploads\/2024\/08\/ARCELIK-2772-KT-CAMASIR-KURUTMA-MAKINESI-7-KG-1-100x100.png 100w\" sizes=\"auto, (max-width: 300px) 100vw, 300px\" title=\"\"><h2 class=\"woocommerce-loop-product__title\">AR\u00c7ELIK 2772 KT \u00c7AMA\u015eIR KURUTMA MAKINESI 7 KG SA\u011eLAM GARANT\u0130L\u0130<\/h2>\n<div class=\"archive-product-categories text-center\"><a href=\"https:\/\/spotesya.com\/ikinciel\/urun-kategori\/ikinci-el-beyaz-esya\/\" rel=\"tag\">ikinci el beyaz e\u015fya<\/a><\/div><\/a><a href=\"https:\/\/spotesya.com\/ikinciel\/urun\/arcelik-2772-kt-camasir-kurutma-makinesi-7-kg-saglam-garantili\/\" aria-describedby=\"woocommerce_loop_add_to_cart_link_describedby_537\" data-quantity=\"1\" class=\"button product_type_simple\" data-product_id=\"537\" data-product_sku=\"\" aria-label=\"&ldquo;AR\u00c7ELIK 2772 KT \u00c7AMA\u015eIR KURUTMA MAKINESI 7 KG SA\u011eLAM GARANT\u0130L\u0130&rdquo; hakk\u0131nda daha fazla bilgi edinin\" rel=\"nofollow\" data-success_message=\"\">Devam\u0131n\u0131 oku<\/a>\t<span id=\"woocommerce_loop_add_to_cart_link_describedby_537\" class=\"screen-reader-text\">\n\t\t\t<\/span>\n<\/li>\n<\/ul>\n<\/div>\n","protected":false},"excerpt":{"rendered":"","protected":false},"author":1,"featured_media":389,"parent":0,"menu_order":0,"comment_status":"closed","ping_status":"closed","template":"","meta":{"footnotes":""},"class_list":["post-382","page","type-page","status-publish","has-post-thumbnail","hentry"],"_links":{"self":[{"href":"https:\/\/spotesya.com\/ikinciel\/wp-json\/wp\/v2\/pages\/382","targetHints":{"allow":["GET"]}}],"collection":[{"href":"https:\/\/spotesya.com\/ikinciel\/wp-json\/wp\/v2\/pages"}],"about":[{"href":"https:\/\/spotesya.com\/ikinciel\/wp-json\/wp\/v2\/types\/page"}],"author":[{"embeddable":true,"href":"https:\/\/spotesya.com\/ikinciel\/wp-json\/wp\/v2\/users\/1"}],"replies":[{"embeddable":true,"href":"https:\/\/spotesya.com\/ikinciel\/wp-json\/wp\/v2\/comments?post=382"}],"version-history":[{"count":2,"href":"https:\/\/spotesya.com\/ikinciel\/wp-json\/wp\/v2\/pages\/382\/revisions"}],"predecessor-version":[{"id":416,"href":"https:\/\/spotesya.com\/ikinciel\/wp-json\/wp\/v2\/pages\/382\/revisions\/416"}],"wp:featuredmedia":[{"embeddable":true,"href":"https:\/\/spotesya.com\/ikinciel\/wp-json\/wp\/v2\/media\/389"}],"wp:attachment":[{"href":"https:\/\/spotesya.com\/ikinciel\/wp-json\/wp\/v2\/media?parent=382"}],"curies":[{"name":"wp","href":"https:\/\/api.w.org\/{rel}","templated":true}]}}