{"id":423,"date":"2024-07-01T19:09:40","date_gmt":"2024-07-01T16:09:40","guid":{"rendered":"https:\/\/spotesya.com\/ikinciel\/?post_type=product&#038;p=423"},"modified":"2024-07-01T19:09:41","modified_gmt":"2024-07-01T16:09:41","slug":"cikma-trapez-sac-bol-miktarda-cati-kaplama-saci","status":"publish","type":"product","link":"https:\/\/spotesya.com\/ikinciel\/urun\/cikma-trapez-sac-bol-miktarda-cati-kaplama-saci\/","title":{"rendered":"\u00c7\u0131kma trapez sac bol miktarda \u00e7at\u0131 kaplama sac\u0131"},"content":{"rendered":"<p><img loading=\"lazy\" decoding=\"async\" class=\"aligncenter size-full wp-image-426\" src=\"https:\/\/spotesya.com\/ikinciel\/wp-content\/uploads\/2024\/07\/Cikma-trapez-sac-2.png\" alt=\"\" width=\"1005\" height=\"625\" title=\"\" srcset=\"https:\/\/spotesya.com\/ikinciel\/wp-content\/uploads\/2024\/07\/Cikma-trapez-sac-2.png 1005w, https:\/\/spotesya.com\/ikinciel\/wp-content\/uploads\/2024\/07\/Cikma-trapez-sac-2-300x187.png 300w, https:\/\/spotesya.com\/ikinciel\/wp-content\/uploads\/2024\/07\/Cikma-trapez-sac-2-768x478.png 768w, https:\/\/spotesya.com\/ikinciel\/wp-content\/uploads\/2024\/07\/Cikma-trapez-sac-2-600x373.png 600w\" sizes=\"auto, (max-width: 1005px) 100vw, 1005px\" \/><\/p>\n<p><img loading=\"lazy\" decoding=\"async\" class=\"aligncenter size-full wp-image-425\" src=\"https:\/\/spotesya.com\/ikinciel\/wp-content\/uploads\/2024\/07\/Cikma-trapez-sac-1.png\" alt=\"\" width=\"1042\" height=\"626\" title=\"\" srcset=\"https:\/\/spotesya.com\/ikinciel\/wp-content\/uploads\/2024\/07\/Cikma-trapez-sac-1.png 1042w, https:\/\/spotesya.com\/ikinciel\/wp-content\/uploads\/2024\/07\/Cikma-trapez-sac-1-300x180.png 300w, https:\/\/spotesya.com\/ikinciel\/wp-content\/uploads\/2024\/07\/Cikma-trapez-sac-1-1024x615.png 1024w, https:\/\/spotesya.com\/ikinciel\/wp-content\/uploads\/2024\/07\/Cikma-trapez-sac-1-768x461.png 768w, https:\/\/spotesya.com\/ikinciel\/wp-content\/uploads\/2024\/07\/Cikma-trapez-sac-1-600x360.png 600w\" sizes=\"auto, (max-width: 1042px) 100vw, 1042px\" \/><\/p>\n","protected":false},"excerpt":{"rendered":"<p>\u00c7\u0131kma trapez sac \u00c7\u0131kma Koli stoktan fiyatlar\u0131m\u0131z 1000 adet i\u00e7indir SATLIK \u00c7\u0130KMA TEM\u0130Z RAY 15 cm lik Trapez \u00e7at\u0131 sac\u0131 \u00e7e\u015fitleri galvanizli ince sacdan ya da al\u00fcminyumdan \u00fcretilen d\u0131\u015f cephe kaplama ray boylar genelde \u00c7\u0131kma Koli stoktan fiyatlar\u0131m\u0131z \u00c7at\u0131 ve cephe kaplamalar\u0131 \u00c7\u0131kma sac hurda fiyatlar\u0131n\u0131n s\u0131f\u0131r \u00e7at\u0131 sac\u0131 fiyat\u0131na g\u00f6re daha uygun olmas\u0131 nedeniyle sa\u00e7 trapez sac kullan\u0131m\u0131 ile kar\u015f\u0131la\u015fman\u0131n en muhtemel oldu\u011fu alanlard\u0131r.<\/p>\n","protected":false},"featured_media":425,"template":"","meta":[],"product_brand":[],"product_cat":[15],"product_tag":[],"class_list":{"0":"post-423","1":"product","2":"type-product","3":"status-publish","4":"has-post-thumbnail","6":"product_cat-ikinci-el-esya","8":"first","9":"instock","10":"sale","11":"shipping-taxable","12":"purchasable","13":"product-type-simple"},"_links":{"self":[{"href":"https:\/\/spotesya.com\/ikinciel\/wp-json\/wp\/v2\/product\/423","targetHints":{"allow":["GET"]}}],"collection":[{"href":"https:\/\/spotesya.com\/ikinciel\/wp-json\/wp\/v2\/product"}],"about":[{"href":"https:\/\/spotesya.com\/ikinciel\/wp-json\/wp\/v2\/types\/product"}],"wp:featuredmedia":[{"embeddable":true,"href":"https:\/\/spotesya.com\/ikinciel\/wp-json\/wp\/v2\/media\/425"}],"wp:attachment":[{"href":"https:\/\/spotesya.com\/ikinciel\/wp-json\/wp\/v2\/media?parent=423"}],"wp:term":[{"taxonomy":"product_brand","embeddable":true,"href":"https:\/\/spotesya.com\/ikinciel\/wp-json\/wp\/v2\/product_brand?post=423"},{"taxonomy":"product_cat","embeddable":true,"href":"https:\/\/spotesya.com\/ikinciel\/wp-json\/wp\/v2\/product_cat?post=423"},{"taxonomy":"product_tag","embeddable":true,"href":"https:\/\/spotesya.com\/ikinciel\/wp-json\/wp\/v2\/product_tag?post=423"}],"curies":[{"name":"wp","href":"https:\/\/api.w.org\/{rel}","templated":true}]}}