{"id":430,"date":"2024-07-01T19:17:45","date_gmt":"2024-07-01T16:17:45","guid":{"rendered":"https:\/\/spotesya.com\/ikinciel\/?post_type=product&#038;p=430"},"modified":"2024-07-01T19:17:52","modified_gmt":"2024-07-01T16:17:52","slug":"fabrikadan-defolu-camasir-makinesi-garantili-makineler","status":"publish","type":"product","link":"https:\/\/spotesya.com\/ikinciel\/urun\/fabrikadan-defolu-camasir-makinesi-garantili-makineler\/","title":{"rendered":"Fabrikadan defolu \u00e7ama\u015f\u0131r makinesi (garantili makineler)"},"content":{"rendered":"<p><img loading=\"lazy\" decoding=\"async\" class=\"aligncenter size-full wp-image-431\" src=\"https:\/\/spotesya.com\/ikinciel\/wp-content\/uploads\/2024\/07\/Fabrikadan-defolu-camasir-makinesi-1.png\" alt=\"\" width=\"975\" height=\"628\" title=\"\" srcset=\"https:\/\/spotesya.com\/ikinciel\/wp-content\/uploads\/2024\/07\/Fabrikadan-defolu-camasir-makinesi-1.png 975w, https:\/\/spotesya.com\/ikinciel\/wp-content\/uploads\/2024\/07\/Fabrikadan-defolu-camasir-makinesi-1-300x193.png 300w, https:\/\/spotesya.com\/ikinciel\/wp-content\/uploads\/2024\/07\/Fabrikadan-defolu-camasir-makinesi-1-768x495.png 768w, https:\/\/spotesya.com\/ikinciel\/wp-content\/uploads\/2024\/07\/Fabrikadan-defolu-camasir-makinesi-1-600x386.png 600w\" sizes=\"auto, (max-width: 975px) 100vw, 975px\" \/> <img loading=\"lazy\" decoding=\"async\" class=\"aligncenter size-full wp-image-432\" src=\"https:\/\/spotesya.com\/ikinciel\/wp-content\/uploads\/2024\/07\/Fabrikadan-defolu-camasir-makinesi-2.png\" alt=\"\" width=\"823\" height=\"631\" title=\"\" srcset=\"https:\/\/spotesya.com\/ikinciel\/wp-content\/uploads\/2024\/07\/Fabrikadan-defolu-camasir-makinesi-2.png 823w, https:\/\/spotesya.com\/ikinciel\/wp-content\/uploads\/2024\/07\/Fabrikadan-defolu-camasir-makinesi-2-300x230.png 300w, https:\/\/spotesya.com\/ikinciel\/wp-content\/uploads\/2024\/07\/Fabrikadan-defolu-camasir-makinesi-2-768x589.png 768w, https:\/\/spotesya.com\/ikinciel\/wp-content\/uploads\/2024\/07\/Fabrikadan-defolu-camasir-makinesi-2-600x460.png 600w\" sizes=\"auto, (max-width: 823px) 100vw, 823px\" \/> <img loading=\"lazy\" decoding=\"async\" class=\"aligncenter size-full wp-image-433\" src=\"https:\/\/spotesya.com\/ikinciel\/wp-content\/uploads\/2024\/07\/Fabrikadan-defolu-camasir-makinesi-3.png\" alt=\"\" width=\"558\" height=\"633\" title=\"\" srcset=\"https:\/\/spotesya.com\/ikinciel\/wp-content\/uploads\/2024\/07\/Fabrikadan-defolu-camasir-makinesi-3.png 558w, https:\/\/spotesya.com\/ikinciel\/wp-content\/uploads\/2024\/07\/Fabrikadan-defolu-camasir-makinesi-3-264x300.png 264w\" sizes=\"auto, (max-width: 558px) 100vw, 558px\" \/><\/p>\n","protected":false},"excerpt":{"rendered":"<p>Fabrikadan defolu \u00e7ama\u015f\u0131r makinesi Temiz, Kaliteli, Ucuz ve Garantili Beyaz E\u015fya Modellerimizi G\u00f6rmek \u0130\u00e7in T\u0131klay\u0131n\u0131z. T\u00fcrkiyenin En Ucuz \u00c7ama\u015f\u0131r makineleri s\u0131f\u0131r, ikinci el ya da defolu olarak sat\u0131labilmektedir. \u00c7ok defosu bulunan ya da az defolu \u00e7ama\u015f\u0131r makinesi Outleti Olarak T\u00fcm Beyaz E\u015fya \u00dcr\u00fcnlerimiz Garanti<\/p>\n","protected":false},"featured_media":432,"template":"","meta":[],"product_brand":[],"product_cat":[33],"product_tag":[],"class_list":{"0":"post-430","1":"product","2":"type-product","3":"status-publish","4":"has-post-thumbnail","6":"product_cat-spot-defolu-esya","8":"first","9":"instock","10":"sale","11":"shipping-taxable","12":"purchasable","13":"product-type-simple"},"_links":{"self":[{"href":"https:\/\/spotesya.com\/ikinciel\/wp-json\/wp\/v2\/product\/430","targetHints":{"allow":["GET"]}}],"collection":[{"href":"https:\/\/spotesya.com\/ikinciel\/wp-json\/wp\/v2\/product"}],"about":[{"href":"https:\/\/spotesya.com\/ikinciel\/wp-json\/wp\/v2\/types\/product"}],"wp:featuredmedia":[{"embeddable":true,"href":"https:\/\/spotesya.com\/ikinciel\/wp-json\/wp\/v2\/media\/432"}],"wp:attachment":[{"href":"https:\/\/spotesya.com\/ikinciel\/wp-json\/wp\/v2\/media?parent=430"}],"wp:term":[{"taxonomy":"product_brand","embeddable":true,"href":"https:\/\/spotesya.com\/ikinciel\/wp-json\/wp\/v2\/product_brand?post=430"},{"taxonomy":"product_cat","embeddable":true,"href":"https:\/\/spotesya.com\/ikinciel\/wp-json\/wp\/v2\/product_cat?post=430"},{"taxonomy":"product_tag","embeddable":true,"href":"https:\/\/spotesya.com\/ikinciel\/wp-json\/wp\/v2\/product_tag?post=430"}],"curies":[{"name":"wp","href":"https:\/\/api.w.org\/{rel}","templated":true}]}}