{"id":434,"date":"2024-07-01T19:28:55","date_gmt":"2024-07-01T16:28:55","guid":{"rendered":"https:\/\/spotesya.com\/ikinciel\/?post_type=product&#038;p=434"},"modified":"2024-07-01T19:28:55","modified_gmt":"2024-07-01T16:28:55","slug":"iki-kapili-buzdolabi-iyi-durumda-saglam-ve-temiz-5-yillik-dolap","status":"publish","type":"product","link":"https:\/\/spotesya.com\/ikinciel\/urun\/iki-kapili-buzdolabi-iyi-durumda-saglam-ve-temiz-5-yillik-dolap\/","title":{"rendered":"iki kap\u0131l\u0131 buzdolab\u0131 iyi durumda sa\u011flam ve temiz 5 y\u0131ll\u0131k dolap"},"content":{"rendered":"<p><img loading=\"lazy\" decoding=\"async\" class=\"aligncenter size-full wp-image-435\" src=\"https:\/\/spotesya.com\/ikinciel\/wp-content\/uploads\/2024\/07\/iki-kapili-buzdolabi-iyi-durumda-2.png\" alt=\"\" width=\"709\" height=\"631\" title=\"\" srcset=\"https:\/\/spotesya.com\/ikinciel\/wp-content\/uploads\/2024\/07\/iki-kapili-buzdolabi-iyi-durumda-2.png 709w, https:\/\/spotesya.com\/ikinciel\/wp-content\/uploads\/2024\/07\/iki-kapili-buzdolabi-iyi-durumda-2-300x267.png 300w, https:\/\/spotesya.com\/ikinciel\/wp-content\/uploads\/2024\/07\/iki-kapili-buzdolabi-iyi-durumda-2-600x534.png 600w\" sizes=\"auto, (max-width: 709px) 100vw, 709px\" \/> <img loading=\"lazy\" decoding=\"async\" class=\"aligncenter size-full wp-image-436\" src=\"https:\/\/spotesya.com\/ikinciel\/wp-content\/uploads\/2024\/07\/iki-kapili-buzdolabi-iyi-durumda-1.png\" alt=\"\" width=\"1031\" height=\"601\" title=\"\" srcset=\"https:\/\/spotesya.com\/ikinciel\/wp-content\/uploads\/2024\/07\/iki-kapili-buzdolabi-iyi-durumda-1.png 1031w, https:\/\/spotesya.com\/ikinciel\/wp-content\/uploads\/2024\/07\/iki-kapili-buzdolabi-iyi-durumda-1-300x175.png 300w, https:\/\/spotesya.com\/ikinciel\/wp-content\/uploads\/2024\/07\/iki-kapili-buzdolabi-iyi-durumda-1-1024x597.png 1024w, https:\/\/spotesya.com\/ikinciel\/wp-content\/uploads\/2024\/07\/iki-kapili-buzdolabi-iyi-durumda-1-768x448.png 768w, https:\/\/spotesya.com\/ikinciel\/wp-content\/uploads\/2024\/07\/iki-kapili-buzdolabi-iyi-durumda-1-600x350.png 600w\" sizes=\"auto, (max-width: 1031px) 100vw, 1031px\" \/><\/p>\n","protected":false},"excerpt":{"rendered":"<p>\u0130kinci el buzdolab\u0131 motorlar\u0131 verimsiz olarak i\u015flev sunar. Buzdolab\u0131 300&#8217;\u00fc Tezgah alt\u0131 ikinci el end\u00fcstriyel \u00e7ift kap\u0131l\u0131 dolap, 3 kap\u0131l\u0131 dolaplar, set 2 el buzdolab\u0131 Fiyatlar\u0131 ikinci el buzdolab\u0131 2 El Buzdolab\u0131 Sahibinden 2. el buzdolab\u0131 ar\u00e7elikyaz\u0131n\u0131n devam\u0131 S\u0131f\u0131r ebat\u0131nda bir buzdolab\u0131 motoruysa <\/p>\n","protected":false},"featured_media":435,"template":"","meta":[],"product_brand":[],"product_cat":[30],"product_tag":[36],"class_list":{"0":"post-434","1":"product","2":"type-product","3":"status-publish","4":"has-post-thumbnail","6":"product_cat-ikinci-el-beyaz-esya","7":"product_tag-ikinci-el-buzdolabi","9":"first","10":"instock","11":"sale","12":"shipping-taxable","13":"purchasable","14":"product-type-simple"},"_links":{"self":[{"href":"https:\/\/spotesya.com\/ikinciel\/wp-json\/wp\/v2\/product\/434","targetHints":{"allow":["GET"]}}],"collection":[{"href":"https:\/\/spotesya.com\/ikinciel\/wp-json\/wp\/v2\/product"}],"about":[{"href":"https:\/\/spotesya.com\/ikinciel\/wp-json\/wp\/v2\/types\/product"}],"wp:featuredmedia":[{"embeddable":true,"href":"https:\/\/spotesya.com\/ikinciel\/wp-json\/wp\/v2\/media\/435"}],"wp:attachment":[{"href":"https:\/\/spotesya.com\/ikinciel\/wp-json\/wp\/v2\/media?parent=434"}],"wp:term":[{"taxonomy":"product_brand","embeddable":true,"href":"https:\/\/spotesya.com\/ikinciel\/wp-json\/wp\/v2\/product_brand?post=434"},{"taxonomy":"product_cat","embeddable":true,"href":"https:\/\/spotesya.com\/ikinciel\/wp-json\/wp\/v2\/product_cat?post=434"},{"taxonomy":"product_tag","embeddable":true,"href":"https:\/\/spotesya.com\/ikinciel\/wp-json\/wp\/v2\/product_tag?post=434"}],"curies":[{"name":"wp","href":"https:\/\/api.w.org\/{rel}","templated":true}]}}