{"id":437,"date":"2024-07-01T19:33:55","date_gmt":"2024-07-01T16:33:55","guid":{"rendered":"https:\/\/spotesya.com\/ikinciel\/?post_type=product&#038;p=437"},"modified":"2024-07-01T19:34:09","modified_gmt":"2024-07-01T16:34:09","slug":"12-voltla-calisan-buzdolabi-ikinci-el-kompresorlu-arac-buzdolabi","status":"publish","type":"product","link":"https:\/\/spotesya.com\/ikinciel\/urun\/12-voltla-calisan-buzdolabi-ikinci-el-kompresorlu-arac-buzdolabi\/","title":{"rendered":"12 voltla \u00e7al\u0131\u015fan buzdolab\u0131 ikinci el kompres\u00f6rl\u00fc ara\u00e7 buzdolab\u0131"},"content":{"rendered":"<p><img loading=\"lazy\" decoding=\"async\" src=\"https:\/\/spotesya.com\/ikinciel\/wp-content\/uploads\/2024\/07\/ikinci-el-kompresorlu-arac-buzdolabi-4.png\" alt=\"\" width=\"584\" height=\"629\" class=\"aligncenter size-full wp-image-438\" title=\"\" srcset=\"https:\/\/spotesya.com\/ikinciel\/wp-content\/uploads\/2024\/07\/ikinci-el-kompresorlu-arac-buzdolabi-4.png 584w, https:\/\/spotesya.com\/ikinciel\/wp-content\/uploads\/2024\/07\/ikinci-el-kompresorlu-arac-buzdolabi-4-279x300.png 279w\" sizes=\"auto, (max-width: 584px) 100vw, 584px\" \/><\/p>\n<p><img loading=\"lazy\" decoding=\"async\" src=\"https:\/\/spotesya.com\/ikinciel\/wp-content\/uploads\/2024\/07\/ikinci-el-kompresorlu-arac-buzdolabi-1.png\" alt=\"\" width=\"738\" height=\"556\" class=\"aligncenter size-full wp-image-439\" title=\"\" srcset=\"https:\/\/spotesya.com\/ikinciel\/wp-content\/uploads\/2024\/07\/ikinci-el-kompresorlu-arac-buzdolabi-1.png 738w, https:\/\/spotesya.com\/ikinciel\/wp-content\/uploads\/2024\/07\/ikinci-el-kompresorlu-arac-buzdolabi-1-300x226.png 300w, https:\/\/spotesya.com\/ikinciel\/wp-content\/uploads\/2024\/07\/ikinci-el-kompresorlu-arac-buzdolabi-1-160x120.png 160w, https:\/\/spotesya.com\/ikinciel\/wp-content\/uploads\/2024\/07\/ikinci-el-kompresorlu-arac-buzdolabi-1-600x452.png 600w\" sizes=\"auto, (max-width: 738px) 100vw, 738px\" \/><\/p>\n<p><img loading=\"lazy\" decoding=\"async\" src=\"https:\/\/spotesya.com\/ikinciel\/wp-content\/uploads\/2024\/07\/ikinci-el-kompresorlu-arac-buzdolabi-2.png\" alt=\"\" width=\"940\" height=\"632\" class=\"aligncenter size-full wp-image-440\" title=\"\" srcset=\"https:\/\/spotesya.com\/ikinciel\/wp-content\/uploads\/2024\/07\/ikinci-el-kompresorlu-arac-buzdolabi-2.png 940w, https:\/\/spotesya.com\/ikinciel\/wp-content\/uploads\/2024\/07\/ikinci-el-kompresorlu-arac-buzdolabi-2-300x202.png 300w, https:\/\/spotesya.com\/ikinciel\/wp-content\/uploads\/2024\/07\/ikinci-el-kompresorlu-arac-buzdolabi-2-768x516.png 768w, https:\/\/spotesya.com\/ikinciel\/wp-content\/uploads\/2024\/07\/ikinci-el-kompresorlu-arac-buzdolabi-2-600x403.png 600w\" sizes=\"auto, (max-width: 940px) 100vw, 940px\" \/><\/p>\n<p><img loading=\"lazy\" decoding=\"async\" src=\"https:\/\/spotesya.com\/ikinciel\/wp-content\/uploads\/2024\/07\/ikinci-el-kompresorlu-arac-buzdolabi-3.png\" alt=\"\" width=\"751\" height=\"634\" class=\"aligncenter size-full wp-image-441\" title=\"\" srcset=\"https:\/\/spotesya.com\/ikinciel\/wp-content\/uploads\/2024\/07\/ikinci-el-kompresorlu-arac-buzdolabi-3.png 751w, https:\/\/spotesya.com\/ikinciel\/wp-content\/uploads\/2024\/07\/ikinci-el-kompresorlu-arac-buzdolabi-3-300x253.png 300w, https:\/\/spotesya.com\/ikinciel\/wp-content\/uploads\/2024\/07\/ikinci-el-kompresorlu-arac-buzdolabi-3-600x507.png 600w\" sizes=\"auto, (max-width: 751px) 100vw, 751px\" \/><\/p>\n","protected":false},"excerpt":{"rendered":"<p>ikinci el kompres\u00f6rl\u00fc ara\u00e7 buzdolab\u0131 \u0130kinci El Buzdolab\u0131 \u0130\u00e7 Aksesuar Otomobil \u0130kinci El Buzdolab\u0131 &#038; Dondurucu Karavan Aksesuar &#038; Tuning \u00dcr\u00fcn Modelleri ; GELEN KAPAR Arazi Kompres\u00f6rl\u00fc ara\u00e7 buzdolab\u0131 ak\u00fcy\u00fc bitirir mi?<br \/>\n12 voltla \u00e7al\u0131\u015fan buzdolab\u0131 var m\u0131?<br \/>\nKompres\u00f6rl\u00fc oto buzdolab\u0131 nedir?<br \/>\n Arac\u0131 \u00dcr\u00fcn Modelleri ; Oto Termos 60 Litre, Bir<\/p>\n","protected":false},"featured_media":439,"template":"","meta":[],"product_brand":[],"product_cat":[30],"product_tag":[36],"class_list":{"0":"post-437","1":"product","2":"type-product","3":"status-publish","4":"has-post-thumbnail","6":"product_cat-ikinci-el-beyaz-esya","7":"product_tag-ikinci-el-buzdolabi","9":"first","10":"instock","11":"sale","12":"shipping-taxable","13":"purchasable","14":"product-type-simple"},"_links":{"self":[{"href":"https:\/\/spotesya.com\/ikinciel\/wp-json\/wp\/v2\/product\/437","targetHints":{"allow":["GET"]}}],"collection":[{"href":"https:\/\/spotesya.com\/ikinciel\/wp-json\/wp\/v2\/product"}],"about":[{"href":"https:\/\/spotesya.com\/ikinciel\/wp-json\/wp\/v2\/types\/product"}],"wp:featuredmedia":[{"embeddable":true,"href":"https:\/\/spotesya.com\/ikinciel\/wp-json\/wp\/v2\/media\/439"}],"wp:attachment":[{"href":"https:\/\/spotesya.com\/ikinciel\/wp-json\/wp\/v2\/media?parent=437"}],"wp:term":[{"taxonomy":"product_brand","embeddable":true,"href":"https:\/\/spotesya.com\/ikinciel\/wp-json\/wp\/v2\/product_brand?post=437"},{"taxonomy":"product_cat","embeddable":true,"href":"https:\/\/spotesya.com\/ikinciel\/wp-json\/wp\/v2\/product_cat?post=437"},{"taxonomy":"product_tag","embeddable":true,"href":"https:\/\/spotesya.com\/ikinciel\/wp-json\/wp\/v2\/product_tag?post=437"}],"curies":[{"name":"wp","href":"https:\/\/api.w.org\/{rel}","templated":true}]}}