{"id":442,"date":"2024-07-02T11:17:54","date_gmt":"2024-07-02T08:17:54","guid":{"rendered":"https:\/\/spotesya.com\/ikinciel\/?post_type=product&#038;p=442"},"modified":"2024-07-02T11:17:54","modified_gmt":"2024-07-02T08:17:54","slug":"defolu-camasir-makinesi-satan-yerler-teshir-makineler-nerede-satilir","status":"publish","type":"product","link":"https:\/\/spotesya.com\/ikinciel\/urun\/defolu-camasir-makinesi-satan-yerler-teshir-makineler-nerede-satilir\/","title":{"rendered":"Defolu \u00e7ama\u015f\u0131r makinesi satan yerler te\u015fhir makineler nerede sat\u0131l\u0131r?"},"content":{"rendered":"<p><img loading=\"lazy\" decoding=\"async\" class=\"aligncenter size-full wp-image-443\" src=\"https:\/\/spotesya.com\/ikinciel\/wp-content\/uploads\/2024\/07\/Defolu-camasir-makinesi-1.png\" alt=\"\" width=\"937\" height=\"561\" title=\"\" srcset=\"https:\/\/spotesya.com\/ikinciel\/wp-content\/uploads\/2024\/07\/Defolu-camasir-makinesi-1.png 937w, https:\/\/spotesya.com\/ikinciel\/wp-content\/uploads\/2024\/07\/Defolu-camasir-makinesi-1-300x180.png 300w, https:\/\/spotesya.com\/ikinciel\/wp-content\/uploads\/2024\/07\/Defolu-camasir-makinesi-1-768x460.png 768w, https:\/\/spotesya.com\/ikinciel\/wp-content\/uploads\/2024\/07\/Defolu-camasir-makinesi-1-600x359.png 600w\" sizes=\"auto, (max-width: 937px) 100vw, 937px\" \/> <img loading=\"lazy\" decoding=\"async\" class=\"aligncenter size-full wp-image-444\" src=\"https:\/\/spotesya.com\/ikinciel\/wp-content\/uploads\/2024\/07\/Defolu-camasir-makinesi-2.png\" alt=\"\" width=\"884\" height=\"613\" title=\"\" srcset=\"https:\/\/spotesya.com\/ikinciel\/wp-content\/uploads\/2024\/07\/Defolu-camasir-makinesi-2.png 884w, https:\/\/spotesya.com\/ikinciel\/wp-content\/uploads\/2024\/07\/Defolu-camasir-makinesi-2-300x208.png 300w, https:\/\/spotesya.com\/ikinciel\/wp-content\/uploads\/2024\/07\/Defolu-camasir-makinesi-2-768x533.png 768w, https:\/\/spotesya.com\/ikinciel\/wp-content\/uploads\/2024\/07\/Defolu-camasir-makinesi-2-600x416.png 600w\" sizes=\"auto, (max-width: 884px) 100vw, 884px\" \/> <img loading=\"lazy\" decoding=\"async\" class=\"aligncenter size-full wp-image-445\" src=\"https:\/\/spotesya.com\/ikinciel\/wp-content\/uploads\/2024\/07\/Defolu-camasir-makinesi-3.png\" alt=\"\" width=\"1061\" height=\"624\" title=\"\" srcset=\"https:\/\/spotesya.com\/ikinciel\/wp-content\/uploads\/2024\/07\/Defolu-camasir-makinesi-3.png 1061w, https:\/\/spotesya.com\/ikinciel\/wp-content\/uploads\/2024\/07\/Defolu-camasir-makinesi-3-300x176.png 300w, https:\/\/spotesya.com\/ikinciel\/wp-content\/uploads\/2024\/07\/Defolu-camasir-makinesi-3-1024x602.png 1024w, https:\/\/spotesya.com\/ikinciel\/wp-content\/uploads\/2024\/07\/Defolu-camasir-makinesi-3-768x452.png 768w, https:\/\/spotesya.com\/ikinciel\/wp-content\/uploads\/2024\/07\/Defolu-camasir-makinesi-3-600x353.png 600w\" sizes=\"auto, (max-width: 1061px) 100vw, 1061px\" \/><\/p>\n","protected":false},"excerpt":{"rendered":"<p>Defolu \u00e7ama\u015f\u0131r makinesi Defolu \u00c7ama\u015f\u0131r Makinesi \u00d6zellikleri. Temizli\u011fin \u00c7ama\u015f\u0131r Makinesi Modelleri, ikinci el ve s\u0131f\u0131r se\u00e7enekleri ve b\u00fct\u00e7enize uygun fiyat en etkili bi\u00e7imde ger\u00e7ekle\u015ftirilmesi bireylerin fizyolojik ve psikolojik a\u00e7\u0131lardan rahatlamas\u0131n\u0131 Spot Beyaz E\u015fya \u00dcr\u00fcnleri fiyatlarla defolu \u00e7ama\u015f\u0131r makinelerini ke\u015ffedin. \u015eimdi t\u0131klay\u0131n ve avantajl\u0131 fiyatlar\u0131 yakalay\u0131n! S\u0131f\u0131r veya Fabrikadan Defolu \u00c7ama\u015f\u0131r Makineleri ya da ikinci El \u00c7ama\u015f\u0131r Makinesi<\/p>\n","protected":false},"featured_media":444,"template":"","meta":[],"product_brand":[],"product_cat":[33],"product_tag":[37],"class_list":{"0":"post-442","1":"product","2":"type-product","3":"status-publish","4":"has-post-thumbnail","6":"product_cat-spot-defolu-esya","7":"product_tag-ikinci-el-camasir-makinesi","9":"first","10":"instock","11":"sale","12":"shipping-taxable","13":"purchasable","14":"product-type-simple"},"_links":{"self":[{"href":"https:\/\/spotesya.com\/ikinciel\/wp-json\/wp\/v2\/product\/442","targetHints":{"allow":["GET"]}}],"collection":[{"href":"https:\/\/spotesya.com\/ikinciel\/wp-json\/wp\/v2\/product"}],"about":[{"href":"https:\/\/spotesya.com\/ikinciel\/wp-json\/wp\/v2\/types\/product"}],"wp:featuredmedia":[{"embeddable":true,"href":"https:\/\/spotesya.com\/ikinciel\/wp-json\/wp\/v2\/media\/444"}],"wp:attachment":[{"href":"https:\/\/spotesya.com\/ikinciel\/wp-json\/wp\/v2\/media?parent=442"}],"wp:term":[{"taxonomy":"product_brand","embeddable":true,"href":"https:\/\/spotesya.com\/ikinciel\/wp-json\/wp\/v2\/product_brand?post=442"},{"taxonomy":"product_cat","embeddable":true,"href":"https:\/\/spotesya.com\/ikinciel\/wp-json\/wp\/v2\/product_cat?post=442"},{"taxonomy":"product_tag","embeddable":true,"href":"https:\/\/spotesya.com\/ikinciel\/wp-json\/wp\/v2\/product_tag?post=442"}],"curies":[{"name":"wp","href":"https:\/\/api.w.org\/{rel}","templated":true}]}}