{"id":446,"date":"2024-07-02T11:20:50","date_gmt":"2024-07-02T08:20:50","guid":{"rendered":"https:\/\/spotesya.com\/ikinciel\/?post_type=product&#038;p=446"},"modified":"2024-07-02T11:20:50","modified_gmt":"2024-07-02T08:20:50","slug":"teshir-buzdolabi-satan-yerler-fabrikadan-defolu-buzdolabi","status":"publish","type":"product","link":"https:\/\/spotesya.com\/ikinciel\/urun\/teshir-buzdolabi-satan-yerler-fabrikadan-defolu-buzdolabi\/","title":{"rendered":"Te\u015fhir buzdolab\u0131 satan yerler fabrikadan defolu buzdolab\u0131"},"content":{"rendered":"<p><img loading=\"lazy\" decoding=\"async\" class=\"aligncenter size-full wp-image-447\" src=\"https:\/\/spotesya.com\/ikinciel\/wp-content\/uploads\/2024\/07\/fabrikadan-defolu-buzdolabi-2.png\" alt=\"\" width=\"837\" height=\"636\" title=\"\" srcset=\"https:\/\/spotesya.com\/ikinciel\/wp-content\/uploads\/2024\/07\/fabrikadan-defolu-buzdolabi-2.png 837w, https:\/\/spotesya.com\/ikinciel\/wp-content\/uploads\/2024\/07\/fabrikadan-defolu-buzdolabi-2-300x228.png 300w, https:\/\/spotesya.com\/ikinciel\/wp-content\/uploads\/2024\/07\/fabrikadan-defolu-buzdolabi-2-768x584.png 768w, https:\/\/spotesya.com\/ikinciel\/wp-content\/uploads\/2024\/07\/fabrikadan-defolu-buzdolabi-2-600x456.png 600w\" sizes=\"auto, (max-width: 837px) 100vw, 837px\" \/> <img loading=\"lazy\" decoding=\"async\" class=\"aligncenter size-full wp-image-448\" src=\"https:\/\/spotesya.com\/ikinciel\/wp-content\/uploads\/2024\/07\/fabrikadan-defolu-buzdolabi-1.png\" alt=\"\" width=\"940\" height=\"591\" title=\"\" srcset=\"https:\/\/spotesya.com\/ikinciel\/wp-content\/uploads\/2024\/07\/fabrikadan-defolu-buzdolabi-1.png 940w, https:\/\/spotesya.com\/ikinciel\/wp-content\/uploads\/2024\/07\/fabrikadan-defolu-buzdolabi-1-300x189.png 300w, https:\/\/spotesya.com\/ikinciel\/wp-content\/uploads\/2024\/07\/fabrikadan-defolu-buzdolabi-1-768x483.png 768w, https:\/\/spotesya.com\/ikinciel\/wp-content\/uploads\/2024\/07\/fabrikadan-defolu-buzdolabi-1-600x377.png 600w\" sizes=\"auto, (max-width: 940px) 100vw, 940px\" \/><\/p>\n","protected":false},"excerpt":{"rendered":"<p><strong>Defolu Te\u015fhir Buzdolab\u0131 ; VESTEL BEYAZ BUZDOLABI<\/strong> Buzdolab\u0131 modelleri hem ev hem de yemekle alakal\u0131 i\u015fletmelerin yan\u0131nda otel, pansiyon ve ofis tipi i\u015f yerlerinde de tercih edilir. 65. 25,400.00 ; BOSCH BEYAZ BUZDOLABI \u00b7 65. 25,400.00 ; AR\u00c7EL\u0130K \u0130NOX BUZDOLABI Outlet Buzdolab\u0131 Ar\u00e7elik Beko Samsung Marka Buzdolaplar\u0131 outlet f\u0131rsat\u0131 ile AR\u00c7EL\u0130K \u0130NOX Defolu beyaz e\u015fyada garanti var m\u0131?<br \/>\nTe\u015fhirden buzdolab\u0131 al\u0131n\u0131r m\u0131? Yeni buzdolab\u0131 ka\u00e7 saat sonra kullan\u0131l\u0131r? A +++ buzdolab\u0131 var m\u0131?<\/p>\n","protected":false},"featured_media":448,"template":"","meta":[],"product_brand":[],"product_cat":[33],"product_tag":[36],"class_list":{"0":"post-446","1":"product","2":"type-product","3":"status-publish","4":"has-post-thumbnail","6":"product_cat-spot-defolu-esya","7":"product_tag-ikinci-el-buzdolabi","9":"first","10":"instock","11":"sale","12":"shipping-taxable","13":"purchasable","14":"product-type-simple"},"_links":{"self":[{"href":"https:\/\/spotesya.com\/ikinciel\/wp-json\/wp\/v2\/product\/446","targetHints":{"allow":["GET"]}}],"collection":[{"href":"https:\/\/spotesya.com\/ikinciel\/wp-json\/wp\/v2\/product"}],"about":[{"href":"https:\/\/spotesya.com\/ikinciel\/wp-json\/wp\/v2\/types\/product"}],"wp:featuredmedia":[{"embeddable":true,"href":"https:\/\/spotesya.com\/ikinciel\/wp-json\/wp\/v2\/media\/448"}],"wp:attachment":[{"href":"https:\/\/spotesya.com\/ikinciel\/wp-json\/wp\/v2\/media?parent=446"}],"wp:term":[{"taxonomy":"product_brand","embeddable":true,"href":"https:\/\/spotesya.com\/ikinciel\/wp-json\/wp\/v2\/product_brand?post=446"},{"taxonomy":"product_cat","embeddable":true,"href":"https:\/\/spotesya.com\/ikinciel\/wp-json\/wp\/v2\/product_cat?post=446"},{"taxonomy":"product_tag","embeddable":true,"href":"https:\/\/spotesya.com\/ikinciel\/wp-json\/wp\/v2\/product_tag?post=446"}],"curies":[{"name":"wp","href":"https:\/\/api.w.org\/{rel}","templated":true}]}}