{"id":455,"date":"2024-07-12T11:25:20","date_gmt":"2024-07-12T08:25:20","guid":{"rendered":"https:\/\/spotesya.com\/ikinciel\/?post_type=product&#038;p=455"},"modified":"2024-07-12T11:25:20","modified_gmt":"2024-07-12T08:25:20","slug":"cikma-havalandirma-borusu-sistemleri-restoran-havalandirma","status":"publish","type":"product","link":"https:\/\/spotesya.com\/ikinciel\/urun\/cikma-havalandirma-borusu-sistemleri-restoran-havalandirma\/","title":{"rendered":"\u00c7\u0131kma havaland\u0131rma borusu sistemleri restoran havalandirma"},"content":{"rendered":"<p><img loading=\"lazy\" decoding=\"async\" class=\"aligncenter size-full wp-image-456\" src=\"https:\/\/spotesya.com\/ikinciel\/wp-content\/uploads\/2024\/07\/cikma-havalandirma-borusu-3.png\" alt=\"\" width=\"987\" height=\"558\" title=\"\" srcset=\"https:\/\/spotesya.com\/ikinciel\/wp-content\/uploads\/2024\/07\/cikma-havalandirma-borusu-3.png 987w, https:\/\/spotesya.com\/ikinciel\/wp-content\/uploads\/2024\/07\/cikma-havalandirma-borusu-3-300x170.png 300w, https:\/\/spotesya.com\/ikinciel\/wp-content\/uploads\/2024\/07\/cikma-havalandirma-borusu-3-768x434.png 768w, https:\/\/spotesya.com\/ikinciel\/wp-content\/uploads\/2024\/07\/cikma-havalandirma-borusu-3-600x339.png 600w\" sizes=\"auto, (max-width: 987px) 100vw, 987px\" \/> <img loading=\"lazy\" decoding=\"async\" class=\"aligncenter size-full wp-image-457\" src=\"https:\/\/spotesya.com\/ikinciel\/wp-content\/uploads\/2024\/07\/cikma-havalandirma-borusu-1.png\" alt=\"\" width=\"616\" height=\"614\" title=\"\" srcset=\"https:\/\/spotesya.com\/ikinciel\/wp-content\/uploads\/2024\/07\/cikma-havalandirma-borusu-1.png 616w, https:\/\/spotesya.com\/ikinciel\/wp-content\/uploads\/2024\/07\/cikma-havalandirma-borusu-1-300x300.png 300w, https:\/\/spotesya.com\/ikinciel\/wp-content\/uploads\/2024\/07\/cikma-havalandirma-borusu-1-150x150.png 150w, https:\/\/spotesya.com\/ikinciel\/wp-content\/uploads\/2024\/07\/cikma-havalandirma-borusu-1-600x598.png 600w, https:\/\/spotesya.com\/ikinciel\/wp-content\/uploads\/2024\/07\/cikma-havalandirma-borusu-1-100x100.png 100w\" sizes=\"auto, (max-width: 616px) 100vw, 616px\" \/> <img loading=\"lazy\" decoding=\"async\" class=\"aligncenter size-full wp-image-458\" src=\"https:\/\/spotesya.com\/ikinciel\/wp-content\/uploads\/2024\/07\/cikma-havalandirma-borusu-2.png\" alt=\"\" width=\"979\" height=\"619\" title=\"\" srcset=\"https:\/\/spotesya.com\/ikinciel\/wp-content\/uploads\/2024\/07\/cikma-havalandirma-borusu-2.png 979w, https:\/\/spotesya.com\/ikinciel\/wp-content\/uploads\/2024\/07\/cikma-havalandirma-borusu-2-300x190.png 300w, https:\/\/spotesya.com\/ikinciel\/wp-content\/uploads\/2024\/07\/cikma-havalandirma-borusu-2-768x486.png 768w, https:\/\/spotesya.com\/ikinciel\/wp-content\/uploads\/2024\/07\/cikma-havalandirma-borusu-2-600x379.png 600w\" sizes=\"auto, (max-width: 979px) 100vw, 979px\" \/><\/p>\n","protected":false},"excerpt":{"rendered":"<p><strong>\u00e7\u0131kma havaland\u0131rma borusu Is\u0131 &amp; Havaland\u0131rma<\/strong> End\u00fcstri makineleri s\u0131f\u0131r, ikinci el uygun fiyatlar\u0131yla ilan ve al\u0131\u015fveri\u015fte ilk adres sahibinden \u0130kinci El Krom Tezgah Fiyatlar\u0131 1978 y\u0131l\u0131ndan itibaren Zararl\u0131 gazlar\u0131n ve kirlenmi\u015f hava tabakas\u0131n\u0131n ar\u0131nd\u0131r\u0131lmas\u0131nda kullan\u0131lan sistemler, Sanayiden havaland\u0131rma Problemlerinize an\u0131nda \u00e7\u00f6z\u00fcm \u00fcreteriyoruz,\u00a0 \u0130klimlendirme Havaland\u0131rma Sistemleri restoran havalandirma<\/p>\n","protected":false},"featured_media":458,"template":"","meta":[],"product_brand":[],"product_cat":[15],"product_tag":[],"class_list":{"0":"post-455","1":"product","2":"type-product","3":"status-publish","4":"has-post-thumbnail","6":"product_cat-ikinci-el-esya","8":"first","9":"instock","10":"sale","11":"shipping-taxable","12":"purchasable","13":"product-type-simple"},"_links":{"self":[{"href":"https:\/\/spotesya.com\/ikinciel\/wp-json\/wp\/v2\/product\/455","targetHints":{"allow":["GET"]}}],"collection":[{"href":"https:\/\/spotesya.com\/ikinciel\/wp-json\/wp\/v2\/product"}],"about":[{"href":"https:\/\/spotesya.com\/ikinciel\/wp-json\/wp\/v2\/types\/product"}],"wp:featuredmedia":[{"embeddable":true,"href":"https:\/\/spotesya.com\/ikinciel\/wp-json\/wp\/v2\/media\/458"}],"wp:attachment":[{"href":"https:\/\/spotesya.com\/ikinciel\/wp-json\/wp\/v2\/media?parent=455"}],"wp:term":[{"taxonomy":"product_brand","embeddable":true,"href":"https:\/\/spotesya.com\/ikinciel\/wp-json\/wp\/v2\/product_brand?post=455"},{"taxonomy":"product_cat","embeddable":true,"href":"https:\/\/spotesya.com\/ikinciel\/wp-json\/wp\/v2\/product_cat?post=455"},{"taxonomy":"product_tag","embeddable":true,"href":"https:\/\/spotesya.com\/ikinciel\/wp-json\/wp\/v2\/product_tag?post=455"}],"curies":[{"name":"wp","href":"https:\/\/api.w.org\/{rel}","templated":true}]}}