{"id":459,"date":"2024-07-12T11:28:54","date_gmt":"2024-07-12T08:28:54","guid":{"rendered":"https:\/\/spotesya.com\/ikinciel\/?post_type=product&#038;p=459"},"modified":"2024-07-12T11:28:54","modified_gmt":"2024-07-12T08:28:54","slug":"altus-statik-buzdolabi-2-senelik-tas-gibi-ucuz-buzdolabi","status":"publish","type":"product","link":"https:\/\/spotesya.com\/ikinciel\/urun\/altus-statik-buzdolabi-2-senelik-tas-gibi-ucuz-buzdolabi\/","title":{"rendered":"Altus statik buzdolab\u0131 2 senelik ta\u015f gibi ucuz buzdolab\u0131"},"content":{"rendered":"<p><img loading=\"lazy\" decoding=\"async\" class=\"aligncenter size-full wp-image-460\" src=\"https:\/\/spotesya.com\/ikinciel\/wp-content\/uploads\/2024\/07\/Altus-statik-buzdolabi-1.png\" alt=\"\" width=\"755\" height=\"631\" title=\"\" srcset=\"https:\/\/spotesya.com\/ikinciel\/wp-content\/uploads\/2024\/07\/Altus-statik-buzdolabi-1.png 755w, https:\/\/spotesya.com\/ikinciel\/wp-content\/uploads\/2024\/07\/Altus-statik-buzdolabi-1-300x251.png 300w, https:\/\/spotesya.com\/ikinciel\/wp-content\/uploads\/2024\/07\/Altus-statik-buzdolabi-1-600x501.png 600w\" sizes=\"auto, (max-width: 755px) 100vw, 755px\" \/> <img loading=\"lazy\" decoding=\"async\" class=\"aligncenter size-full wp-image-461\" src=\"https:\/\/spotesya.com\/ikinciel\/wp-content\/uploads\/2024\/07\/Altus-statik-buzdolabi-2.png\" alt=\"\" width=\"607\" height=\"632\" title=\"\" srcset=\"https:\/\/spotesya.com\/ikinciel\/wp-content\/uploads\/2024\/07\/Altus-statik-buzdolabi-2.png 607w, https:\/\/spotesya.com\/ikinciel\/wp-content\/uploads\/2024\/07\/Altus-statik-buzdolabi-2-288x300.png 288w, https:\/\/spotesya.com\/ikinciel\/wp-content\/uploads\/2024\/07\/Altus-statik-buzdolabi-2-600x625.png 600w\" sizes=\"auto, (max-width: 607px) 100vw, 607px\" \/> <img loading=\"lazy\" decoding=\"async\" class=\"aligncenter size-full wp-image-462\" src=\"https:\/\/spotesya.com\/ikinciel\/wp-content\/uploads\/2024\/07\/Altus-statik-buzdolabi-3.png\" alt=\"\" width=\"937\" height=\"624\" title=\"\" srcset=\"https:\/\/spotesya.com\/ikinciel\/wp-content\/uploads\/2024\/07\/Altus-statik-buzdolabi-3.png 937w, https:\/\/spotesya.com\/ikinciel\/wp-content\/uploads\/2024\/07\/Altus-statik-buzdolabi-3-300x200.png 300w, https:\/\/spotesya.com\/ikinciel\/wp-content\/uploads\/2024\/07\/Altus-statik-buzdolabi-3-768x511.png 768w, https:\/\/spotesya.com\/ikinciel\/wp-content\/uploads\/2024\/07\/Altus-statik-buzdolabi-3-600x400.png 600w\" sizes=\"auto, (max-width: 937px) 100vw, 937px\" \/><\/p>\n","protected":false},"excerpt":{"rendered":"<p>Altus statik buzdolab\u0131 Buzdolab\u0131 Modelleri, ikinci el ve s\u0131f\u0131r \u00dcr\u00fcn\u00fcm\u00fcz son derece temiz olup garanti s\u00fcresi devam etmektedir. Ar\u00e7elik beyaz e\u015fya grubu se\u00e7enekleri ve \u00dcr\u00fcn A\u00e7\u0131klamas\u0131. ikinci el altus buzdolab\u0131 NOFROS 465 L\u0130TRE A++ ENERJ\u0130 YEN\u0130 NES\u0130L. b\u00fct\u00e7enize uygun fiyat alternatifleriyle<\/p>\n","protected":false},"featured_media":462,"template":"","meta":[],"product_brand":[],"product_cat":[30],"product_tag":[36],"class_list":{"0":"post-459","1":"product","2":"type-product","3":"status-publish","4":"has-post-thumbnail","6":"product_cat-ikinci-el-beyaz-esya","7":"product_tag-ikinci-el-buzdolabi","9":"first","10":"instock","11":"sale","12":"shipping-taxable","13":"purchasable","14":"product-type-simple"},"_links":{"self":[{"href":"https:\/\/spotesya.com\/ikinciel\/wp-json\/wp\/v2\/product\/459","targetHints":{"allow":["GET"]}}],"collection":[{"href":"https:\/\/spotesya.com\/ikinciel\/wp-json\/wp\/v2\/product"}],"about":[{"href":"https:\/\/spotesya.com\/ikinciel\/wp-json\/wp\/v2\/types\/product"}],"wp:featuredmedia":[{"embeddable":true,"href":"https:\/\/spotesya.com\/ikinciel\/wp-json\/wp\/v2\/media\/462"}],"wp:attachment":[{"href":"https:\/\/spotesya.com\/ikinciel\/wp-json\/wp\/v2\/media?parent=459"}],"wp:term":[{"taxonomy":"product_brand","embeddable":true,"href":"https:\/\/spotesya.com\/ikinciel\/wp-json\/wp\/v2\/product_brand?post=459"},{"taxonomy":"product_cat","embeddable":true,"href":"https:\/\/spotesya.com\/ikinciel\/wp-json\/wp\/v2\/product_cat?post=459"},{"taxonomy":"product_tag","embeddable":true,"href":"https:\/\/spotesya.com\/ikinciel\/wp-json\/wp\/v2\/product_tag?post=459"}],"curies":[{"name":"wp","href":"https:\/\/api.w.org\/{rel}","templated":true}]}}