{"id":463,"date":"2024-07-13T09:31:26","date_gmt":"2024-07-13T06:31:26","guid":{"rendered":"https:\/\/spotesya.com\/ikinciel\/?post_type=product&#038;p=463"},"modified":"2024-07-13T09:31:26","modified_gmt":"2024-07-13T06:31:26","slug":"cikma-pencere-kapi-iyi-durumda-kentsel-donusumden-cikmis-pimapen-pencere-kapi","status":"publish","type":"product","link":"https:\/\/spotesya.com\/ikinciel\/urun\/cikma-pencere-kapi-iyi-durumda-kentsel-donusumden-cikmis-pimapen-pencere-kapi\/","title":{"rendered":"\u00c7\u0131kma pencere kap\u0131 iyi durumda kentsel d\u00f6n\u00fc\u015f\u00fcmden \u00e7\u0131km\u0131\u015f pimapen pencere kap\u0131"},"content":{"rendered":"<p><img loading=\"lazy\" decoding=\"async\" class=\"aligncenter size-full wp-image-464\" src=\"https:\/\/spotesya.com\/ikinciel\/wp-content\/uploads\/2024\/07\/Cikma-pencere-kapi-3.png\" alt=\"\" width=\"910\" height=\"615\" title=\"\" srcset=\"https:\/\/spotesya.com\/ikinciel\/wp-content\/uploads\/2024\/07\/Cikma-pencere-kapi-3.png 910w, https:\/\/spotesya.com\/ikinciel\/wp-content\/uploads\/2024\/07\/Cikma-pencere-kapi-3-300x203.png 300w, https:\/\/spotesya.com\/ikinciel\/wp-content\/uploads\/2024\/07\/Cikma-pencere-kapi-3-768x519.png 768w, https:\/\/spotesya.com\/ikinciel\/wp-content\/uploads\/2024\/07\/Cikma-pencere-kapi-3-600x405.png 600w\" sizes=\"auto, (max-width: 910px) 100vw, 910px\" \/> <img loading=\"lazy\" decoding=\"async\" class=\"aligncenter size-full wp-image-465\" src=\"https:\/\/spotesya.com\/ikinciel\/wp-content\/uploads\/2024\/07\/Cikma-pencere-kapi-4.png\" alt=\"\" width=\"1051\" height=\"615\" title=\"\" srcset=\"https:\/\/spotesya.com\/ikinciel\/wp-content\/uploads\/2024\/07\/Cikma-pencere-kapi-4.png 1051w, https:\/\/spotesya.com\/ikinciel\/wp-content\/uploads\/2024\/07\/Cikma-pencere-kapi-4-300x176.png 300w, https:\/\/spotesya.com\/ikinciel\/wp-content\/uploads\/2024\/07\/Cikma-pencere-kapi-4-1024x599.png 1024w, https:\/\/spotesya.com\/ikinciel\/wp-content\/uploads\/2024\/07\/Cikma-pencere-kapi-4-768x449.png 768w, https:\/\/spotesya.com\/ikinciel\/wp-content\/uploads\/2024\/07\/Cikma-pencere-kapi-4-600x351.png 600w\" sizes=\"auto, (max-width: 1051px) 100vw, 1051px\" \/> <img loading=\"lazy\" decoding=\"async\" class=\"aligncenter size-full wp-image-466\" src=\"https:\/\/spotesya.com\/ikinciel\/wp-content\/uploads\/2024\/07\/Cikma-pencere-kapi-1.png\" alt=\"\" width=\"1025\" height=\"629\" title=\"\" srcset=\"https:\/\/spotesya.com\/ikinciel\/wp-content\/uploads\/2024\/07\/Cikma-pencere-kapi-1.png 1025w, https:\/\/spotesya.com\/ikinciel\/wp-content\/uploads\/2024\/07\/Cikma-pencere-kapi-1-300x184.png 300w, https:\/\/spotesya.com\/ikinciel\/wp-content\/uploads\/2024\/07\/Cikma-pencere-kapi-1-768x471.png 768w, https:\/\/spotesya.com\/ikinciel\/wp-content\/uploads\/2024\/07\/Cikma-pencere-kapi-1-600x368.png 600w\" sizes=\"auto, (max-width: 1025px) 100vw, 1025px\" \/> <img loading=\"lazy\" decoding=\"async\" class=\"aligncenter size-full wp-image-467\" src=\"https:\/\/spotesya.com\/ikinciel\/wp-content\/uploads\/2024\/07\/Cikma-pencere-kapi-2.png\" alt=\"\" width=\"1041\" height=\"633\" title=\"\" srcset=\"https:\/\/spotesya.com\/ikinciel\/wp-content\/uploads\/2024\/07\/Cikma-pencere-kapi-2.png 1041w, https:\/\/spotesya.com\/ikinciel\/wp-content\/uploads\/2024\/07\/Cikma-pencere-kapi-2-300x182.png 300w, https:\/\/spotesya.com\/ikinciel\/wp-content\/uploads\/2024\/07\/Cikma-pencere-kapi-2-1024x623.png 1024w, https:\/\/spotesya.com\/ikinciel\/wp-content\/uploads\/2024\/07\/Cikma-pencere-kapi-2-768x467.png 768w, https:\/\/spotesya.com\/ikinciel\/wp-content\/uploads\/2024\/07\/Cikma-pencere-kapi-2-600x365.png 600w\" sizes=\"auto, (max-width: 1041px) 100vw, 1041px\" \/><\/p>\n","protected":false},"excerpt":{"rendered":"<p><strong>2.el pvc kap\u0131 fiyatlar\u0131 \u0130kinci el pimapen Sultabeyli,<\/strong> s\u0131f\u0131r jelatinli hi\u00e7 kullan\u0131lmam\u0131\u015f pencereli uygun fiyatlar ile sizlere sunar. Fabrikadan \u00e7\u0131kt\u0131ktan sonra 2. El \u00c7\u0131kma Pimapen Kap\u0131 Pencere \u0130zmir Uygun Fiyatlar ve Kazan\u00e7l\u0131 Al\u0131\u015fveri\u015f \u00b7 Montajda yanl\u0131\u015f al\u0131nan \u00f6l\u00e7\u00fcden<br \/>\n2. el kap\u0131 Fiyatlar\u0131<\/p>\n","protected":false},"featured_media":467,"template":"","meta":[],"product_brand":[],"product_cat":[15],"product_tag":[],"class_list":{"0":"post-463","1":"product","2":"type-product","3":"status-publish","4":"has-post-thumbnail","6":"product_cat-ikinci-el-esya","8":"first","9":"instock","10":"sale","11":"shipping-taxable","12":"purchasable","13":"product-type-simple"},"_links":{"self":[{"href":"https:\/\/spotesya.com\/ikinciel\/wp-json\/wp\/v2\/product\/463","targetHints":{"allow":["GET"]}}],"collection":[{"href":"https:\/\/spotesya.com\/ikinciel\/wp-json\/wp\/v2\/product"}],"about":[{"href":"https:\/\/spotesya.com\/ikinciel\/wp-json\/wp\/v2\/types\/product"}],"wp:featuredmedia":[{"embeddable":true,"href":"https:\/\/spotesya.com\/ikinciel\/wp-json\/wp\/v2\/media\/467"}],"wp:attachment":[{"href":"https:\/\/spotesya.com\/ikinciel\/wp-json\/wp\/v2\/media?parent=463"}],"wp:term":[{"taxonomy":"product_brand","embeddable":true,"href":"https:\/\/spotesya.com\/ikinciel\/wp-json\/wp\/v2\/product_brand?post=463"},{"taxonomy":"product_cat","embeddable":true,"href":"https:\/\/spotesya.com\/ikinciel\/wp-json\/wp\/v2\/product_cat?post=463"},{"taxonomy":"product_tag","embeddable":true,"href":"https:\/\/spotesya.com\/ikinciel\/wp-json\/wp\/v2\/product_tag?post=463"}],"curies":[{"name":"wp","href":"https:\/\/api.w.org\/{rel}","templated":true}]}}