{"id":468,"date":"2024-07-13T09:36:45","date_gmt":"2024-07-13T06:36:45","guid":{"rendered":"https:\/\/spotesya.com\/ikinciel\/?post_type=product&#038;p=468"},"modified":"2024-07-13T09:36:45","modified_gmt":"2024-07-13T06:36:45","slug":"cikma-mutfak-dolabi-en-iyi-fiyat-spot-mutfak-dolaplari-ucuz-ve-kaliteli-mobilya","status":"publish","type":"product","link":"https:\/\/spotesya.com\/ikinciel\/urun\/cikma-mutfak-dolabi-en-iyi-fiyat-spot-mutfak-dolaplari-ucuz-ve-kaliteli-mobilya\/","title":{"rendered":"\u00c7\u0131kma mutfak dolab\u0131 en iyi fiyat spot mutfak dolaplar\u0131 ucuz ve kaliteli mobilya"},"content":{"rendered":"<p><img loading=\"lazy\" decoding=\"async\" class=\"aligncenter size-full wp-image-469\" src=\"https:\/\/spotesya.com\/ikinciel\/wp-content\/uploads\/2024\/07\/Cikma-mutfak-dolabi-1.png\" alt=\"\" width=\"956\" height=\"618\" title=\"\" srcset=\"https:\/\/spotesya.com\/ikinciel\/wp-content\/uploads\/2024\/07\/Cikma-mutfak-dolabi-1.png 956w, https:\/\/spotesya.com\/ikinciel\/wp-content\/uploads\/2024\/07\/Cikma-mutfak-dolabi-1-300x194.png 300w, https:\/\/spotesya.com\/ikinciel\/wp-content\/uploads\/2024\/07\/Cikma-mutfak-dolabi-1-768x496.png 768w, https:\/\/spotesya.com\/ikinciel\/wp-content\/uploads\/2024\/07\/Cikma-mutfak-dolabi-1-600x388.png 600w\" sizes=\"auto, (max-width: 956px) 100vw, 956px\" \/> <img loading=\"lazy\" decoding=\"async\" class=\"aligncenter size-full wp-image-470\" src=\"https:\/\/spotesya.com\/ikinciel\/wp-content\/uploads\/2024\/07\/Cikma-mutfak-dolabi-2.png\" alt=\"\" width=\"1054\" height=\"628\" title=\"\" srcset=\"https:\/\/spotesya.com\/ikinciel\/wp-content\/uploads\/2024\/07\/Cikma-mutfak-dolabi-2.png 1054w, https:\/\/spotesya.com\/ikinciel\/wp-content\/uploads\/2024\/07\/Cikma-mutfak-dolabi-2-300x179.png 300w, https:\/\/spotesya.com\/ikinciel\/wp-content\/uploads\/2024\/07\/Cikma-mutfak-dolabi-2-1024x610.png 1024w, https:\/\/spotesya.com\/ikinciel\/wp-content\/uploads\/2024\/07\/Cikma-mutfak-dolabi-2-768x458.png 768w, https:\/\/spotesya.com\/ikinciel\/wp-content\/uploads\/2024\/07\/Cikma-mutfak-dolabi-2-600x357.png 600w\" sizes=\"auto, (max-width: 1054px) 100vw, 1054px\" \/> <img loading=\"lazy\" decoding=\"async\" class=\"aligncenter size-full wp-image-471\" src=\"https:\/\/spotesya.com\/ikinciel\/wp-content\/uploads\/2024\/07\/Cikma-mutfak-dolabi-3.png\" alt=\"\" width=\"847\" height=\"631\" title=\"\" srcset=\"https:\/\/spotesya.com\/ikinciel\/wp-content\/uploads\/2024\/07\/Cikma-mutfak-dolabi-3.png 847w, https:\/\/spotesya.com\/ikinciel\/wp-content\/uploads\/2024\/07\/Cikma-mutfak-dolabi-3-300x223.png 300w, https:\/\/spotesya.com\/ikinciel\/wp-content\/uploads\/2024\/07\/Cikma-mutfak-dolabi-3-768x572.png 768w, https:\/\/spotesya.com\/ikinciel\/wp-content\/uploads\/2024\/07\/Cikma-mutfak-dolabi-3-160x120.png 160w, https:\/\/spotesya.com\/ikinciel\/wp-content\/uploads\/2024\/07\/Cikma-mutfak-dolabi-3-600x447.png 600w\" sizes=\"auto, (max-width: 847px) 100vw, 847px\" \/> <img loading=\"lazy\" decoding=\"async\" class=\"aligncenter size-full wp-image-472\" src=\"https:\/\/spotesya.com\/ikinciel\/wp-content\/uploads\/2024\/07\/Cikma-mutfak-dolabi-4.png\" alt=\"\" width=\"783\" height=\"633\" title=\"\" srcset=\"https:\/\/spotesya.com\/ikinciel\/wp-content\/uploads\/2024\/07\/Cikma-mutfak-dolabi-4.png 783w, https:\/\/spotesya.com\/ikinciel\/wp-content\/uploads\/2024\/07\/Cikma-mutfak-dolabi-4-300x243.png 300w, https:\/\/spotesya.com\/ikinciel\/wp-content\/uploads\/2024\/07\/Cikma-mutfak-dolabi-4-768x621.png 768w, https:\/\/spotesya.com\/ikinciel\/wp-content\/uploads\/2024\/07\/Cikma-mutfak-dolabi-4-600x485.png 600w\" sizes=\"auto, (max-width: 783px) 100vw, 783px\" \/> <img loading=\"lazy\" decoding=\"async\" class=\"aligncenter size-full wp-image-473\" src=\"https:\/\/spotesya.com\/ikinciel\/wp-content\/uploads\/2024\/07\/Cikma-mutfak-dolabi-5.png\" alt=\"\" width=\"792\" height=\"631\" title=\"\" srcset=\"https:\/\/spotesya.com\/ikinciel\/wp-content\/uploads\/2024\/07\/Cikma-mutfak-dolabi-5.png 792w, https:\/\/spotesya.com\/ikinciel\/wp-content\/uploads\/2024\/07\/Cikma-mutfak-dolabi-5-300x239.png 300w, https:\/\/spotesya.com\/ikinciel\/wp-content\/uploads\/2024\/07\/Cikma-mutfak-dolabi-5-768x612.png 768w, https:\/\/spotesya.com\/ikinciel\/wp-content\/uploads\/2024\/07\/Cikma-mutfak-dolabi-5-600x478.png 600w\" sizes=\"auto, (max-width: 792px) 100vw, 792px\" \/><\/p>\n","protected":false},"excerpt":{"rendered":"<p>2. el \u00e7\u0131kma mutfak dolaplar\u0131 kocaeli <strong>ikinci El Mutfak dolaplar\u0131<\/strong> Ankara \u0130kinci el mutfak dolab\u0131 \u0130zmir i\u00e7i sat\u0131n alabilece\u011finiz platforma ho\u015f geldiniz. Bu platformda 2 el 2. el \u00e7\u0131kma mutfak tezgah\u0131 Dolap Tak\u0131mlar\u0131 i\u00e7in Uygun Kullan\u0131m \u00d6nerileri. Yatak odas\u0131, mutfak ve banyolar\u0131n hem 2.el mutfak tezgah\u0131 fiyatlar\u0131<\/p>\n","protected":false},"featured_media":471,"template":"","meta":[],"product_brand":[],"product_cat":[32,33],"product_tag":[],"class_list":{"0":"post-468","1":"product","2":"type-product","3":"status-publish","4":"has-post-thumbnail","6":"product_cat-ikinci-el-mobilya","7":"product_cat-spot-defolu-esya","9":"first","10":"instock","11":"sale","12":"shipping-taxable","13":"purchasable","14":"product-type-simple"},"_links":{"self":[{"href":"https:\/\/spotesya.com\/ikinciel\/wp-json\/wp\/v2\/product\/468","targetHints":{"allow":["GET"]}}],"collection":[{"href":"https:\/\/spotesya.com\/ikinciel\/wp-json\/wp\/v2\/product"}],"about":[{"href":"https:\/\/spotesya.com\/ikinciel\/wp-json\/wp\/v2\/types\/product"}],"wp:featuredmedia":[{"embeddable":true,"href":"https:\/\/spotesya.com\/ikinciel\/wp-json\/wp\/v2\/media\/471"}],"wp:attachment":[{"href":"https:\/\/spotesya.com\/ikinciel\/wp-json\/wp\/v2\/media?parent=468"}],"wp:term":[{"taxonomy":"product_brand","embeddable":true,"href":"https:\/\/spotesya.com\/ikinciel\/wp-json\/wp\/v2\/product_brand?post=468"},{"taxonomy":"product_cat","embeddable":true,"href":"https:\/\/spotesya.com\/ikinciel\/wp-json\/wp\/v2\/product_cat?post=468"},{"taxonomy":"product_tag","embeddable":true,"href":"https:\/\/spotesya.com\/ikinciel\/wp-json\/wp\/v2\/product_tag?post=468"}],"curies":[{"name":"wp","href":"https:\/\/api.w.org\/{rel}","templated":true}]}}