{"id":483,"date":"2024-07-16T17:01:29","date_gmt":"2024-07-16T14:01:29","guid":{"rendered":"https:\/\/spotesya.com\/ikinciel\/?post_type=product&#038;p=483"},"modified":"2024-07-16T17:01:29","modified_gmt":"2024-07-16T14:01:29","slug":"ikea-beyaz-calisma-masasi-acil-iyi-durumda-satilik","status":"publish","type":"product","link":"https:\/\/spotesya.com\/ikinciel\/urun\/ikea-beyaz-calisma-masasi-acil-iyi-durumda-satilik\/","title":{"rendered":"ikea beyaz \u00e7al\u0131\u015fma masas\u0131 acil iyi durumda sat\u0131l\u0131k"},"content":{"rendered":"<p><img loading=\"lazy\" decoding=\"async\" class=\"aligncenter size-full wp-image-484\" src=\"https:\/\/spotesya.com\/ikinciel\/wp-content\/uploads\/2024\/07\/ikea-beyaz-calisma-masasi-acil-1.png\" alt=\"\" width=\"866\" height=\"627\" title=\"\" srcset=\"https:\/\/spotesya.com\/ikinciel\/wp-content\/uploads\/2024\/07\/ikea-beyaz-calisma-masasi-acil-1.png 866w, https:\/\/spotesya.com\/ikinciel\/wp-content\/uploads\/2024\/07\/ikea-beyaz-calisma-masasi-acil-1-300x217.png 300w, https:\/\/spotesya.com\/ikinciel\/wp-content\/uploads\/2024\/07\/ikea-beyaz-calisma-masasi-acil-1-768x556.png 768w, https:\/\/spotesya.com\/ikinciel\/wp-content\/uploads\/2024\/07\/ikea-beyaz-calisma-masasi-acil-1-600x434.png 600w\" sizes=\"auto, (max-width: 866px) 100vw, 866px\" \/> <img loading=\"lazy\" decoding=\"async\" class=\"aligncenter size-full wp-image-485\" src=\"https:\/\/spotesya.com\/ikinciel\/wp-content\/uploads\/2024\/07\/ikea-beyaz-calisma-masasi-acil-2.png\" alt=\"\" width=\"867\" height=\"625\" title=\"\" srcset=\"https:\/\/spotesya.com\/ikinciel\/wp-content\/uploads\/2024\/07\/ikea-beyaz-calisma-masasi-acil-2.png 867w, https:\/\/spotesya.com\/ikinciel\/wp-content\/uploads\/2024\/07\/ikea-beyaz-calisma-masasi-acil-2-300x216.png 300w, https:\/\/spotesya.com\/ikinciel\/wp-content\/uploads\/2024\/07\/ikea-beyaz-calisma-masasi-acil-2-768x554.png 768w, https:\/\/spotesya.com\/ikinciel\/wp-content\/uploads\/2024\/07\/ikea-beyaz-calisma-masasi-acil-2-600x433.png 600w\" sizes=\"auto, (max-width: 867px) 100vw, 867px\" \/> <img loading=\"lazy\" decoding=\"async\" class=\"aligncenter size-full wp-image-486\" src=\"https:\/\/spotesya.com\/ikinciel\/wp-content\/uploads\/2024\/07\/ikea-beyaz-calisma-masasi-acil-3.png\" alt=\"\" width=\"867\" height=\"631\" title=\"\" srcset=\"https:\/\/spotesya.com\/ikinciel\/wp-content\/uploads\/2024\/07\/ikea-beyaz-calisma-masasi-acil-3.png 867w, https:\/\/spotesya.com\/ikinciel\/wp-content\/uploads\/2024\/07\/ikea-beyaz-calisma-masasi-acil-3-300x218.png 300w, https:\/\/spotesya.com\/ikinciel\/wp-content\/uploads\/2024\/07\/ikea-beyaz-calisma-masasi-acil-3-768x559.png 768w, https:\/\/spotesya.com\/ikinciel\/wp-content\/uploads\/2024\/07\/ikea-beyaz-calisma-masasi-acil-3-600x437.png 600w\" sizes=\"auto, (max-width: 867px) 100vw, 867px\" \/><\/p>\n","protected":false},"excerpt":{"rendered":"<p>ikea beyaz \u00e7al\u0131\u015fma masas\u0131 acil Beyaz rengin geni\u015f ve ferah bir hissiyat yaratmas\u0131 beyaz rengin di\u011fer renklerle kolayca uyum sa\u011flamas\u0131ndan dolay\u0131 her stilde dekore edilmi\u015f alan ile uyumludur.<\/p>\n","protected":false},"featured_media":486,"template":"","meta":[],"product_brand":[],"product_cat":[32],"product_tag":[],"class_list":{"0":"post-483","1":"product","2":"type-product","3":"status-publish","4":"has-post-thumbnail","6":"product_cat-ikinci-el-mobilya","8":"first","9":"instock","10":"sale","11":"shipping-taxable","12":"purchasable","13":"product-type-simple"},"_links":{"self":[{"href":"https:\/\/spotesya.com\/ikinciel\/wp-json\/wp\/v2\/product\/483","targetHints":{"allow":["GET"]}}],"collection":[{"href":"https:\/\/spotesya.com\/ikinciel\/wp-json\/wp\/v2\/product"}],"about":[{"href":"https:\/\/spotesya.com\/ikinciel\/wp-json\/wp\/v2\/types\/product"}],"wp:featuredmedia":[{"embeddable":true,"href":"https:\/\/spotesya.com\/ikinciel\/wp-json\/wp\/v2\/media\/486"}],"wp:attachment":[{"href":"https:\/\/spotesya.com\/ikinciel\/wp-json\/wp\/v2\/media?parent=483"}],"wp:term":[{"taxonomy":"product_brand","embeddable":true,"href":"https:\/\/spotesya.com\/ikinciel\/wp-json\/wp\/v2\/product_brand?post=483"},{"taxonomy":"product_cat","embeddable":true,"href":"https:\/\/spotesya.com\/ikinciel\/wp-json\/wp\/v2\/product_cat?post=483"},{"taxonomy":"product_tag","embeddable":true,"href":"https:\/\/spotesya.com\/ikinciel\/wp-json\/wp\/v2\/product_tag?post=483"}],"curies":[{"name":"wp","href":"https:\/\/api.w.org\/{rel}","templated":true}]}}