{"id":494,"date":"2024-07-24T10:28:59","date_gmt":"2024-07-24T07:28:59","guid":{"rendered":"https:\/\/spotesya.com\/ikinciel\/?post_type=product&#038;p=494"},"modified":"2024-07-24T10:28:59","modified_gmt":"2024-07-24T07:28:59","slug":"2024-spot-seri-sonu-defolu-fayans-cesitleri","status":"publish","type":"product","link":"https:\/\/spotesya.com\/ikinciel\/urun\/2024-spot-seri-sonu-defolu-fayans-cesitleri\/","title":{"rendered":"2024 spot seri sonu defolu fayans \u00e7e\u015fitleri"},"content":{"rendered":"<p><img loading=\"lazy\" decoding=\"async\" class=\"aligncenter size-full wp-image-495\" src=\"https:\/\/spotesya.com\/ikinciel\/wp-content\/uploads\/2024\/07\/spot-seri-sonu-defolu-fayans-3.png\" alt=\"\" width=\"821\" height=\"528\" title=\"\" srcset=\"https:\/\/spotesya.com\/ikinciel\/wp-content\/uploads\/2024\/07\/spot-seri-sonu-defolu-fayans-3.png 821w, https:\/\/spotesya.com\/ikinciel\/wp-content\/uploads\/2024\/07\/spot-seri-sonu-defolu-fayans-3-300x193.png 300w, https:\/\/spotesya.com\/ikinciel\/wp-content\/uploads\/2024\/07\/spot-seri-sonu-defolu-fayans-3-768x494.png 768w, https:\/\/spotesya.com\/ikinciel\/wp-content\/uploads\/2024\/07\/spot-seri-sonu-defolu-fayans-3-600x386.png 600w\" sizes=\"auto, (max-width: 821px) 100vw, 821px\" \/> <img loading=\"lazy\" decoding=\"async\" class=\"aligncenter size-full wp-image-496\" src=\"https:\/\/spotesya.com\/ikinciel\/wp-content\/uploads\/2024\/07\/spot-seri-sonu-defolu-fayans-1.png\" alt=\"\" width=\"1009\" height=\"594\" title=\"\" srcset=\"https:\/\/spotesya.com\/ikinciel\/wp-content\/uploads\/2024\/07\/spot-seri-sonu-defolu-fayans-1.png 1009w, https:\/\/spotesya.com\/ikinciel\/wp-content\/uploads\/2024\/07\/spot-seri-sonu-defolu-fayans-1-300x177.png 300w, https:\/\/spotesya.com\/ikinciel\/wp-content\/uploads\/2024\/07\/spot-seri-sonu-defolu-fayans-1-768x452.png 768w, https:\/\/spotesya.com\/ikinciel\/wp-content\/uploads\/2024\/07\/spot-seri-sonu-defolu-fayans-1-600x353.png 600w\" sizes=\"auto, (max-width: 1009px) 100vw, 1009px\" \/> <img loading=\"lazy\" decoding=\"async\" class=\"aligncenter size-full wp-image-497\" src=\"https:\/\/spotesya.com\/ikinciel\/wp-content\/uploads\/2024\/07\/spot-seri-sonu-defolu-fayans-2.png\" alt=\"\" width=\"819\" height=\"525\" title=\"\" srcset=\"https:\/\/spotesya.com\/ikinciel\/wp-content\/uploads\/2024\/07\/spot-seri-sonu-defolu-fayans-2.png 819w, https:\/\/spotesya.com\/ikinciel\/wp-content\/uploads\/2024\/07\/spot-seri-sonu-defolu-fayans-2-300x192.png 300w, https:\/\/spotesya.com\/ikinciel\/wp-content\/uploads\/2024\/07\/spot-seri-sonu-defolu-fayans-2-768x492.png 768w, https:\/\/spotesya.com\/ikinciel\/wp-content\/uploads\/2024\/07\/spot-seri-sonu-defolu-fayans-2-600x385.png 600w\" sizes=\"auto, (max-width: 819px) 100vw, 819px\" \/><\/p>\n","protected":false},"excerpt":{"rendered":"<p>spot seri sonu defolu fayans Defolu Ucuz Fayans, Defolu Ucuz Seramik arayanlar i\u00e7in ucuz ve defolu \u00fcr\u00fcnlerimiz mevcuttur 1 May\u0131s 2024. defolu Fayans Fiyatlar\u0131<br \/>\n<strong>2. kalite fayans fiyatlar\u0131 <\/strong>SPOT Seramik fiyatlar\u0131 yer fayanslar\u0131 granit fiyatlar\u0131 ko\u00e7ta\u015f seramik fayans modelleri<\/p>\n","protected":false},"featured_media":497,"template":"","meta":[],"product_brand":[],"product_cat":[33],"product_tag":[],"class_list":{"0":"post-494","1":"product","2":"type-product","3":"status-publish","4":"has-post-thumbnail","6":"product_cat-spot-defolu-esya","8":"first","9":"instock","10":"sale","11":"shipping-taxable","12":"purchasable","13":"product-type-simple"},"_links":{"self":[{"href":"https:\/\/spotesya.com\/ikinciel\/wp-json\/wp\/v2\/product\/494","targetHints":{"allow":["GET"]}}],"collection":[{"href":"https:\/\/spotesya.com\/ikinciel\/wp-json\/wp\/v2\/product"}],"about":[{"href":"https:\/\/spotesya.com\/ikinciel\/wp-json\/wp\/v2\/types\/product"}],"wp:featuredmedia":[{"embeddable":true,"href":"https:\/\/spotesya.com\/ikinciel\/wp-json\/wp\/v2\/media\/497"}],"wp:attachment":[{"href":"https:\/\/spotesya.com\/ikinciel\/wp-json\/wp\/v2\/media?parent=494"}],"wp:term":[{"taxonomy":"product_brand","embeddable":true,"href":"https:\/\/spotesya.com\/ikinciel\/wp-json\/wp\/v2\/product_brand?post=494"},{"taxonomy":"product_cat","embeddable":true,"href":"https:\/\/spotesya.com\/ikinciel\/wp-json\/wp\/v2\/product_cat?post=494"},{"taxonomy":"product_tag","embeddable":true,"href":"https:\/\/spotesya.com\/ikinciel\/wp-json\/wp\/v2\/product_tag?post=494"}],"curies":[{"name":"wp","href":"https:\/\/api.w.org\/{rel}","templated":true}]}}