{"id":511,"date":"2024-08-02T16:11:47","date_gmt":"2024-08-02T13:11:47","guid":{"rendered":"https:\/\/spotesya.com\/ikinciel\/?post_type=product&#038;p=511"},"modified":"2024-08-02T16:11:47","modified_gmt":"2024-08-02T13:11:47","slug":"spot-batarya-musluk-fiyati-2024-guncel-musluk-fiyati","status":"publish","type":"product","link":"https:\/\/spotesya.com\/ikinciel\/urun\/spot-batarya-musluk-fiyati-2024-guncel-musluk-fiyati\/","title":{"rendered":"Spot batarya musluk fiyat\u0131 2024 g\u00fcncel musluk fiyat\u0131?"},"content":{"rendered":"<p><img loading=\"lazy\" decoding=\"async\" class=\"aligncenter size-full wp-image-512\" src=\"https:\/\/spotesya.com\/ikinciel\/wp-content\/uploads\/2024\/08\/Spot-batarya-musluk-fiyati-3.png\" alt=\"\" width=\"796\" height=\"632\" title=\"\" srcset=\"https:\/\/spotesya.com\/ikinciel\/wp-content\/uploads\/2024\/08\/Spot-batarya-musluk-fiyati-3.png 796w, https:\/\/spotesya.com\/ikinciel\/wp-content\/uploads\/2024\/08\/Spot-batarya-musluk-fiyati-3-300x238.png 300w, https:\/\/spotesya.com\/ikinciel\/wp-content\/uploads\/2024\/08\/Spot-batarya-musluk-fiyati-3-768x610.png 768w, https:\/\/spotesya.com\/ikinciel\/wp-content\/uploads\/2024\/08\/Spot-batarya-musluk-fiyati-3-600x476.png 600w\" sizes=\"auto, (max-width: 796px) 100vw, 796px\" \/> <img loading=\"lazy\" decoding=\"async\" class=\"aligncenter size-full wp-image-513\" src=\"https:\/\/spotesya.com\/ikinciel\/wp-content\/uploads\/2024\/08\/Spot-batarya-musluk-fiyati-1.png\" alt=\"\" width=\"517\" height=\"635\" title=\"\" srcset=\"https:\/\/spotesya.com\/ikinciel\/wp-content\/uploads\/2024\/08\/Spot-batarya-musluk-fiyati-1.png 517w, https:\/\/spotesya.com\/ikinciel\/wp-content\/uploads\/2024\/08\/Spot-batarya-musluk-fiyati-1-244x300.png 244w\" sizes=\"auto, (max-width: 517px) 100vw, 517px\" \/> <img loading=\"lazy\" decoding=\"async\" class=\"aligncenter size-full wp-image-514\" src=\"https:\/\/spotesya.com\/ikinciel\/wp-content\/uploads\/2024\/08\/Spot-batarya-musluk-fiyati-2.png\" alt=\"\" width=\"700\" height=\"633\" title=\"\" srcset=\"https:\/\/spotesya.com\/ikinciel\/wp-content\/uploads\/2024\/08\/Spot-batarya-musluk-fiyati-2.png 700w, https:\/\/spotesya.com\/ikinciel\/wp-content\/uploads\/2024\/08\/Spot-batarya-musluk-fiyati-2-300x271.png 300w, https:\/\/spotesya.com\/ikinciel\/wp-content\/uploads\/2024\/08\/Spot-batarya-musluk-fiyati-2-600x543.png 600w\" sizes=\"auto, (max-width: 700px) 100vw, 700px\" \/><\/p>\n","protected":false},"excerpt":{"rendered":"<p>Spot batarya musluk fiyat\u0131 PUNTO Batarya Musluk \u00e7e\u015fitlerini, modellerini ve Batarya , musluk ve s\u0131hhi tesisat malzemeleri alim ve sat\u0131m grubu. Urunlerinizi bu kullananlar\u0131n yorumlar\u0131n\u0131 incele, Batarya ve musluk modellerini, en uygun fiyat ve kampanyal\u0131 \u00f6zel indirimli fiyatlar\u0131 ka\u00e7\u0131rma!<\/p>\n","protected":false},"featured_media":512,"template":"","meta":[],"product_brand":[],"product_cat":[33],"product_tag":[],"class_list":{"0":"post-511","1":"product","2":"type-product","3":"status-publish","4":"has-post-thumbnail","6":"product_cat-spot-defolu-esya","8":"first","9":"instock","10":"sale","11":"shipping-taxable","12":"purchasable","13":"product-type-simple"},"_links":{"self":[{"href":"https:\/\/spotesya.com\/ikinciel\/wp-json\/wp\/v2\/product\/511","targetHints":{"allow":["GET"]}}],"collection":[{"href":"https:\/\/spotesya.com\/ikinciel\/wp-json\/wp\/v2\/product"}],"about":[{"href":"https:\/\/spotesya.com\/ikinciel\/wp-json\/wp\/v2\/types\/product"}],"wp:featuredmedia":[{"embeddable":true,"href":"https:\/\/spotesya.com\/ikinciel\/wp-json\/wp\/v2\/media\/512"}],"wp:attachment":[{"href":"https:\/\/spotesya.com\/ikinciel\/wp-json\/wp\/v2\/media?parent=511"}],"wp:term":[{"taxonomy":"product_brand","embeddable":true,"href":"https:\/\/spotesya.com\/ikinciel\/wp-json\/wp\/v2\/product_brand?post=511"},{"taxonomy":"product_cat","embeddable":true,"href":"https:\/\/spotesya.com\/ikinciel\/wp-json\/wp\/v2\/product_cat?post=511"},{"taxonomy":"product_tag","embeddable":true,"href":"https:\/\/spotesya.com\/ikinciel\/wp-json\/wp\/v2\/product_tag?post=511"}],"curies":[{"name":"wp","href":"https:\/\/api.w.org\/{rel}","templated":true}]}}