{"id":521,"date":"2024-08-06T14:47:02","date_gmt":"2024-08-06T11:47:02","guid":{"rendered":"https:\/\/spotesya.com\/ikinciel\/?post_type=product&#038;p=521"},"modified":"2024-08-06T14:47:02","modified_gmt":"2024-08-06T11:47:02","slug":"cikma-demir-malzemeler-kapi-korkuluk-muhtelif-profil-ikinci-el-sac","status":"publish","type":"product","link":"https:\/\/spotesya.com\/ikinciel\/urun\/cikma-demir-malzemeler-kapi-korkuluk-muhtelif-profil-ikinci-el-sac\/","title":{"rendered":"\u00c7\u0131kma demir malzemeler kap\u0131 korkuluk muhtelif profil ikinci el sac"},"content":{"rendered":"<p><img loading=\"lazy\" decoding=\"async\" src=\"https:\/\/spotesya.com\/ikinciel\/wp-content\/uploads\/2024\/08\/Cikma-demir-malzemeler-2.png\" alt=\"\" width=\"630\" height=\"627\" class=\"aligncenter size-full wp-image-522\" title=\"\" srcset=\"https:\/\/spotesya.com\/ikinciel\/wp-content\/uploads\/2024\/08\/Cikma-demir-malzemeler-2.png 630w, https:\/\/spotesya.com\/ikinciel\/wp-content\/uploads\/2024\/08\/Cikma-demir-malzemeler-2-300x300.png 300w, https:\/\/spotesya.com\/ikinciel\/wp-content\/uploads\/2024\/08\/Cikma-demir-malzemeler-2-150x150.png 150w, https:\/\/spotesya.com\/ikinciel\/wp-content\/uploads\/2024\/08\/Cikma-demir-malzemeler-2-600x597.png 600w, https:\/\/spotesya.com\/ikinciel\/wp-content\/uploads\/2024\/08\/Cikma-demir-malzemeler-2-100x100.png 100w\" sizes=\"auto, (max-width: 630px) 100vw, 630px\" \/><\/p>\n<p><img loading=\"lazy\" decoding=\"async\" src=\"https:\/\/spotesya.com\/ikinciel\/wp-content\/uploads\/2024\/08\/Cikma-demir-malzemeler-3.png\" alt=\"\" width=\"737\" height=\"629\" class=\"aligncenter size-full wp-image-523\" title=\"\" srcset=\"https:\/\/spotesya.com\/ikinciel\/wp-content\/uploads\/2024\/08\/Cikma-demir-malzemeler-3.png 737w, https:\/\/spotesya.com\/ikinciel\/wp-content\/uploads\/2024\/08\/Cikma-demir-malzemeler-3-300x256.png 300w, https:\/\/spotesya.com\/ikinciel\/wp-content\/uploads\/2024\/08\/Cikma-demir-malzemeler-3-600x512.png 600w\" sizes=\"auto, (max-width: 737px) 100vw, 737px\" \/><\/p>\n<p><img loading=\"lazy\" decoding=\"async\" src=\"https:\/\/spotesya.com\/ikinciel\/wp-content\/uploads\/2024\/08\/Cikma-demir-malzemeler-1.png\" alt=\"\" width=\"975\" height=\"627\" class=\"aligncenter size-full wp-image-524\" title=\"\" srcset=\"https:\/\/spotesya.com\/ikinciel\/wp-content\/uploads\/2024\/08\/Cikma-demir-malzemeler-1.png 975w, https:\/\/spotesya.com\/ikinciel\/wp-content\/uploads\/2024\/08\/Cikma-demir-malzemeler-1-300x193.png 300w, https:\/\/spotesya.com\/ikinciel\/wp-content\/uploads\/2024\/08\/Cikma-demir-malzemeler-1-768x494.png 768w, https:\/\/spotesya.com\/ikinciel\/wp-content\/uploads\/2024\/08\/Cikma-demir-malzemeler-1-600x386.png 600w\" sizes=\"auto, (max-width: 975px) 100vw, 975px\" \/><\/p>\n","protected":false},"excerpt":{"rendered":"<p>\u00c7\u0131kma demir malzemeler  Rekabet g\u00f6ren ikinci el hurda malzemeleri Merdiven yuvalar\u0131n\u0131n yeri, binadaki insanlar\u0131n g\u00fcvenlikle bina d\u0131\u015f\u0131na ka\u00e7\u0131\u015flar\u0131n\u0131 kolayla\u015ft\u0131racak firmam\u0131z deneyimli ekipleri ve nitelikli hizmeti Kaliteli \u00fcr\u00fcn \u00e7e\u015fitlili\u011fimizi ke\u015ffedin. \u0130lgilendi\u011finiz demir profil borular\u0131 inceleyin. Demir profil ile sizlere \u00e7\u00f6z\u00fcmler sunar. Trapes sac, boru, profil, k\u00f6\u015fement,<\/p>\n","protected":false},"featured_media":524,"template":"","meta":[],"product_brand":[],"product_cat":[15,31],"product_tag":[],"class_list":{"0":"post-521","1":"product","2":"type-product","3":"status-publish","4":"has-post-thumbnail","6":"product_cat-ikinci-el-esya","7":"product_cat-ikinci-el-is-makineleri","9":"first","10":"instock","11":"sale","12":"shipping-taxable","13":"purchasable","14":"product-type-simple"},"_links":{"self":[{"href":"https:\/\/spotesya.com\/ikinciel\/wp-json\/wp\/v2\/product\/521","targetHints":{"allow":["GET"]}}],"collection":[{"href":"https:\/\/spotesya.com\/ikinciel\/wp-json\/wp\/v2\/product"}],"about":[{"href":"https:\/\/spotesya.com\/ikinciel\/wp-json\/wp\/v2\/types\/product"}],"wp:featuredmedia":[{"embeddable":true,"href":"https:\/\/spotesya.com\/ikinciel\/wp-json\/wp\/v2\/media\/524"}],"wp:attachment":[{"href":"https:\/\/spotesya.com\/ikinciel\/wp-json\/wp\/v2\/media?parent=521"}],"wp:term":[{"taxonomy":"product_brand","embeddable":true,"href":"https:\/\/spotesya.com\/ikinciel\/wp-json\/wp\/v2\/product_brand?post=521"},{"taxonomy":"product_cat","embeddable":true,"href":"https:\/\/spotesya.com\/ikinciel\/wp-json\/wp\/v2\/product_cat?post=521"},{"taxonomy":"product_tag","embeddable":true,"href":"https:\/\/spotesya.com\/ikinciel\/wp-json\/wp\/v2\/product_tag?post=521"}],"curies":[{"name":"wp","href":"https:\/\/api.w.org\/{rel}","templated":true}]}}