{"id":525,"date":"2024-08-11T17:12:19","date_gmt":"2024-08-11T14:12:19","guid":{"rendered":"https:\/\/spotesya.com\/ikinciel\/?post_type=product&#038;p=525"},"modified":"2024-08-11T17:12:19","modified_gmt":"2024-08-11T14:12:19","slug":"sac-araba-kamyon-kasasi-biraz-bakim-ister-ama-saglam-durumda","status":"publish","type":"product","link":"https:\/\/spotesya.com\/ikinciel\/urun\/sac-araba-kamyon-kasasi-biraz-bakim-ister-ama-saglam-durumda\/","title":{"rendered":"Sac araba kamyon kasas\u0131 biraz bak\u0131m ister ama sa\u011flam durumda"},"content":{"rendered":"<p><img loading=\"lazy\" decoding=\"async\" src=\"https:\/\/spotesya.com\/ikinciel\/wp-content\/uploads\/2024\/08\/Sac-araba-kamyon-kasasi-1.png\" alt=\"\" width=\"962\" height=\"617\" class=\"aligncenter size-full wp-image-526\" title=\"\" srcset=\"https:\/\/spotesya.com\/ikinciel\/wp-content\/uploads\/2024\/08\/Sac-araba-kamyon-kasasi-1.png 962w, https:\/\/spotesya.com\/ikinciel\/wp-content\/uploads\/2024\/08\/Sac-araba-kamyon-kasasi-1-300x192.png 300w, https:\/\/spotesya.com\/ikinciel\/wp-content\/uploads\/2024\/08\/Sac-araba-kamyon-kasasi-1-768x493.png 768w, https:\/\/spotesya.com\/ikinciel\/wp-content\/uploads\/2024\/08\/Sac-araba-kamyon-kasasi-1-600x385.png 600w\" sizes=\"auto, (max-width: 962px) 100vw, 962px\" \/><\/p>\n<p><img loading=\"lazy\" decoding=\"async\" src=\"https:\/\/spotesya.com\/ikinciel\/wp-content\/uploads\/2024\/08\/Sac-araba-kamyon-kasasi-2.png\" alt=\"\" width=\"789\" height=\"628\" class=\"aligncenter size-full wp-image-527\" title=\"\" srcset=\"https:\/\/spotesya.com\/ikinciel\/wp-content\/uploads\/2024\/08\/Sac-araba-kamyon-kasasi-2.png 789w, https:\/\/spotesya.com\/ikinciel\/wp-content\/uploads\/2024\/08\/Sac-araba-kamyon-kasasi-2-300x239.png 300w, https:\/\/spotesya.com\/ikinciel\/wp-content\/uploads\/2024\/08\/Sac-araba-kamyon-kasasi-2-768x611.png 768w, https:\/\/spotesya.com\/ikinciel\/wp-content\/uploads\/2024\/08\/Sac-araba-kamyon-kasasi-2-600x478.png 600w\" sizes=\"auto, (max-width: 789px) 100vw, 789px\" \/><\/p>\n<p><img loading=\"lazy\" decoding=\"async\" src=\"https:\/\/spotesya.com\/ikinciel\/wp-content\/uploads\/2024\/08\/Sac-araba-kamyon-kasasi-3.png\" alt=\"\" width=\"789\" height=\"630\" class=\"aligncenter size-full wp-image-528\" title=\"\" srcset=\"https:\/\/spotesya.com\/ikinciel\/wp-content\/uploads\/2024\/08\/Sac-araba-kamyon-kasasi-3.png 789w, https:\/\/spotesya.com\/ikinciel\/wp-content\/uploads\/2024\/08\/Sac-araba-kamyon-kasasi-3-300x240.png 300w, https:\/\/spotesya.com\/ikinciel\/wp-content\/uploads\/2024\/08\/Sac-araba-kamyon-kasasi-3-768x613.png 768w, https:\/\/spotesya.com\/ikinciel\/wp-content\/uploads\/2024\/08\/Sac-araba-kamyon-kasasi-3-600x479.png 600w\" sizes=\"auto, (max-width: 789px) 100vw, 789px\" \/><\/p>\n","protected":false},"excerpt":{"rendered":"<p>Sac araba kamyon kasas\u0131 FUAT KAMYON&#8217;DAN ISUZU NKR SO\u011eUTUCU b\u00fcnyesinde \u00fcretilen sac kasalar kamyon kasas\u0131 olarak kullan\u0131l\u0131r. Kamyonlar ta\u015f\u0131mac\u0131l\u0131k sekt\u00f6r\u00fcnde FR\u0130GO KASA Sac kasalar\u0131n imalat\u0131 da yine end\u00fcstriyel \u00fcretim i\u00e7erisinde yer al\u0131r. Sac kasalar demir ve \u00e7elikten FUAT KAMYON&#8217;DAN ISUZU NKR SO\u011eUTUCU FR\u0130GO KASA<\/p>\n","protected":false},"featured_media":527,"template":"","meta":[],"product_brand":[],"product_cat":[15],"product_tag":[],"class_list":{"0":"post-525","1":"product","2":"type-product","3":"status-publish","4":"has-post-thumbnail","6":"product_cat-ikinci-el-esya","8":"first","9":"instock","10":"sale","11":"shipping-taxable","12":"purchasable","13":"product-type-simple"},"_links":{"self":[{"href":"https:\/\/spotesya.com\/ikinciel\/wp-json\/wp\/v2\/product\/525","targetHints":{"allow":["GET"]}}],"collection":[{"href":"https:\/\/spotesya.com\/ikinciel\/wp-json\/wp\/v2\/product"}],"about":[{"href":"https:\/\/spotesya.com\/ikinciel\/wp-json\/wp\/v2\/types\/product"}],"wp:featuredmedia":[{"embeddable":true,"href":"https:\/\/spotesya.com\/ikinciel\/wp-json\/wp\/v2\/media\/527"}],"wp:attachment":[{"href":"https:\/\/spotesya.com\/ikinciel\/wp-json\/wp\/v2\/media?parent=525"}],"wp:term":[{"taxonomy":"product_brand","embeddable":true,"href":"https:\/\/spotesya.com\/ikinciel\/wp-json\/wp\/v2\/product_brand?post=525"},{"taxonomy":"product_cat","embeddable":true,"href":"https:\/\/spotesya.com\/ikinciel\/wp-json\/wp\/v2\/product_cat?post=525"},{"taxonomy":"product_tag","embeddable":true,"href":"https:\/\/spotesya.com\/ikinciel\/wp-json\/wp\/v2\/product_tag?post=525"}],"curies":[{"name":"wp","href":"https:\/\/api.w.org\/{rel}","templated":true}]}}