{"id":530,"date":"2024-08-18T19:17:40","date_gmt":"2024-08-18T16:17:40","guid":{"rendered":"https:\/\/spotesya.com\/ikinciel\/?post_type=product&#038;p=530"},"modified":"2024-08-18T19:17:40","modified_gmt":"2024-08-18T16:17:40","slug":"2-kalite-kosebent-temiz-demir-kosebent-lama-silme","status":"publish","type":"product","link":"https:\/\/spotesya.com\/ikinciel\/urun\/2-kalite-kosebent-temiz-demir-kosebent-lama-silme\/","title":{"rendered":"2. kalite k\u00f6\u015febent temiz demir k\u00f6\u015febent lama silme"},"content":{"rendered":"<p><img loading=\"lazy\" decoding=\"async\" src=\"https:\/\/spotesya.com\/ikinciel\/wp-content\/uploads\/2024\/08\/2.-kalite-kosebent-3.png\" alt=\"\" width=\"965\" height=\"627\" class=\"aligncenter size-full wp-image-531\" title=\"\" srcset=\"https:\/\/spotesya.com\/ikinciel\/wp-content\/uploads\/2024\/08\/2.-kalite-kosebent-3.png 965w, https:\/\/spotesya.com\/ikinciel\/wp-content\/uploads\/2024\/08\/2.-kalite-kosebent-3-300x195.png 300w, https:\/\/spotesya.com\/ikinciel\/wp-content\/uploads\/2024\/08\/2.-kalite-kosebent-3-768x499.png 768w, https:\/\/spotesya.com\/ikinciel\/wp-content\/uploads\/2024\/08\/2.-kalite-kosebent-3-600x390.png 600w\" sizes=\"auto, (max-width: 965px) 100vw, 965px\" \/><\/p>\n<p><img loading=\"lazy\" decoding=\"async\" src=\"https:\/\/spotesya.com\/ikinciel\/wp-content\/uploads\/2024\/08\/2.-kalite-kosebent-1.png\" alt=\"\" width=\"980\" height=\"626\" class=\"aligncenter size-full wp-image-532\" title=\"\" srcset=\"https:\/\/spotesya.com\/ikinciel\/wp-content\/uploads\/2024\/08\/2.-kalite-kosebent-1.png 980w, https:\/\/spotesya.com\/ikinciel\/wp-content\/uploads\/2024\/08\/2.-kalite-kosebent-1-300x192.png 300w, https:\/\/spotesya.com\/ikinciel\/wp-content\/uploads\/2024\/08\/2.-kalite-kosebent-1-768x491.png 768w, https:\/\/spotesya.com\/ikinciel\/wp-content\/uploads\/2024\/08\/2.-kalite-kosebent-1-600x383.png 600w\" sizes=\"auto, (max-width: 980px) 100vw, 980px\" \/><\/p>\n<p><img loading=\"lazy\" decoding=\"async\" src=\"https:\/\/spotesya.com\/ikinciel\/wp-content\/uploads\/2024\/08\/2.-kalite-kosebent-2.png\" alt=\"\" width=\"971\" height=\"620\" class=\"aligncenter size-full wp-image-533\" title=\"\" srcset=\"https:\/\/spotesya.com\/ikinciel\/wp-content\/uploads\/2024\/08\/2.-kalite-kosebent-2.png 971w, https:\/\/spotesya.com\/ikinciel\/wp-content\/uploads\/2024\/08\/2.-kalite-kosebent-2-300x192.png 300w, https:\/\/spotesya.com\/ikinciel\/wp-content\/uploads\/2024\/08\/2.-kalite-kosebent-2-768x490.png 768w, https:\/\/spotesya.com\/ikinciel\/wp-content\/uploads\/2024\/08\/2.-kalite-kosebent-2-600x383.png 600w\" sizes=\"auto, (max-width: 971px) 100vw, 971px\" \/><\/p>\n","protected":false},"excerpt":{"rendered":"<p>2. kalite k\u00f6\u015febent GALVAN\u0130Z,S\u0130YAH SAC,G\u00d6ZYA\u015eI,BAKLAVALI,\u00d6nder Metal, 1.ve 2. Kalite boru profil, boru, trapez sac, 2.kalite \u00e7at\u0131 sac\u0131, boyal\u0131 \u00e7at\u0131 TRAPEZ SAC,HADDE GRUBU K\u00f6\u015febent Demiri 2024 Fiyat Listesi ; 30X30X3,00 MM A1-A2-A3 TRAPEZ HATTI BOY KES\u0130M HATTI D\u0130LME HATTI KOCAEL\u0130 Farkl\u0131 ama\u00e7lar i\u00e7in, \u00e7e\u015fitli malzemeler ile \u00fcretilir. Raflardan beyaz e\u015fyalara kadar geni\u015f <\/p>\n","protected":false},"featured_media":532,"template":"","meta":[],"product_brand":[],"product_cat":[15,31],"product_tag":[],"class_list":{"0":"post-530","1":"product","2":"type-product","3":"status-publish","4":"has-post-thumbnail","6":"product_cat-ikinci-el-esya","7":"product_cat-ikinci-el-is-makineleri","9":"first","10":"instock","11":"sale","12":"shipping-taxable","13":"purchasable","14":"product-type-simple"},"_links":{"self":[{"href":"https:\/\/spotesya.com\/ikinciel\/wp-json\/wp\/v2\/product\/530","targetHints":{"allow":["GET"]}}],"collection":[{"href":"https:\/\/spotesya.com\/ikinciel\/wp-json\/wp\/v2\/product"}],"about":[{"href":"https:\/\/spotesya.com\/ikinciel\/wp-json\/wp\/v2\/types\/product"}],"wp:featuredmedia":[{"embeddable":true,"href":"https:\/\/spotesya.com\/ikinciel\/wp-json\/wp\/v2\/media\/532"}],"wp:attachment":[{"href":"https:\/\/spotesya.com\/ikinciel\/wp-json\/wp\/v2\/media?parent=530"}],"wp:term":[{"taxonomy":"product_brand","embeddable":true,"href":"https:\/\/spotesya.com\/ikinciel\/wp-json\/wp\/v2\/product_brand?post=530"},{"taxonomy":"product_cat","embeddable":true,"href":"https:\/\/spotesya.com\/ikinciel\/wp-json\/wp\/v2\/product_cat?post=530"},{"taxonomy":"product_tag","embeddable":true,"href":"https:\/\/spotesya.com\/ikinciel\/wp-json\/wp\/v2\/product_tag?post=530"}],"curies":[{"name":"wp","href":"https:\/\/api.w.org\/{rel}","templated":true}]}}