{"id":537,"date":"2024-08-23T14:42:06","date_gmt":"2024-08-23T11:42:06","guid":{"rendered":"https:\/\/spotesya.com\/ikinciel\/?post_type=product&#038;p=537"},"modified":"2024-08-23T14:42:06","modified_gmt":"2024-08-23T11:42:06","slug":"arcelik-2772-kt-camasir-kurutma-makinesi-7-kg-saglam-garantili","status":"publish","type":"product","link":"https:\/\/spotesya.com\/ikinciel\/urun\/arcelik-2772-kt-camasir-kurutma-makinesi-7-kg-saglam-garantili\/","title":{"rendered":"AR\u00c7ELIK 2772 KT \u00c7AMA\u015eIR KURUTMA MAKINESI 7 KG SA\u011eLAM GARANT\u0130L\u0130"},"content":{"rendered":"<p>AR\u00c7ELIK 2772 KT \u00c7AMA\u015eIR KURUTMA MAKINESI 7 KG  AR\u00c7EL\u0130K 7 kg \u00c7AMA\u015eIR KURUTMA MAK\u0130NES\u0130 SORUNSUZ \u0130ND\u0130R\u0130ML\u0130 F\u0130YATA  AR\u00c7EL\u0130K 7 kg \u00c7AMA\u015eIR KURUTMA MAK\u0130NES\u0130 SORUNSUZ \u0130ND\u0130R\u0130ML\u0130<\/p>\n<p>\u00c7ama\u015f\u0131r kurutma makinesi al\u0131rken nelere dikkat etmek gerekir?<br \/>\n\u00c7ama\u015f\u0131r Kurutma Makinesi Al\u0131rken Nelere Dikkat Edilmelidir?<br \/>\nMakineyi koyaca\u011f\u0131n\u0131z yere karar verin.<br \/>\nEnerjiden tasarruf edebilece\u011finiz bir makine se\u00e7in.<br \/>\nHavaland\u0131rma \u00f6zelli\u011fini g\u00f6z \u00f6n\u00fcnde bulundurun.<br \/>\nSessizlik sizin i\u00e7in \u00f6nemliyse sessiz \u00e7al\u0131\u015fan bir makine al\u0131n.<\/p>\n","protected":false},"excerpt":{"rendered":"<p>Ar\u00e7elik 2772 Kti kurutma makinesi resetleme nas\u0131l yap\u0131l\u0131r?<br \/>\nKurutma makinenizi a\u00e7ma-kapama d\u00fc\u011fmesinden a\u00e7arak elektrik geldi\u011finden emin olun. Tu\u015flar\u0131n oldu\u011fu b\u00f6l\u00fcmde \u00fczerinde Ba\u015fla\/beklet\/iptal yazan d\u00fc\u011fmeye parma\u011f\u0131n\u0131z\u0131 3 saniye bas\u0131l\u0131 tutun ve \u00e7ekin. Makinenizi a\u00e7ma-kapama d\u00fc\u011fmesinden kapat\u0131p a\u00e7\u0131n. Program s\u0131f\u0131rlanm\u0131\u015f olacakt\u0131r.<\/p>\n","protected":false},"featured_media":538,"template":"","meta":[],"product_brand":[],"product_cat":[30],"product_tag":[37],"class_list":{"0":"post-537","1":"product","2":"type-product","3":"status-publish","4":"has-post-thumbnail","6":"product_cat-ikinci-el-beyaz-esya","7":"product_tag-ikinci-el-camasir-makinesi","9":"first","10":"instock","11":"shipping-taxable","12":"product-type-simple"},"_links":{"self":[{"href":"https:\/\/spotesya.com\/ikinciel\/wp-json\/wp\/v2\/product\/537","targetHints":{"allow":["GET"]}}],"collection":[{"href":"https:\/\/spotesya.com\/ikinciel\/wp-json\/wp\/v2\/product"}],"about":[{"href":"https:\/\/spotesya.com\/ikinciel\/wp-json\/wp\/v2\/types\/product"}],"wp:featuredmedia":[{"embeddable":true,"href":"https:\/\/spotesya.com\/ikinciel\/wp-json\/wp\/v2\/media\/538"}],"wp:attachment":[{"href":"https:\/\/spotesya.com\/ikinciel\/wp-json\/wp\/v2\/media?parent=537"}],"wp:term":[{"taxonomy":"product_brand","embeddable":true,"href":"https:\/\/spotesya.com\/ikinciel\/wp-json\/wp\/v2\/product_brand?post=537"},{"taxonomy":"product_cat","embeddable":true,"href":"https:\/\/spotesya.com\/ikinciel\/wp-json\/wp\/v2\/product_cat?post=537"},{"taxonomy":"product_tag","embeddable":true,"href":"https:\/\/spotesya.com\/ikinciel\/wp-json\/wp\/v2\/product_tag?post=537"}],"curies":[{"name":"wp","href":"https:\/\/api.w.org\/{rel}","templated":true}]}}