{"id":551,"date":"2024-10-05T15:06:31","date_gmt":"2024-10-05T12:06:31","guid":{"rendered":"https:\/\/spotesya.com\/ikinciel\/?post_type=product&#038;p=551"},"modified":"2024-10-05T15:06:31","modified_gmt":"2024-10-05T12:06:31","slug":"tekne-karavan-kamp-icin-portatif-tuvalet-30-litre","status":"publish","type":"product","link":"https:\/\/spotesya.com\/ikinciel\/urun\/tekne-karavan-kamp-icin-portatif-tuvalet-30-litre\/","title":{"rendered":"Tekne Karavan Kamp i\u00e7in Portatif tuvalet 30 litre"},"content":{"rendered":"<h2>Portatif tuvalet nereye bo\u015falt\u0131l\u0131r?<\/h2>\n<p>Portatif tuvalet \u00f6zellikle tekne ve yatlarda kullan\u0131lmaktad\u0131r. Yap\u0131s\u0131nda kendi pis su deposu bulunmakta ve doldu\u011funda deposu yerinden \u00e7\u0131kart\u0131larak bo\u015falt\u0131lmaktad\u0131r<\/p>\n<p><strong>Seyyar klozetler var m\u0131?<\/strong><br \/>\n<strong>Kolay Kullan\u0131ml\u0131 Seyyar Tuvalet \u00c7e\u015fitleri<\/strong><\/p>\n<p>Seyyar WC kabinleri hijyeniktir ve basit\u00e7e temizlenebilir. Karavan, tekne, u\u00e7ak gibi pek \u00e7ok alanda kullan\u0131lmak \u00fczere geli\u015ftirilen seyyar klozet modelleri m\u00fc\u015fteriye konfor ve rahatl\u0131k sa\u011flayan \u00fcr\u00fcnlerdir.<\/p>\n","protected":false},"excerpt":{"rendered":"<p><strong>Tekne Karavan Kamp i\u00e7in Portatif tuvalet 30 litre<\/strong> Portatif tuvalet. %7 indirimle Thetford Porta Potti 165 21 lt Portatif Kamp Tuvaleti 3.290 TL&#8217;ye,; %17 indirimle Portatif Seaflo Portatif Tuvalet 20 Litre Tekne Karavan Ve Kamp I\u00e7in Seyyar <strong>Tuvalet yorumlar\u0131n\u0131 Tuvalet Tekne Karavan Kampta konforunuzu art\u0131r\u0131n!<\/strong> Portatif ve hijyenik kamp tuvaletleriyle do\u011fada rahat edin. \u015eimdi Ve Kamp \u0130\u00e7in Seyyar Tuvalet \u00dcst Tank (Temiz SU) Kapasitesi:10 Litre Alt Tank (Pis Su) Kapasitesi:20 Litre. Karavan Tekne Tuvalet Kimyasal\u0131 Aqua Green Portatif ve Kasetli Tuvalet At\u0131k Par\u00e7alay\u0131c\u0131<\/p>\n<p><strong><a href=\"https:\/\/www.google.com\/search?q=D%C4%B1%C5%9Ftan+kasetli+tuvalet+nedir%3F&amp;rlz=1C1CHZN_trTR1057TR1057&amp;oq=D%C4%B1%C5%9Ftan+kasetli+tuvalet+nedir%3F&amp;gs_lcrp=EgZjaHJvbWUyBggAEEUYOTIICAEQABgWGB4yCggCEAAYgAQYogQyCggDEAAYgAQYogQyCggEEAAYgAQYogQyCggFEAAYgAQYogTSAQc2MjZqMGo0qAIAsAIB&amp;sourceid=chrome&amp;ie=UTF-8\">D\u0131\u015ftan kasetli tuvalet nedir?<\/a><\/strong><br \/>\nD\u0131\u015ftan kasetli tuvaletlerde at\u0131k depolama tanklar\u0131na yer verilir. At\u0131k depolama tank\u0131 d\u0131\u015far\u0131dan eri\u015filebilir \u015fekilde sunulur. B\u00f6ylece at\u0131klar\u0131n bo\u015falt\u0131lmas\u0131 olduk\u00e7a kolay ve pratik bir hale gelir.<\/p>\n","protected":false},"featured_media":552,"template":"","meta":[],"product_brand":[],"product_cat":[15],"product_tag":[],"class_list":{"0":"post-551","1":"product","2":"type-product","3":"status-publish","4":"has-post-thumbnail","6":"product_cat-ikinci-el-esya","8":"first","9":"instock","10":"sale","11":"shipping-taxable","12":"purchasable","13":"product-type-simple"},"_links":{"self":[{"href":"https:\/\/spotesya.com\/ikinciel\/wp-json\/wp\/v2\/product\/551","targetHints":{"allow":["GET"]}}],"collection":[{"href":"https:\/\/spotesya.com\/ikinciel\/wp-json\/wp\/v2\/product"}],"about":[{"href":"https:\/\/spotesya.com\/ikinciel\/wp-json\/wp\/v2\/types\/product"}],"wp:featuredmedia":[{"embeddable":true,"href":"https:\/\/spotesya.com\/ikinciel\/wp-json\/wp\/v2\/media\/552"}],"wp:attachment":[{"href":"https:\/\/spotesya.com\/ikinciel\/wp-json\/wp\/v2\/media?parent=551"}],"wp:term":[{"taxonomy":"product_brand","embeddable":true,"href":"https:\/\/spotesya.com\/ikinciel\/wp-json\/wp\/v2\/product_brand?post=551"},{"taxonomy":"product_cat","embeddable":true,"href":"https:\/\/spotesya.com\/ikinciel\/wp-json\/wp\/v2\/product_cat?post=551"},{"taxonomy":"product_tag","embeddable":true,"href":"https:\/\/spotesya.com\/ikinciel\/wp-json\/wp\/v2\/product_tag?post=551"}],"curies":[{"name":"wp","href":"https:\/\/api.w.org\/{rel}","templated":true}]}}