{"id":557,"date":"2024-10-10T15:53:44","date_gmt":"2024-10-10T12:53:44","guid":{"rendered":"https:\/\/spotesya.com\/ikinciel\/?post_type=product&#038;p=557"},"modified":"2024-10-10T15:53:45","modified_gmt":"2024-10-10T12:53:45","slug":"bag-direkleri-torna-edilmis-dumduz-sahane-agac-direkler","status":"publish","type":"product","link":"https:\/\/spotesya.com\/ikinciel\/urun\/bag-direkleri-torna-edilmis-dumduz-sahane-agac-direkler\/","title":{"rendered":"Ba\u011f direkleri torna edilmi\u015f d\u00fcmd\u00fcz \u015fahane a\u011fa\u00e7 direkler"},"content":{"rendered":"<p><strong><a href=\"https:\/\/www.google.com\/search?q=Direkler+hangi+a%C4%9Fa%C3%A7tan+yap%C4%B1l%C4%B1r%3F&amp;rlz=1C1CHZN_trTR1057TR1057&amp;oq=Direkler+hangi+a%C4%9Fa%C3%A7tan+yap%C4%B1l%C4%B1r%3F&amp;gs_lcrp=EgZjaHJvbWUyBggAEEUYOTIHCAEQIRigATIHCAIQIRigATIHCAMQIRigAdIBBzY2NmowajmoAgCwAgE&amp;sourceid=chrome&amp;ie=UTF-8\" target=\"_blank\" rel=\"noopener\">Direkler hangi a\u011fa\u00e7tan yap\u0131l\u0131r?<\/a><\/strong><br \/>\nT\u00fcrkiyede tel direkleri i\u011fne yapraklan ve yaprakl\u0131 a\u011fa\u00e7 nevilerinden imal edilmekte- dir. 1. \u0130\u011fne yaprakl\u0131 a\u011fa\u00e7lar: Tel dire\u011fi istihsaline elveri\u015fli i\u011fne yap- rakl\u0131 a\u011fa\u00e7 nevileri \u00e7am, goknar, ladin, sedir ve ard\u0131\u00e7d\u0131r.<\/p>\n<p><strong>A\u011fa\u00e7 elektrik direkleri aras\u0131 ka\u00e7 metre?<\/strong><br \/>\nDirek boyunca ikiden fazla mekanik hasar bulunmayacakt\u0131r. \u0130ki mekanik hasar aras\u0131ndaki mesafe ise en az 50 cm olmal\u0131d\u0131r. A\u011fa\u00e7 tel direkler \u00e7\u00fcr\u00fck ve b\u00f6cek zarar\u0131 i\u00e7ermemelidir.<\/p>\n","protected":false},"excerpt":{"rendered":"<p>ikinci el Ba\u011f direkleri torna edilmi\u015f d\u00fcmd\u00fcz \u015fahane a\u011fa\u00e7 direkler Eski telefon direkleri hangi a\u011fa\u00e7tan yap\u0131l\u0131r? ikinci el Telefon dire\u011fi telefon, elektrik ve ileti\u015fim hatlar\u0131n\u0131n havai olarak iletilmesini sa\u011flayan genellikle \u00e7am a\u011fac\u0131ndan A\u011fa\u00e7 direkler k\u00f6knar, ard\u0131\u00e7, kara\u00e7am, ladin gibi a\u011fa\u00e7lardan yap\u0131l\u0131rlar. Hava \u015fartlar\u0131ndan ve b\u00f6ceklerden olumsuz etkilendikleri A\u011fa\u00e7 telefon direkleri ka\u00e7 kilo gelir? <strong>Maden dire\u011fi hangi a\u011fa\u00e7tan yap\u0131l\u0131r? <\/strong>A\u011fa\u00e7 elektrik direkleri ka\u00e7 metre?<\/p>\n","protected":false},"featured_media":558,"template":"","meta":[],"product_brand":[],"product_cat":[32],"product_tag":[],"class_list":{"0":"post-557","1":"product","2":"type-product","3":"status-publish","4":"has-post-thumbnail","6":"product_cat-ikinci-el-mobilya","8":"first","9":"instock","10":"sale","11":"shipping-taxable","12":"purchasable","13":"product-type-simple"},"_links":{"self":[{"href":"https:\/\/spotesya.com\/ikinciel\/wp-json\/wp\/v2\/product\/557","targetHints":{"allow":["GET"]}}],"collection":[{"href":"https:\/\/spotesya.com\/ikinciel\/wp-json\/wp\/v2\/product"}],"about":[{"href":"https:\/\/spotesya.com\/ikinciel\/wp-json\/wp\/v2\/types\/product"}],"wp:featuredmedia":[{"embeddable":true,"href":"https:\/\/spotesya.com\/ikinciel\/wp-json\/wp\/v2\/media\/558"}],"wp:attachment":[{"href":"https:\/\/spotesya.com\/ikinciel\/wp-json\/wp\/v2\/media?parent=557"}],"wp:term":[{"taxonomy":"product_brand","embeddable":true,"href":"https:\/\/spotesya.com\/ikinciel\/wp-json\/wp\/v2\/product_brand?post=557"},{"taxonomy":"product_cat","embeddable":true,"href":"https:\/\/spotesya.com\/ikinciel\/wp-json\/wp\/v2\/product_cat?post=557"},{"taxonomy":"product_tag","embeddable":true,"href":"https:\/\/spotesya.com\/ikinciel\/wp-json\/wp\/v2\/product_tag?post=557"}],"curies":[{"name":"wp","href":"https:\/\/api.w.org\/{rel}","templated":true}]}}