{"id":561,"date":"2024-10-15T15:53:14","date_gmt":"2024-10-15T12:53:14","guid":{"rendered":"https:\/\/spotesya.com\/ikinciel\/?post_type=product&#038;p=561"},"modified":"2024-10-15T15:53:14","modified_gmt":"2024-10-15T12:53:14","slug":"samsung-kurutmali-camasir-makinesi-kazani-ikinci-el-temiz-urun","status":"publish","type":"product","link":"https:\/\/spotesya.com\/ikinciel\/urun\/samsung-kurutmali-camasir-makinesi-kazani-ikinci-el-temiz-urun\/","title":{"rendered":"Samsung Kurutmal\u0131 \u00c7ama\u015f\u0131r Makinesi Kazan\u0131 ikinci el temiz \u00fcr\u00fcn"},"content":{"rendered":"<p><img loading=\"lazy\" decoding=\"async\" class=\"aligncenter size-full wp-image-563\" src=\"https:\/\/spotesya.com\/ikinciel\/wp-content\/uploads\/2024\/10\/Samsung-Kurutmali-Camasir-Makinesi-Kazani-1.png\" alt=\"\" width=\"974\" height=\"628\" title=\"\" srcset=\"https:\/\/spotesya.com\/ikinciel\/wp-content\/uploads\/2024\/10\/Samsung-Kurutmali-Camasir-Makinesi-Kazani-1.png 974w, https:\/\/spotesya.com\/ikinciel\/wp-content\/uploads\/2024\/10\/Samsung-Kurutmali-Camasir-Makinesi-Kazani-1-300x193.png 300w, https:\/\/spotesya.com\/ikinciel\/wp-content\/uploads\/2024\/10\/Samsung-Kurutmali-Camasir-Makinesi-Kazani-1-768x495.png 768w, https:\/\/spotesya.com\/ikinciel\/wp-content\/uploads\/2024\/10\/Samsung-Kurutmali-Camasir-Makinesi-Kazani-1-600x387.png 600w\" sizes=\"auto, (max-width: 974px) 100vw, 974px\" \/><\/p>\n","protected":false},"excerpt":{"rendered":"<p>Samsung Kurutmal\u0131 \u00c7ama\u015f\u0131r Makinesi Kazan\u0131 2. el \u00e7ama\u015f\u0131r kurutma makinesi <strong><a href=\"https:\/\/www.samsung.com\/tr\/washers-and-dryers\/washing-machines\/\">Samsung \u00e7ama\u015f\u0131r Makinesi<\/a><\/strong> kurutmal\u0131 tambur kazan ve rezist. b\u00fct\u00fcn par\u00e7alar\u0131 mevcut 8 kg. \u0130lan Tarihi 2. el \u00e7ama\u015f\u0131r kurutma makinesi \u00fcr\u00fcnlerinde hesapl\u0131 kampanya &#8211; Fiyatlardan yararlanmak i\u00e7in bizi aray\u0131n \u0130stanbul \/ Ka\u011f\u0131thane \/ G\u00fcltepe Mh. \u0130lan Bilgileri; Konumu. 1.950 TL. Samsung Kurutmal\u0131 \u00c7ama\u015f\u0131r Makinesi Kazan\u0131.<\/p>\n","protected":false},"featured_media":562,"template":"","meta":[],"product_brand":[],"product_cat":[30],"product_tag":[37],"class_list":{"0":"post-561","1":"product","2":"type-product","3":"status-publish","4":"has-post-thumbnail","6":"product_cat-ikinci-el-beyaz-esya","7":"product_tag-ikinci-el-camasir-makinesi","9":"first","10":"instock","11":"sale","12":"shipping-taxable","13":"purchasable","14":"product-type-simple"},"_links":{"self":[{"href":"https:\/\/spotesya.com\/ikinciel\/wp-json\/wp\/v2\/product\/561","targetHints":{"allow":["GET"]}}],"collection":[{"href":"https:\/\/spotesya.com\/ikinciel\/wp-json\/wp\/v2\/product"}],"about":[{"href":"https:\/\/spotesya.com\/ikinciel\/wp-json\/wp\/v2\/types\/product"}],"wp:featuredmedia":[{"embeddable":true,"href":"https:\/\/spotesya.com\/ikinciel\/wp-json\/wp\/v2\/media\/562"}],"wp:attachment":[{"href":"https:\/\/spotesya.com\/ikinciel\/wp-json\/wp\/v2\/media?parent=561"}],"wp:term":[{"taxonomy":"product_brand","embeddable":true,"href":"https:\/\/spotesya.com\/ikinciel\/wp-json\/wp\/v2\/product_brand?post=561"},{"taxonomy":"product_cat","embeddable":true,"href":"https:\/\/spotesya.com\/ikinciel\/wp-json\/wp\/v2\/product_cat?post=561"},{"taxonomy":"product_tag","embeddable":true,"href":"https:\/\/spotesya.com\/ikinciel\/wp-json\/wp\/v2\/product_tag?post=561"}],"curies":[{"name":"wp","href":"https:\/\/api.w.org\/{rel}","templated":true}]}}