{"id":566,"date":"2024-10-19T16:40:23","date_gmt":"2024-10-19T13:40:23","guid":{"rendered":"https:\/\/spotesya.com\/ikinciel\/?post_type=product&#038;p=566"},"modified":"2024-10-19T16:40:23","modified_gmt":"2024-10-19T13:40:23","slug":"elbise-dolabi-6-kapili-sifir-ayarinda-az-kullanilmis-gardirop","status":"publish","type":"product","link":"https:\/\/spotesya.com\/ikinciel\/urun\/elbise-dolabi-6-kapili-sifir-ayarinda-az-kullanilmis-gardirop\/","title":{"rendered":"Elbise dolab\u0131 6 kap\u0131l\u0131 s\u0131f\u0131r ayar\u0131nda az kullan\u0131lm\u0131\u015f gard\u0131rop"},"content":{"rendered":"<p><img loading=\"lazy\" decoding=\"async\" class=\"aligncenter size-full wp-image-568\" src=\"https:\/\/spotesya.com\/ikinciel\/wp-content\/uploads\/2024\/10\/az-kullanilmis-gardirop-1.png\" alt=\"\" width=\"556\" height=\"629\" title=\"\" srcset=\"https:\/\/spotesya.com\/ikinciel\/wp-content\/uploads\/2024\/10\/az-kullanilmis-gardirop-1.png 556w, https:\/\/spotesya.com\/ikinciel\/wp-content\/uploads\/2024\/10\/az-kullanilmis-gardirop-1-265x300.png 265w\" sizes=\"auto, (max-width: 556px) 100vw, 556px\" \/><\/p>\n","protected":false},"excerpt":{"rendered":"<p>az kullan\u0131lm\u0131\u015f gard\u0131rop 6 Kap\u0131l\u0131 Gardrop Ikinci El. 6 Kap\u0131l\u0131 Gardrop Ikinci El I\u00e7in Filtrelenmi\u015f Uygun fiyatl\u0131 ikinci el Gard\u0131rop f\u0131rsatlar\u0131n\u0131 ke\u015ffet, <strong><a href=\"https:\/\/www.spotesya.com\/etiket\/ikinci-el-elbise-dolabi\/\">ikinci el elbise dolab\u0131<\/a><\/strong> b\u00fct\u00e7ene uygun harika \u00fcr\u00fcnler bul. Sadece taraf\u0131mdan kullan\u0131ld\u0131 kaliteli malzemeden \u00fcretilmi\u015f daha k\u00fc\u00e7\u00fck eve ta\u015f\u0131naca\u011f\u0131mdan sat\u0131yorum ayr\u0131nt\u0131l\u0131 bilgi <strong>\u0130kinci el Gard\u0131rop<\/strong> ile ihtiya\u00e7lar\u0131n\u0131 en uygun fiyatlarla kar\u015f\u0131la Sonu\u00e7lar Al\u0131n \u0130kinci el ve s\u0131f\u0131r gard\u0131rop &amp; elbise dolab\u0131 modelleri farkl\u0131 marka<\/p>\n","protected":false},"featured_media":567,"template":"","meta":[],"product_brand":[],"product_cat":[32],"product_tag":[39],"class_list":{"0":"post-566","1":"product","2":"type-product","3":"status-publish","4":"has-post-thumbnail","6":"product_cat-ikinci-el-mobilya","7":"product_tag-ikinci-el-elbise-dolabi","9":"first","10":"instock","11":"sale","12":"shipping-taxable","13":"purchasable","14":"product-type-simple"},"_links":{"self":[{"href":"https:\/\/spotesya.com\/ikinciel\/wp-json\/wp\/v2\/product\/566","targetHints":{"allow":["GET"]}}],"collection":[{"href":"https:\/\/spotesya.com\/ikinciel\/wp-json\/wp\/v2\/product"}],"about":[{"href":"https:\/\/spotesya.com\/ikinciel\/wp-json\/wp\/v2\/types\/product"}],"wp:featuredmedia":[{"embeddable":true,"href":"https:\/\/spotesya.com\/ikinciel\/wp-json\/wp\/v2\/media\/567"}],"wp:attachment":[{"href":"https:\/\/spotesya.com\/ikinciel\/wp-json\/wp\/v2\/media?parent=566"}],"wp:term":[{"taxonomy":"product_brand","embeddable":true,"href":"https:\/\/spotesya.com\/ikinciel\/wp-json\/wp\/v2\/product_brand?post=566"},{"taxonomy":"product_cat","embeddable":true,"href":"https:\/\/spotesya.com\/ikinciel\/wp-json\/wp\/v2\/product_cat?post=566"},{"taxonomy":"product_tag","embeddable":true,"href":"https:\/\/spotesya.com\/ikinciel\/wp-json\/wp\/v2\/product_tag?post=566"}],"curies":[{"name":"wp","href":"https:\/\/api.w.org\/{rel}","templated":true}]}}