{"id":569,"date":"2024-10-23T10:11:45","date_gmt":"2024-10-23T07:11:45","guid":{"rendered":"https:\/\/spotesya.com\/ikinciel\/?post_type=product&#038;p=569"},"modified":"2024-10-23T10:11:46","modified_gmt":"2024-10-23T07:11:46","slug":"damla-sulama-borusu-120-adet-cikma-sulama-borusu-sifir-ayarinda-temiz","status":"publish","type":"product","link":"https:\/\/spotesya.com\/ikinciel\/urun\/damla-sulama-borusu-120-adet-cikma-sulama-borusu-sifir-ayarinda-temiz\/","title":{"rendered":"Damla sulama borusu 120 adet \u00e7\u0131kma sulama borusu s\u0131f\u0131r ayar\u0131nda temiz"},"content":{"rendered":"<p><img loading=\"lazy\" decoding=\"async\" class=\"aligncenter size-full wp-image-574\" src=\"https:\/\/spotesya.com\/ikinciel\/wp-content\/uploads\/2024\/10\/Damla-sulama-borusu-1.png\" alt=\"\" width=\"921\" height=\"537\" title=\"\" srcset=\"https:\/\/spotesya.com\/ikinciel\/wp-content\/uploads\/2024\/10\/Damla-sulama-borusu-1.png 921w, https:\/\/spotesya.com\/ikinciel\/wp-content\/uploads\/2024\/10\/Damla-sulama-borusu-1-300x175.png 300w, https:\/\/spotesya.com\/ikinciel\/wp-content\/uploads\/2024\/10\/Damla-sulama-borusu-1-768x448.png 768w, https:\/\/spotesya.com\/ikinciel\/wp-content\/uploads\/2024\/10\/Damla-sulama-borusu-1-600x350.png 600w\" sizes=\"auto, (max-width: 921px) 100vw, 921px\" \/><\/p>\n","protected":false},"excerpt":{"rendered":"<p><strong>Damla sulama borusu 120 adet \u00e7\u0131kma sulama borusu<\/strong> Damla sulama borusu, bitkilerin k\u00f6k b\u00f6lgesine hem direkt hem de yava\u015f\u00e7a su sa\u011flayarak suyun do\u011fru miktarda ve s\u0131f\u0131r ayar\u0131nda temiz Bu sistem suyun belirlenmi\u015f bir desene al\u00e7ak bas\u0131n\u00e7 alt\u0131nda verilmesine imkan sa\u011flar. Bu Damlama sulama borusu modelleri en uygun fiyatlarla! <strong><a href=\"https:\/\/www.google.com\/search?q=Leteral+boru&amp;rlz=1C1CHZN_trTR1057TR1057&amp;oq=Leteral+boru&amp;gs_lcrp=EgZjaHJvbWUyBggAEEUYOTIJCAEQABgNGIAEMgkIAhAAGA0YgAQyCAgDEAAYFhgeMggIBBAAGBYYHjIICAUQABgWGB4yCAgGEAAYFhgeMggIBxAAGBYYHjIICAgQABgWGB4yCAgJEAAYFhge0gEHNzAwajBqOagCALACAQ&amp;sourceid=chrome&amp;ie=UTF-8\">Leteral boru<\/a><\/strong>, mikro damlama borusu<\/p>\n<p><strong><a href=\"https:\/\/www.google.com\/search?sca_esv=945b0f90c133864c&amp;rlz=1C1CHZN_trTR1057TR1057&amp;q=Damla+sulama+borular%C4%B1+nas%C4%B1l+temizlenir%3F&amp;udm=7&amp;fbs=AEQNm0CgMcZ11KbHg1uunEmuo39LHFJ72fKm3eDKnwE-p1_lrFS99GR8hClY8GX-nkIXU_sngfch4TFccqp4EUhHW0fJZUYqUODPcPhf0hQReIKIsr47gjPdo-6LwzYqD6p2Rd5Qrjn1JRgA5GwSRbj5GE5dxG-ibT1z0miTISsOkBah8M2Szw89AHpelq-6rsDspY_9RPsob81saZVWAIUVsx4Ntwj5DEzta_6jgEIUweuIjVQU4Wg&amp;sa=X&amp;ved=2ahUKEwimhKO8-aOJAxW_VPEDHSRmAdgQtKgLegQIERAB&amp;biw=1366&amp;bih=641&amp;dpr=1\">Damla sulama borular\u0131 nas\u0131l temizlenir?<\/a><\/strong><br \/>\nDamla Sulama Borular\u0131n\u0131n Temizli\u011fi ve Kontrol\u00fc<\/p>\n<p><strong><a href=\"https:\/\/www.google.com\/search?sca_esv=945b0f90c133864c&amp;rlz=1C1CHZN_trTR1057TR1057&amp;q=Damla+sulama&amp;udm=7&amp;fbs=AEQNm0BnX8ihlrJkkbXVELkPLWXUhka5V2wV3bPhDhcIG_ATnxVH-78cH-n2AzZvdL7EvNjlw0LTbDasII-Gz-Vi0U38ArLVokvQAv9IfiKCD93KRXCej2eFUWhk5kAKuSTAq8us9DezA_xT_TJqmNstx2cnTEF1hVRGEkNeVxkhQn8idmja_9HsznDFLx7M76_tERbyjQ9SJLAra8yGOJAmazU7uuxXvKBy-4ZaxMgc-QnD91G2Pr0&amp;sa=X&amp;ved=2ahUKEwiF1P3C-aOJAxXuSPEDHbEdF6UQtKgLegQIExAB&amp;biw=1366&amp;bih=641&amp;dpr=1\">Damla sulama<\/a><\/strong> borular\u0131n\u0131 temizlemek ve bitki besin maddesi gereksinimini kar\u015f\u0131lamak amac\u0131yla sulama sezonu boyunca FOSFOR\u0130K AS\u0130T yada N\u0130TR\u0130K AS\u0130T uygulamas\u0131 yap\u0131lmal\u0131d\u0131r. Uygulama sulama sezonu boyunca 15-21 g\u00fcnde bir, dekara 1 litre gelecek \u015fekilde yap\u0131l\u0131r.<\/p>\n<p>Damlama hortumunun fiyat\u0131 ne kadar?<br \/>\n%26 indirimle 400 Metre 16 mm 33 cm Delikli Damlama Sulama Hortumu Boru Seti ve Ek Par\u00e7alar\u0131 1.105 TL&#8217;ye, %15 indirimle Veta VTDS-15 Damlama Sulama Hortumu 0.15mm-20cm-1000mt 1.420 TL&#8217;ye, %7 indirimle Damlama Sulama Borusu 16mm 33cm Aral\u0131kl\u0131 Delikli 400 Metre 2.121 TL&#8217;ye sahip olabilirsiniz.<\/p>\n","protected":false},"featured_media":570,"template":"","meta":[],"product_brand":[],"product_cat":[15],"product_tag":[],"class_list":{"0":"post-569","1":"product","2":"type-product","3":"status-publish","4":"has-post-thumbnail","6":"product_cat-ikinci-el-esya","8":"first","9":"instock","10":"sale","11":"shipping-taxable","12":"purchasable","13":"product-type-simple"},"_links":{"self":[{"href":"https:\/\/spotesya.com\/ikinciel\/wp-json\/wp\/v2\/product\/569","targetHints":{"allow":["GET"]}}],"collection":[{"href":"https:\/\/spotesya.com\/ikinciel\/wp-json\/wp\/v2\/product"}],"about":[{"href":"https:\/\/spotesya.com\/ikinciel\/wp-json\/wp\/v2\/types\/product"}],"wp:featuredmedia":[{"embeddable":true,"href":"https:\/\/spotesya.com\/ikinciel\/wp-json\/wp\/v2\/media\/570"}],"wp:attachment":[{"href":"https:\/\/spotesya.com\/ikinciel\/wp-json\/wp\/v2\/media?parent=569"}],"wp:term":[{"taxonomy":"product_brand","embeddable":true,"href":"https:\/\/spotesya.com\/ikinciel\/wp-json\/wp\/v2\/product_brand?post=569"},{"taxonomy":"product_cat","embeddable":true,"href":"https:\/\/spotesya.com\/ikinciel\/wp-json\/wp\/v2\/product_cat?post=569"},{"taxonomy":"product_tag","embeddable":true,"href":"https:\/\/spotesya.com\/ikinciel\/wp-json\/wp\/v2\/product_tag?post=569"}],"curies":[{"name":"wp","href":"https:\/\/api.w.org\/{rel}","templated":true}]}}