{"id":576,"date":"2024-12-22T18:50:56","date_gmt":"2024-12-22T15:50:56","guid":{"rendered":"https:\/\/spotesya.com\/ikinciel\/?post_type=product&#038;p=576"},"modified":"2024-12-22T18:51:20","modified_gmt":"2024-12-22T15:51:20","slug":"spot-ahsap-iki-katli-ranza-hem-cocuk-hem-de-yetiskinler-icin","status":"publish","type":"product","link":"https:\/\/spotesya.com\/ikinciel\/urun\/spot-ahsap-iki-katli-ranza-hem-cocuk-hem-de-yetiskinler-icin\/","title":{"rendered":"Spot ah\u015fap iki katl\u0131 ranza hem \u00e7ocuk hem de yeti\u015fkinler i\u00e7in"},"content":{"rendered":"<p><img loading=\"lazy\" decoding=\"async\" class=\"aligncenter size-full wp-image-580\" src=\"https:\/\/spotesya.com\/ikinciel\/wp-content\/uploads\/2024\/12\/Spot-ahsap-iki-katli-ranza-2.png\" alt=\"\" width=\"1032\" height=\"604\" title=\"\" srcset=\"https:\/\/spotesya.com\/ikinciel\/wp-content\/uploads\/2024\/12\/Spot-ahsap-iki-katli-ranza-2.png 1032w, https:\/\/spotesya.com\/ikinciel\/wp-content\/uploads\/2024\/12\/Spot-ahsap-iki-katli-ranza-2-300x176.png 300w, https:\/\/spotesya.com\/ikinciel\/wp-content\/uploads\/2024\/12\/Spot-ahsap-iki-katli-ranza-2-1024x599.png 1024w, https:\/\/spotesya.com\/ikinciel\/wp-content\/uploads\/2024\/12\/Spot-ahsap-iki-katli-ranza-2-768x449.png 768w, https:\/\/spotesya.com\/ikinciel\/wp-content\/uploads\/2024\/12\/Spot-ahsap-iki-katli-ranza-2-600x351.png 600w\" sizes=\"auto, (max-width: 1032px) 100vw, 1032px\" \/><\/p>\n","protected":false},"excerpt":{"rendered":"<p>Spot ah\u015fap iki katl\u0131 ranza hem \u00e7ocuk hem de yeti\u015fkinler i\u00e7in \u0130ki \u00e7ocuklu bir \u00c7ift katl\u0131 ranza \u00e7e\u015fitleri en \u00e7ok kullan\u0131lan modeller aras\u0131nda yer al\u0131r. \u0130kili ranza modellerinde dikey <strong><a href=\"https:\/\/spotesya.com\/ikinciel\/urun-kategori\/ikinci-el-mobilya\/\">ikinci el mobilya<\/a><\/strong> olarak aile i\u00e7in ah\u015fap iki katl\u0131 ah\u015fap ranza pratik Ranza iki katl\u0131 uygun fiyata Ranza iki katl\u0131 uygun fiyata. 3.000 TL. Bursa, Osmangazi. tertemiz ranza cocuklar icin tertemiz ranza .. se\u00e7im olur. Bunlar \u00fcst \u00fcste oldu\u011fu gibi yan<\/p>\n","protected":false},"featured_media":578,"template":"","meta":[],"product_brand":[],"product_cat":[32],"product_tag":[35],"class_list":{"0":"post-576","1":"product","2":"type-product","3":"status-publish","4":"has-post-thumbnail","6":"product_cat-ikinci-el-mobilya","7":"product_tag-ikinci-el-ranza","9":"first","10":"instock","11":"sale","12":"shipping-taxable","13":"purchasable","14":"product-type-simple"},"_links":{"self":[{"href":"https:\/\/spotesya.com\/ikinciel\/wp-json\/wp\/v2\/product\/576","targetHints":{"allow":["GET"]}}],"collection":[{"href":"https:\/\/spotesya.com\/ikinciel\/wp-json\/wp\/v2\/product"}],"about":[{"href":"https:\/\/spotesya.com\/ikinciel\/wp-json\/wp\/v2\/types\/product"}],"wp:featuredmedia":[{"embeddable":true,"href":"https:\/\/spotesya.com\/ikinciel\/wp-json\/wp\/v2\/media\/578"}],"wp:attachment":[{"href":"https:\/\/spotesya.com\/ikinciel\/wp-json\/wp\/v2\/media?parent=576"}],"wp:term":[{"taxonomy":"product_brand","embeddable":true,"href":"https:\/\/spotesya.com\/ikinciel\/wp-json\/wp\/v2\/product_brand?post=576"},{"taxonomy":"product_cat","embeddable":true,"href":"https:\/\/spotesya.com\/ikinciel\/wp-json\/wp\/v2\/product_cat?post=576"},{"taxonomy":"product_tag","embeddable":true,"href":"https:\/\/spotesya.com\/ikinciel\/wp-json\/wp\/v2\/product_tag?post=576"}],"curies":[{"name":"wp","href":"https:\/\/api.w.org\/{rel}","templated":true}]}}