{"id":583,"date":"2025-04-12T18:30:59","date_gmt":"2025-04-12T15:30:59","guid":{"rendered":"https:\/\/spotesya.com\/ikinciel\/?post_type=product&#038;p=583"},"modified":"2025-04-12T18:30:59","modified_gmt":"2025-04-12T15:30:59","slug":"spot-sandvic-panel-ister-cikma-ister-spot-cati-kaplama-malazemeleri","status":"publish","type":"product","link":"https:\/\/spotesya.com\/ikinciel\/urun\/spot-sandvic-panel-ister-cikma-ister-spot-cati-kaplama-malazemeleri\/","title":{"rendered":"Spot sandvi\u00e7 panel ister \u00e7\u0131kma ister spot \u00e7at\u0131 kaplama malazemeleri"},"content":{"rendered":"<p><img loading=\"lazy\" decoding=\"async\" class=\"aligncenter size-full wp-image-586\" src=\"https:\/\/spotesya.com\/ikinciel\/wp-content\/uploads\/2025\/04\/Spot-sandvic-panel-1.png\" alt=\"\" width=\"1033\" height=\"637\" title=\"\" srcset=\"https:\/\/spotesya.com\/ikinciel\/wp-content\/uploads\/2025\/04\/Spot-sandvic-panel-1.png 1033w, https:\/\/spotesya.com\/ikinciel\/wp-content\/uploads\/2025\/04\/Spot-sandvic-panel-1-300x185.png 300w, https:\/\/spotesya.com\/ikinciel\/wp-content\/uploads\/2025\/04\/Spot-sandvic-panel-1-1024x631.png 1024w, https:\/\/spotesya.com\/ikinciel\/wp-content\/uploads\/2025\/04\/Spot-sandvic-panel-1-768x474.png 768w, https:\/\/spotesya.com\/ikinciel\/wp-content\/uploads\/2025\/04\/Spot-sandvic-panel-1-600x370.png 600w\" sizes=\"auto, (max-width: 1033px) 100vw, 1033px\" \/><\/p>\n","protected":false},"excerpt":{"rendered":"<p>Sandvi\u00e7 Paneli \u2014 Profesyonel kesim hizmetimizle istenilen 1 m2 sandvi\u00e7 panel ka\u00e7 TL?<br \/>\nSandvi\u00e7 panel en kalitelisi hangisi? Sandvi\u00e7 Panel \u00c7e\u015fitleri Nelerdir? <strong><a href=\"https:\/\/www.google.com\/search?sca_esv=faf73f5b27e4e0f4&amp;rlz=1C1CHZN_trTR1057TR1057&amp;q=Poli%C3%BCretan+sandvi%C3%A7+duvar+paneli&amp;udm=2&amp;fbs=ABzOT_ANQSxQXwgpo-v8UE65NH2rPSloWMCu4cH0ZgQjS40_Ab6vMxa822XJg4qvn_aONprJ0WjOgUcgkRVlSwE0JUFC54cxMQ9RwwA5VTh3F0oN3lzYexT5bgVuudC6DVf486VKfYPGAeIbkPA6FezAfC3bIsLKZA9jcOxSfsJ1NA5lfueb-Sbr7b-S6lkjdXhjj8ldKU6fSxRb9idIWFqbSHIUy-EUK0S9ZA-eKbqnOoJNSoS46J0vVCHc7R3IijxV1cngm-Sv&amp;sa=X&amp;ved=2ahUKEwjJu6KD6NKMAxUuA9sEHUX_OoUQtKgLegQIFhAB&amp;biw=1366&amp;bih=641&amp;dpr=1\">Poli \u00fcretan sandvi\u00e7 duvar paneli<\/a><\/strong> (16\/60mm)Yal\u0131t\u0131m i\u00e7in yeni bir pop\u00fcler \u00fcr\u00fcnd\u00fcr. Yeni ve eski binalarda E\u011fimli ve teras \u00e7at\u0131larda kullan\u0131lan \u00e7at\u0131 panelleri, Toptan ve Perakende OSB Sandvi\u00e7 Panel \u00dcr\u00fcnlerinde Spot Fiyatlar \u00b7 EPS Dolgulu Paneller \u00b7 XPS Dolgulu Paneller 1 boy sandvi\u00e7 panel ka\u00e7 metre? 4 santim sandvi\u00e7 panel fiyat\u0131 ne kadar? \u00f6l\u00e7\u00fclerde kesim yap\u0131yoruz. \u00c7at\u0131 Paneli Cephe Paneli.<\/p>\n","protected":false},"featured_media":586,"template":"","meta":[],"product_brand":[],"product_cat":[15],"product_tag":[],"class_list":{"0":"post-583","1":"product","2":"type-product","3":"status-publish","4":"has-post-thumbnail","6":"product_cat-ikinci-el-esya","8":"first","9":"instock","10":"sale","11":"shipping-taxable","12":"purchasable","13":"product-type-simple"},"_links":{"self":[{"href":"https:\/\/spotesya.com\/ikinciel\/wp-json\/wp\/v2\/product\/583","targetHints":{"allow":["GET"]}}],"collection":[{"href":"https:\/\/spotesya.com\/ikinciel\/wp-json\/wp\/v2\/product"}],"about":[{"href":"https:\/\/spotesya.com\/ikinciel\/wp-json\/wp\/v2\/types\/product"}],"wp:featuredmedia":[{"embeddable":true,"href":"https:\/\/spotesya.com\/ikinciel\/wp-json\/wp\/v2\/media\/586"}],"wp:attachment":[{"href":"https:\/\/spotesya.com\/ikinciel\/wp-json\/wp\/v2\/media?parent=583"}],"wp:term":[{"taxonomy":"product_brand","embeddable":true,"href":"https:\/\/spotesya.com\/ikinciel\/wp-json\/wp\/v2\/product_brand?post=583"},{"taxonomy":"product_cat","embeddable":true,"href":"https:\/\/spotesya.com\/ikinciel\/wp-json\/wp\/v2\/product_cat?post=583"},{"taxonomy":"product_tag","embeddable":true,"href":"https:\/\/spotesya.com\/ikinciel\/wp-json\/wp\/v2\/product_tag?post=583"}],"curies":[{"name":"wp","href":"https:\/\/api.w.org\/{rel}","templated":true}]}}