{"id":589,"date":"2025-07-05T18:34:59","date_gmt":"2025-07-05T15:34:59","guid":{"rendered":"https:\/\/spotesya.com\/ikinciel\/?post_type=product&#038;p=589"},"modified":"2025-07-05T18:34:59","modified_gmt":"2025-07-05T15:34:59","slug":"ikinci-el-ustten-basmali-dikey-balya-presi-makinesi","status":"publish","type":"product","link":"https:\/\/spotesya.com\/ikinciel\/urun\/ikinci-el-ustten-basmali-dikey-balya-presi-makinesi\/","title":{"rendered":"ikinci el \u00fcstten basmal\u0131 dikey balya presi makinesi"},"content":{"rendered":"<p><img loading=\"lazy\" decoding=\"async\" class=\"aligncenter size-full wp-image-591\" src=\"https:\/\/spotesya.com\/ikinciel\/wp-content\/uploads\/2025\/07\/ikinci-el-ustten-basmali-dikey-balya-presi-makinesi-2.png\" alt=\"\" width=\"895\" height=\"623\" title=\"\" srcset=\"https:\/\/spotesya.com\/ikinciel\/wp-content\/uploads\/2025\/07\/ikinci-el-ustten-basmali-dikey-balya-presi-makinesi-2.png 895w, https:\/\/spotesya.com\/ikinciel\/wp-content\/uploads\/2025\/07\/ikinci-el-ustten-basmali-dikey-balya-presi-makinesi-2-300x209.png 300w, https:\/\/spotesya.com\/ikinciel\/wp-content\/uploads\/2025\/07\/ikinci-el-ustten-basmali-dikey-balya-presi-makinesi-2-768x535.png 768w, https:\/\/spotesya.com\/ikinciel\/wp-content\/uploads\/2025\/07\/ikinci-el-ustten-basmali-dikey-balya-presi-makinesi-2-600x418.png 600w\" sizes=\"auto, (max-width: 895px) 100vw, 895px\" \/><\/p>\n","protected":false},"excerpt":{"rendered":"<p>ikinci el \u00fcstten basmal\u0131 dikey balya presi makinesi <em>Balya Pres<\/em>\u00a0Makinesinde Uygun Fiyatlar, S\u0131n\u0131rl\u0131 stoklarla, En Uygun Fiyatlar YKP Makina&#8217;da!\u00a0<em>Dikey<\/em>, Yatay\u00a0<em>Balya Pres<\/em>\u00a0Makinas\u0131nda Dikey Balya Pres Makina \u00dcstten Basma Pres Fiyatlar\u0131. \u0130lan Ba\u015fl\u0131\u011f\u0131, Fiyat. Ka\u011f\u0131t Karton S\u0131k\u0131\u015ft\u0131rma Presi Dik Balya, 199.990 TL<br \/>\nDikey Balya Pres Makinalar\u0131m\u0131z Uygun Fiyatl\u0131 Balya Pres Makinalar\u0131<br \/>\n<strong><a href=\"https:\/\/www.google.com\/search?q=Dikey+Pres+Makinas%C4%B1+Fiyatlar%C4%B1&amp;rlz=1C1FKPE_trTR1159TR1159&amp;oq=Dikey+Pres+Makinas%C4%B1+Fiyatlar%C4%B1&amp;gs_lcrp=EgZjaHJvbWUyBggAEEUYOTIICAEQABgWGB4yCggCEAAYogQYiQUyBwgDEAAY7wUyCggEEAAYogQYiQXSAQc1OTRqMGo5qAIAsAIB&amp;sourceid=chrome&amp;ie=UTF-8\">Dikey Pres Makinas\u0131 Fiyatlar\u0131<\/a><\/strong><br \/>\nBalya Pres Makinas\u0131 Fiyatlar\u0131<br \/>\nTekstil Balya Pres Makina<\/p>\n","protected":false},"featured_media":590,"template":"","meta":[],"product_brand":[],"product_cat":[31],"product_tag":[],"class_list":{"0":"post-589","1":"product","2":"type-product","3":"status-publish","4":"has-post-thumbnail","6":"product_cat-ikinci-el-is-makineleri","8":"first","9":"instock","10":"sale","11":"shipping-taxable","12":"purchasable","13":"product-type-simple"},"_links":{"self":[{"href":"https:\/\/spotesya.com\/ikinciel\/wp-json\/wp\/v2\/product\/589","targetHints":{"allow":["GET"]}}],"collection":[{"href":"https:\/\/spotesya.com\/ikinciel\/wp-json\/wp\/v2\/product"}],"about":[{"href":"https:\/\/spotesya.com\/ikinciel\/wp-json\/wp\/v2\/types\/product"}],"wp:featuredmedia":[{"embeddable":true,"href":"https:\/\/spotesya.com\/ikinciel\/wp-json\/wp\/v2\/media\/590"}],"wp:attachment":[{"href":"https:\/\/spotesya.com\/ikinciel\/wp-json\/wp\/v2\/media?parent=589"}],"wp:term":[{"taxonomy":"product_brand","embeddable":true,"href":"https:\/\/spotesya.com\/ikinciel\/wp-json\/wp\/v2\/product_brand?post=589"},{"taxonomy":"product_cat","embeddable":true,"href":"https:\/\/spotesya.com\/ikinciel\/wp-json\/wp\/v2\/product_cat?post=589"},{"taxonomy":"product_tag","embeddable":true,"href":"https:\/\/spotesya.com\/ikinciel\/wp-json\/wp\/v2\/product_tag?post=589"}],"curies":[{"name":"wp","href":"https:\/\/api.w.org\/{rel}","templated":true}]}}