{"id":593,"date":"2025-08-08T11:11:04","date_gmt":"2025-08-08T08:11:04","guid":{"rendered":"https:\/\/spotesya.com\/ikinciel\/?post_type=product&#038;p=593"},"modified":"2025-08-08T11:11:05","modified_gmt":"2025-08-08T08:11:05","slug":"tremiz-ucuz-acik-iskarta-defolu-seramik-60x120-ve-diger-olculerde","status":"publish","type":"product","link":"https:\/\/spotesya.com\/ikinciel\/urun\/tremiz-ucuz-acik-iskarta-defolu-seramik-60x120-ve-diger-olculerde\/","title":{"rendered":"Tremiz Ucuz A\u00e7\u0131k Iskarta Defolu Seramik 60\u00d7120 ve di\u011fer \u00f6l\u00e7\u00fclerde&#8230;"},"content":{"rendered":"<p>Serami\u011fin defolu oldu\u011fu nas\u0131l anla\u015f\u0131l\u0131r?<br \/>\nDefolu seramiklerde g\u00f6r\u00fclebilecek baz\u0131 yayg\u0131n hatalar \u015funlard\u0131r: Ton ve renk farkl\u0131l\u0131klar\u0131: Farkl\u0131 \u00fcretim partilerinden \u00e7\u0131kan seramikler aras\u0131nda renk ve ton farklar\u0131 olu\u015fabilir. \u00d6l\u00e7\u00fc ve ebat hatalar\u0131: Seramikler, belirtilen \u00f6l\u00e7\u00fclerden milimetrik olarak farkl\u0131 olabilir.<\/p>\n","protected":false},"excerpt":{"rendered":"<p>A\u00e7\u0131k Iskarta Defolu Seramik 60\u00d7120 T\u00fcm T\u00fcrkiye&#8217;ye Defolu seramik kullanaca\u011f\u0131n\u0131z yere g\u00f6re hatalar\u0131 g\u00f6ze al\u0131narak daha ekonomik olmas\u0131 sebebiyle tercih edilebilir. Hemen sitemizdeki defolu Toptan Seramik Sat\u0131\u015f\u0131. 1.Kalite Seramik, 2.Kalite Seramik, Defolu Seramik, End\u00fcstriyel Kaliteli: M\u00fc\u015fterilerin onayl\u0131 yorumlar\u0131na bak ve garantimizden faydalan, g\u00fcvenle karar ver. Fiyat ve kalite<\/p>\n","protected":false},"featured_media":595,"template":"","meta":[],"product_brand":[],"product_cat":[15],"product_tag":[],"class_list":{"0":"post-593","1":"product","2":"type-product","3":"status-publish","4":"has-post-thumbnail","6":"product_cat-ikinci-el-esya","8":"first","9":"instock","10":"sale","11":"shipping-taxable","12":"purchasable","13":"product-type-simple"},"_links":{"self":[{"href":"https:\/\/spotesya.com\/ikinciel\/wp-json\/wp\/v2\/product\/593","targetHints":{"allow":["GET"]}}],"collection":[{"href":"https:\/\/spotesya.com\/ikinciel\/wp-json\/wp\/v2\/product"}],"about":[{"href":"https:\/\/spotesya.com\/ikinciel\/wp-json\/wp\/v2\/types\/product"}],"wp:featuredmedia":[{"embeddable":true,"href":"https:\/\/spotesya.com\/ikinciel\/wp-json\/wp\/v2\/media\/595"}],"wp:attachment":[{"href":"https:\/\/spotesya.com\/ikinciel\/wp-json\/wp\/v2\/media?parent=593"}],"wp:term":[{"taxonomy":"product_brand","embeddable":true,"href":"https:\/\/spotesya.com\/ikinciel\/wp-json\/wp\/v2\/product_brand?post=593"},{"taxonomy":"product_cat","embeddable":true,"href":"https:\/\/spotesya.com\/ikinciel\/wp-json\/wp\/v2\/product_cat?post=593"},{"taxonomy":"product_tag","embeddable":true,"href":"https:\/\/spotesya.com\/ikinciel\/wp-json\/wp\/v2\/product_tag?post=593"}],"curies":[{"name":"wp","href":"https:\/\/api.w.org\/{rel}","templated":true}]}}