{"id":597,"date":"2025-09-12T10:14:03","date_gmt":"2025-09-12T07:14:03","guid":{"rendered":"https:\/\/spotesya.com\/ikinciel\/?post_type=product&#038;p=597"},"modified":"2025-09-12T10:14:47","modified_gmt":"2025-09-12T07:14:47","slug":"vestel-titanium-65-litre-termisfon-sicak-su-kullaniminin-sik-oldugu-evler","status":"publish","type":"product","link":"https:\/\/spotesya.com\/ikinciel\/urun\/vestel-titanium-65-litre-termisfon-sicak-su-kullaniminin-sik-oldugu-evler\/","title":{"rendered":"Vestel titanium 65 litre termisfon s\u0131cak su kullan\u0131m\u0131n\u0131n s\u0131k oldu\u011fu evler"},"content":{"rendered":"","protected":false},"excerpt":{"rendered":"<p>Vestel titanium 65 litre termisfon EN SON MODEL VESTEL 65 LT A++PLUS \u015eofben ve Termosifon Modelleri, Vestel TLS 65 termosifon fiyatlar\u0131 nedir?<br \/>\n65 litre termosifon ile ka\u00e7 ki\u015fi y\u0131kan\u0131r?<br \/>\nVestel termosifon ka\u00e7 para?<br \/>\nAr\u00e7elik 65 litre termosifon fiyatlar\u0131 ne kadar?<br \/>\n ikinci el ve s\u0131f\u0131r se\u00e7enekleri ve b\u00fct\u00e7enize uygun fiyat alternatifleriyle ENERJ\u0130 T\u0130TANYUM #1269945845. EN SON MODEL VESTEL 65 LT A++PLUS ENERJ\u0130 T\u0130TANYUM. 6.500 TL<\/p>\n","protected":false},"featured_media":599,"template":"","meta":[],"product_brand":[],"product_cat":[30],"product_tag":[],"class_list":{"0":"post-597","1":"product","2":"type-product","3":"status-publish","4":"has-post-thumbnail","6":"product_cat-ikinci-el-beyaz-esya","8":"first","9":"instock","10":"sale","11":"shipping-taxable","12":"purchasable","13":"product-type-simple"},"_links":{"self":[{"href":"https:\/\/spotesya.com\/ikinciel\/wp-json\/wp\/v2\/product\/597","targetHints":{"allow":["GET"]}}],"collection":[{"href":"https:\/\/spotesya.com\/ikinciel\/wp-json\/wp\/v2\/product"}],"about":[{"href":"https:\/\/spotesya.com\/ikinciel\/wp-json\/wp\/v2\/types\/product"}],"wp:featuredmedia":[{"embeddable":true,"href":"https:\/\/spotesya.com\/ikinciel\/wp-json\/wp\/v2\/media\/599"}],"wp:attachment":[{"href":"https:\/\/spotesya.com\/ikinciel\/wp-json\/wp\/v2\/media?parent=597"}],"wp:term":[{"taxonomy":"product_brand","embeddable":true,"href":"https:\/\/spotesya.com\/ikinciel\/wp-json\/wp\/v2\/product_brand?post=597"},{"taxonomy":"product_cat","embeddable":true,"href":"https:\/\/spotesya.com\/ikinciel\/wp-json\/wp\/v2\/product_cat?post=597"},{"taxonomy":"product_tag","embeddable":true,"href":"https:\/\/spotesya.com\/ikinciel\/wp-json\/wp\/v2\/product_tag?post=597"}],"curies":[{"name":"wp","href":"https:\/\/api.w.org\/{rel}","templated":true}]}}