{"id":602,"date":"2025-11-08T19:46:43","date_gmt":"2025-11-08T16:46:43","guid":{"rendered":"https:\/\/spotesya.com\/ikinciel\/?post_type=product&#038;p=602"},"modified":"2025-11-08T19:46:43","modified_gmt":"2025-11-08T16:46:43","slug":"cikma-buzdolabi-motoru-saglam-iki-aylik-motor","status":"publish","type":"product","link":"https:\/\/spotesya.com\/ikinciel\/urun\/cikma-buzdolabi-motoru-saglam-iki-aylik-motor\/","title":{"rendered":"\u00c7\u0131kma buzdolab\u0131 motoru sa\u011flam iki ayl\u0131k motor"},"content":{"rendered":"<p><img loading=\"lazy\" decoding=\"async\" src=\"https:\/\/spotesya.com\/ikinciel\/wp-content\/uploads\/2025\/11\/cikma-buzdolabi-motoru-2.png\" alt=\"\" width=\"1346\" height=\"929\" class=\"aligncenter size-full wp-image-604\" title=\"\" srcset=\"https:\/\/spotesya.com\/ikinciel\/wp-content\/uploads\/2025\/11\/cikma-buzdolabi-motoru-2.png 1346w, https:\/\/spotesya.com\/ikinciel\/wp-content\/uploads\/2025\/11\/cikma-buzdolabi-motoru-2-300x207.png 300w, https:\/\/spotesya.com\/ikinciel\/wp-content\/uploads\/2025\/11\/cikma-buzdolabi-motoru-2-1024x707.png 1024w, https:\/\/spotesya.com\/ikinciel\/wp-content\/uploads\/2025\/11\/cikma-buzdolabi-motoru-2-768x530.png 768w, https:\/\/spotesya.com\/ikinciel\/wp-content\/uploads\/2025\/11\/cikma-buzdolabi-motoru-2-600x414.png 600w\" sizes=\"auto, (max-width: 1346px) 100vw, 1346px\" \/><\/p>\n","protected":false},"excerpt":{"rendered":"<p>Her marka \u00e7\u0131kma yedek par\u00e7a mevcuttur Ar\u00e7elik 3 ayak Ar\u00e7elik kazan Vestel AR\u00c7EL\u0130K BEKO ALTUS BUZDOLABI FAN MOTORU SIFIR ORJ\u0130NAL anakart Vestel kazan Amatis\u00f6r Pompa motoru Hurda buzdolab\u0131 motoru ka\u00e7 para eder?<br \/>\nBuzdolab\u0131 motoru ka\u00e7 paraya de\u011fi\u015ftirilir?<br \/>\nBuzdolab\u0131 motoru tamir edilebilir mi?<br \/>\nBuzdolab\u0131 motor gaz\u0131 ka\u00e7 y\u0131lda biter?<\/p>\n","protected":false},"featured_media":604,"template":"","meta":[],"product_brand":[],"product_cat":[30],"product_tag":[36],"class_list":{"0":"post-602","1":"product","2":"type-product","3":"status-publish","4":"has-post-thumbnail","6":"product_cat-ikinci-el-beyaz-esya","7":"product_tag-ikinci-el-buzdolabi","9":"first","10":"instock","11":"shipping-taxable","12":"product-type-simple"},"_links":{"self":[{"href":"https:\/\/spotesya.com\/ikinciel\/wp-json\/wp\/v2\/product\/602","targetHints":{"allow":["GET"]}}],"collection":[{"href":"https:\/\/spotesya.com\/ikinciel\/wp-json\/wp\/v2\/product"}],"about":[{"href":"https:\/\/spotesya.com\/ikinciel\/wp-json\/wp\/v2\/types\/product"}],"wp:featuredmedia":[{"embeddable":true,"href":"https:\/\/spotesya.com\/ikinciel\/wp-json\/wp\/v2\/media\/604"}],"wp:attachment":[{"href":"https:\/\/spotesya.com\/ikinciel\/wp-json\/wp\/v2\/media?parent=602"}],"wp:term":[{"taxonomy":"product_brand","embeddable":true,"href":"https:\/\/spotesya.com\/ikinciel\/wp-json\/wp\/v2\/product_brand?post=602"},{"taxonomy":"product_cat","embeddable":true,"href":"https:\/\/spotesya.com\/ikinciel\/wp-json\/wp\/v2\/product_cat?post=602"},{"taxonomy":"product_tag","embeddable":true,"href":"https:\/\/spotesya.com\/ikinciel\/wp-json\/wp\/v2\/product_tag?post=602"}],"curies":[{"name":"wp","href":"https:\/\/api.w.org\/{rel}","templated":true}]}}