{"id":611,"date":"2025-12-20T09:16:01","date_gmt":"2025-12-20T06:16:01","guid":{"rendered":"https:\/\/spotesya.com\/ikinciel\/?post_type=product&#038;p=611"},"modified":"2025-12-20T09:16:01","modified_gmt":"2025-12-20T06:16:01","slug":"ikinci-el-200-gr-ogutme-makinesi-bitki-baharat-ogutucu","status":"publish","type":"product","link":"https:\/\/spotesya.com\/ikinciel\/urun\/ikinci-el-200-gr-ogutme-makinesi-bitki-baharat-ogutucu\/","title":{"rendered":"ikinci el  200 Gr \u00d6\u011f\u00fctme Makinesi Bitki Baharat \u00d6\u011f\u00fct\u00fcc\u00fc"},"content":{"rendered":"<p>ikinci el  200 Gr \u00d6\u011f\u00fctme Makinesi Bitki Baharat \u00d6\u011f\u00fct\u00fcc\u00fc<br \/>\n<img loading=\"lazy\" decoding=\"async\" src=\"https:\/\/spotesya.com\/ikinciel\/wp-content\/uploads\/2025\/12\/ikinci-el-200-Gr-Ogutme-Makinesi-Bitki-Baharat-Ogutucu-2.png\" alt=\"\" width=\"1241\" height=\"811\" class=\"aligncenter size-full wp-image-614\" title=\"\" srcset=\"https:\/\/spotesya.com\/ikinciel\/wp-content\/uploads\/2025\/12\/ikinci-el-200-Gr-Ogutme-Makinesi-Bitki-Baharat-Ogutucu-2.png 1241w, https:\/\/spotesya.com\/ikinciel\/wp-content\/uploads\/2025\/12\/ikinci-el-200-Gr-Ogutme-Makinesi-Bitki-Baharat-Ogutucu-2-300x196.png 300w, https:\/\/spotesya.com\/ikinciel\/wp-content\/uploads\/2025\/12\/ikinci-el-200-Gr-Ogutme-Makinesi-Bitki-Baharat-Ogutucu-2-1024x669.png 1024w, https:\/\/spotesya.com\/ikinciel\/wp-content\/uploads\/2025\/12\/ikinci-el-200-Gr-Ogutme-Makinesi-Bitki-Baharat-Ogutucu-2-768x502.png 768w, https:\/\/spotesya.com\/ikinciel\/wp-content\/uploads\/2025\/12\/ikinci-el-200-Gr-Ogutme-Makinesi-Bitki-Baharat-Ogutucu-2-600x392.png 600w\" sizes=\"auto, (max-width: 1241px) 100vw, 1241px\" \/><\/p>\n","protected":false},"excerpt":{"rendered":"<p>ikinci el  200 Gr \u00d6\u011f\u00fctme Makinesi Bitki Baharat \u00d6\u011f\u00fct\u00fcc\u00fc Teknik \u00d6zellikler<\/p>\n<p>Marka:Cereals<\/p>\n<p>Kapasite:200 Gr<\/p>\n<p>G\u00fc\u00e7:1200 Watt<\/p>\n<p>Voltaj:220 Volt (Monofaze)<\/p>\n<p>Devir:28000 rpm<\/p>\n<p>A\u011f\u0131rl\u0131k:3400 Gr<\/p>\n<p>Hazne \u00d6l\u00e7\u00fcleri : \u00c7ap 13 cm Derinlik 5,5 cm Kapak Derinli\u011fi 3,5 cm (200 Gr)<\/p>\n<p>\u0130stenilen irilikte \u00f6\u011f\u00fctme<\/p>\n<p>Kompakt yap\u0131<\/p>\n<p>Tezgah \u00fczerinde az yer kaplama<\/p>\n<p>Her iki y\u00f6ne devirmeli bo\u015faltma<\/p>\n<p>Kolay kullan\u0131m<\/p>\n<p>\u00dcr\u00fcn \u00f6zelliklerini bozmadan \u00f6\u011f\u00fctme (\u00fcr\u00fcn\u00fcn ya\u011f ve suyunu \u00e7\u0131karmaz)<\/p>\n<p>Az yer kaplar<\/p>\n<p>Her sertlikte \u00fcr\u00fcn \u00f6\u011f\u00fct\u00fclebilir (sahlep, zencefil, kuru ekmek, her t\u00fcrl\u00fc tohum)<\/p>\n","protected":false},"featured_media":612,"template":"","meta":[],"product_brand":[],"product_cat":[15],"product_tag":[],"class_list":{"0":"post-611","1":"product","2":"type-product","3":"status-publish","4":"has-post-thumbnail","6":"product_cat-ikinci-el-esya","8":"first","9":"instock","10":"sale","11":"shipping-taxable","12":"purchasable","13":"product-type-simple"},"_links":{"self":[{"href":"https:\/\/spotesya.com\/ikinciel\/wp-json\/wp\/v2\/product\/611","targetHints":{"allow":["GET"]}}],"collection":[{"href":"https:\/\/spotesya.com\/ikinciel\/wp-json\/wp\/v2\/product"}],"about":[{"href":"https:\/\/spotesya.com\/ikinciel\/wp-json\/wp\/v2\/types\/product"}],"wp:featuredmedia":[{"embeddable":true,"href":"https:\/\/spotesya.com\/ikinciel\/wp-json\/wp\/v2\/media\/612"}],"wp:attachment":[{"href":"https:\/\/spotesya.com\/ikinciel\/wp-json\/wp\/v2\/media?parent=611"}],"wp:term":[{"taxonomy":"product_brand","embeddable":true,"href":"https:\/\/spotesya.com\/ikinciel\/wp-json\/wp\/v2\/product_brand?post=611"},{"taxonomy":"product_cat","embeddable":true,"href":"https:\/\/spotesya.com\/ikinciel\/wp-json\/wp\/v2\/product_cat?post=611"},{"taxonomy":"product_tag","embeddable":true,"href":"https:\/\/spotesya.com\/ikinciel\/wp-json\/wp\/v2\/product_tag?post=611"}],"curies":[{"name":"wp","href":"https:\/\/api.w.org\/{rel}","templated":true}]}}