{"id":616,"date":"2025-12-28T11:50:50","date_gmt":"2025-12-28T08:50:50","guid":{"rendered":"https:\/\/spotesya.com\/ikinciel\/?post_type=product&#038;p=616"},"modified":"2025-12-28T11:51:31","modified_gmt":"2025-12-28T08:51:31","slug":"2-el-makita-18-volt-akulu-sarjli-somun-sikma-taslama-seti","status":"publish","type":"product","link":"https:\/\/spotesya.com\/ikinciel\/urun\/2-el-makita-18-volt-akulu-sarjli-somun-sikma-taslama-seti\/","title":{"rendered":"2. EL MAK\u0130TA 18 VOLT AK\u00dcL\u00dc \u015eARJLI SOMUN SIKMA TA\u015eLAMA SET\u0130"},"content":{"rendered":"<p>MAKITA 18 VOLT \u015eARJLI SET KENDI C\u0130HAZLARIM.<\/p>\n<p>-AK\u00dcL\u00dc TA\u015eLAMA \u0130LE 2 ADET KES\u0130M YAPILMI\u015eTIR(MAK\u0130TA DGA454)<\/p>\n<p>-SOMUN SIKMA MA\u0130TANIN \u00dcRETT\u0130\u011e\u0130 EN GU\u00c7LU AKULU C\u0130HAZ OLUP 1000 N.M TORKA SAH\u0130PT\u0130R(MAK\u0130TA DTW1002)<\/p>\n<p>\u0130K\u0130NC\u0130 EL OLARAK ALINIP TARAFIMDAN RESTORE ED\u0130LM\u0130\u015eT\u0130R (UST PLAST\u0130K KASASI YETK\u0130L\u0130 SERV\u0130STEN ALINIP DE\u011e\u0130\u015eT\u0130R\u0130LM\u0130\u015eT\u0130R ESK\u0130 KASASI EL\u0130MDE MEVCUT)<\/p>\n<p>SANAY\u0130 Y\u00dcZ\u00dc G\u00d6RMEM\u0130\u015e YORULMAMI\u015e C\u0130HAZDIR <\/p>\n<p>KES\u0130N\u0130IKLE %100 ORJ\u0130NAL C\u0130HAZLARDIR<\/p>\n<p><img loading=\"lazy\" decoding=\"async\" src=\"https:\/\/spotesya.com\/ikinciel\/wp-content\/uploads\/2025\/12\/2.-EL-MAKITA-18-VOLT-AKULU-SARJLI-SOMUN-SIKMA-TASLAMA-SETI-1.png\" alt=\"\" width=\"1135\" height=\"912\" class=\"aligncenter size-full wp-image-619\" title=\"\" srcset=\"https:\/\/spotesya.com\/ikinciel\/wp-content\/uploads\/2025\/12\/2.-EL-MAKITA-18-VOLT-AKULU-SARJLI-SOMUN-SIKMA-TASLAMA-SETI-1.png 1135w, https:\/\/spotesya.com\/ikinciel\/wp-content\/uploads\/2025\/12\/2.-EL-MAKITA-18-VOLT-AKULU-SARJLI-SOMUN-SIKMA-TASLAMA-SETI-1-300x241.png 300w, https:\/\/spotesya.com\/ikinciel\/wp-content\/uploads\/2025\/12\/2.-EL-MAKITA-18-VOLT-AKULU-SARJLI-SOMUN-SIKMA-TASLAMA-SETI-1-1024x823.png 1024w, https:\/\/spotesya.com\/ikinciel\/wp-content\/uploads\/2025\/12\/2.-EL-MAKITA-18-VOLT-AKULU-SARJLI-SOMUN-SIKMA-TASLAMA-SETI-1-768x617.png 768w, https:\/\/spotesya.com\/ikinciel\/wp-content\/uploads\/2025\/12\/2.-EL-MAKITA-18-VOLT-AKULU-SARJLI-SOMUN-SIKMA-TASLAMA-SETI-1-600x482.png 600w\" sizes=\"auto, (max-width: 1135px) 100vw, 1135px\" \/><\/p>\n","protected":false},"excerpt":{"rendered":"<p>Makita Somun S\u0131kma Makinesi, her t\u00fcrl\u00fc vida ya da somunu s\u0131kma i\u015flerinizi h\u0131zl\u0131 ve pratik bir \u015fekilde yapabilmenizi sa\u011flayan dayan\u0131kl\u0131 ve etkili bir \u00fcr\u00fcnd\u00fcr PROFESYONEL \u015eARZLI 2&#8217;L\u0130 SET SOMUN SIKMA SPRAL TA\u015eLAMA <\/p>\n","protected":false},"featured_media":617,"template":"","meta":[],"product_brand":[],"product_cat":[31],"product_tag":[],"class_list":{"0":"post-616","1":"product","2":"type-product","3":"status-publish","4":"has-post-thumbnail","6":"product_cat-ikinci-el-is-makineleri","8":"first","9":"instock","10":"sale","11":"shipping-taxable","12":"purchasable","13":"product-type-simple"},"_links":{"self":[{"href":"https:\/\/spotesya.com\/ikinciel\/wp-json\/wp\/v2\/product\/616","targetHints":{"allow":["GET"]}}],"collection":[{"href":"https:\/\/spotesya.com\/ikinciel\/wp-json\/wp\/v2\/product"}],"about":[{"href":"https:\/\/spotesya.com\/ikinciel\/wp-json\/wp\/v2\/types\/product"}],"wp:featuredmedia":[{"embeddable":true,"href":"https:\/\/spotesya.com\/ikinciel\/wp-json\/wp\/v2\/media\/617"}],"wp:attachment":[{"href":"https:\/\/spotesya.com\/ikinciel\/wp-json\/wp\/v2\/media?parent=616"}],"wp:term":[{"taxonomy":"product_brand","embeddable":true,"href":"https:\/\/spotesya.com\/ikinciel\/wp-json\/wp\/v2\/product_brand?post=616"},{"taxonomy":"product_cat","embeddable":true,"href":"https:\/\/spotesya.com\/ikinciel\/wp-json\/wp\/v2\/product_cat?post=616"},{"taxonomy":"product_tag","embeddable":true,"href":"https:\/\/spotesya.com\/ikinciel\/wp-json\/wp\/v2\/product_tag?post=616"}],"curies":[{"name":"wp","href":"https:\/\/api.w.org\/{rel}","templated":true}]}}